{"id":9016,"date":"2025-07-09T07:56:35","date_gmt":"2025-07-09T06:56:35","guid":{"rendered":"https:\/\/espacetechnologie.ma\/product\/portefeuille-automatique-anti-frid\/"},"modified":"2025-08-02T12:54:23","modified_gmt":"2025-08-02T11:54:23","slug":"portefeuille-automatique-anti-frid","status":"publish","type":"product","link":"https:\/\/espacetechnologie.ma\/ar\/product\/portefeuille-automatique-anti-frid\/","title":{"rendered":"Portefeuille automatique (anti FRID)"},"content":{"rendered":"<p>Caract\u00e9ristique:<br \/>\nAffaires porte-carte est faite De haute qualit\u00e9\u00a0PU et en aluminium, L\u00e9ger. Haute qualit\u00e9. Design \u00e9l\u00e9gant.Design \u00e9l\u00e9gant et robuste La construction, les poches int\u00e9rieures contiennent des cartes de note, des cartes de visite et personnelles, Ou carte d&rsquo;identit\u00e9 et cartes de cr\u00e9dit.Stocker approximativement 12\u00a0\u00a0Cr\u00e9dit\u00a0Cartes, \u00e9galement adapt\u00e9es \u00e0 l&rsquo;identification Cartes, cartes de cr\u00e9dit, cartes-cadeaux, et plus encore. Ce porte-cartes professionnelles est fait En acier inoxydable de premi\u00e8re qualit\u00e9.\u00a0Tr\u00e8s Porte-carte d&rsquo;affaires en acier inoxydable stable et tendance, se glisse dans votre Poche, s&rsquo;adapte \u00e0 votre mallette, sac \u00e0 main; tout comme un nouveau tout le temps\u00a0Le L&rsquo;apparence et le sentiment professionnels absolus de l&rsquo;entreprise vous aideront \u00e0 laisser un Bonne premi\u00e8re impression sur vos clients, associ\u00e9s et entrepreneurs.Description:Mat\u00e9riel:\u00a0PU + aluminiumCapacit\u00e9: 12 standard\u00a0Carte de cr\u00e9ditAvantage: mince et petit Design pour Transport pratiqueTaille: 10.8 cm (L) X 9 cm (L) X\u00a03.54Cm (T) \/4.25<br \/>\nNouveau alliage d&rsquo;aluminium PU cuir hommes femmes Mini RFID portefeuille pour cartes d&rsquo;identit\u00e9 professionnelle porte carte bancaire RFID protecteur \u00e9tui porte-monnaie<br \/>\nMat\u00e9riel: cuir d&rsquo;unit\u00e9 centrale et m\u00e9tal<br \/>\nTaille: 10.8cm * 9cm * 3.5cm<br \/>\nCouleur: 5 couleurs, comme le montrent les photos<br \/>\nStyle: mini porte carte bancaire magn\u00e9tique RFID porte-monnaie \u00e0 glissi\u00e8re<br \/>\nSexe: unisexe<br \/>\n1. Veuillez nous permettre des erreurs de 1-3cm en raison de diff\u00e9rentes m\u00e9thodes de mesure manuelles<br \/>\n2. Veuillez permettre une petite diff\u00e9rence de couleur en raison de diff\u00e9rents \u00e9crans d&rsquo;ordinateur<br \/>\nMat\u00e9riel: cuir d&rsquo;unit\u00e9 centrale et m\u00e9tal<br \/>\nTaille: 10.8cm * 9cm * 3.5cm<br \/>\nCapacit\u00e9: 12 standard\u00a0Carte de cr\u00e9dit<br \/>\nAvantage: mince et petit Design pour Transport pratique<br \/>\nStyle: mini porte carte bancaire magn\u00e9tique RFID porte-monnaie \u00e0 glissi\u00e8re<\/p>","protected":false},"excerpt":{"rendered":"<p>Mat\u00e9riel: cuir d&rsquo;unit\u00e9 centrale et m\u00e9talTaille: 10.8cm * 9cm * 3.5cm<br \/>\nCapacit\u00e9: 12 standard\u00a0Carte de cr\u00e9dit<br \/>\nAvantage: mince et petit Design pour Transport pratique<br \/>\nStyle: mini porte carte bancaire magn\u00e9tique RFID porte-monnaie \u00e0 glissi\u00e8re<br \/>\nSexe: unisexe<\/p>","protected":false},"featured_media":9015,"comment_status":"open","ping_status":"closed","template":"","meta":{"event_title":"","event_details":"","event_timezone":"","event_gmap":"","event_image":"","event_image_url":"","event_calendar_link":"","event_location":"","event_datetime_with_summary":"","event_datetime":"","event_date_type":"","event_rulesummary":"","event_ticket_rsvp":"","_gspb_post_css":""},"product_brand":[],"product_cat":[82],"product_tag":[],"class_list":{"0":"post-9016","1":"product","2":"type-product","3":"status-publish","4":"has-post-thumbnail","6":"product_cat-gadgets","8":"first","9":"instock","10":"sale","11":"shipping-taxable","12":"purchasable","13":"product-type-simple"},"jetpack_sharing_enabled":true,"_links":{"self":[{"href":"https:\/\/espacetechnologie.ma\/ar\/wp-json\/wp\/v2\/product\/9016","targetHints":{"allow":["GET"]}}],"collection":[{"href":"https:\/\/espacetechnologie.ma\/ar\/wp-json\/wp\/v2\/product"}],"about":[{"href":"https:\/\/espacetechnologie.ma\/ar\/wp-json\/wp\/v2\/types\/product"}],"replies":[{"embeddable":true,"href":"https:\/\/espacetechnologie.ma\/ar\/wp-json\/wp\/v2\/comments?post=9016"}],"wp:featuredmedia":[{"embeddable":true,"href":"https:\/\/espacetechnologie.ma\/ar\/wp-json\/wp\/v2\/media\/9015"}],"wp:attachment":[{"href":"https:\/\/espacetechnologie.ma\/ar\/wp-json\/wp\/v2\/media?parent=9016"}],"wp:term":[{"taxonomy":"product_brand","embeddable":true,"href":"https:\/\/espacetechnologie.ma\/ar\/wp-json\/wp\/v2\/product_brand?post=9016"},{"taxonomy":"product_cat","embeddable":true,"href":"https:\/\/espacetechnologie.ma\/ar\/wp-json\/wp\/v2\/product_cat?post=9016"},{"taxonomy":"product_tag","embeddable":true,"href":"https:\/\/espacetechnologie.ma\/ar\/wp-json\/wp\/v2\/product_tag?post=9016"}],"curies":[{"name":"wp","href":"https:\/\/api.w.org\/{rel}","templated":true}]}}