{"id":9013,"date":"2025-07-09T07:56:35","date_gmt":"2025-07-09T06:56:35","guid":{"rendered":"https:\/\/espacetechnologie.ma\/product\/chargeur-sans-fil-pour-la-montre-samsung-gear-s3-s2-2\/"},"modified":"2025-08-02T16:13:12","modified_gmt":"2025-08-02T15:13:12","slug":"chargeur-sans-fil-pour-la-montre-samsung-gear-s3-s2-2","status":"publish","type":"product","link":"https:\/\/espacetechnologie.ma\/ar\/product\/chargeur-sans-fil-pour-la-montre-samsung-gear-s3-s2-2\/","title":{"rendered":"chargeur sans fil pour la montre Samsung Gear S3\/S2"},"content":{"rendered":"<p>Chargeur de remplacement pour Samsung Galaxy Gear S2 \/ S3 \/ Classic \/ Frontier<\/p>\n<p>Protection de charge pour prot\u00e9ger votre Samsung Galaxy Gear S3 Classic \/ Frontier contre les surcharges ou les surcharges<\/p>\n<p>Plus pratique, vous pouvez recharger votre montre intelligente chez vous, au bureau, en voiture ou dans tout autre lieu o\u00f9 vous devez recharger<\/p>\n<p>L\u00e9ger et portable, il est facile \u00e0 transporter pour votre voyage ou vos affaires \u00e0 l&rsquo;ext\u00e9rieur<\/p>\n<p>Veuillez noter: ne convient que pour Samsung Galaxy Gear S2 \/ S3 \/ Classic \/ Frontier, ne convient pas \u00e0 d&rsquo;autres mod\u00e8les. Chargeur de remplacement sans fil non fabriqu\u00e9 par Samsung<\/p>\n<p>Sp\u00e9cification:<br \/>\nEntr\u00e9e: 5V \/ 1A<br \/>\nSortie: 5V \/ 1A<br \/>\nChargeur de remplacement pour Samsung Galaxy Gear S2 \/ S3 \/ Classic \/ Frontier<br \/>\nProtection de charge pour prot\u00e9ger votre Samsung Galaxy Gear S3 Classic \/ Frontier contre les surcharges ou les surcharges<br \/>\nPlus pratique, vous pouvez recharger votre montre intelligente chez vous, au bureau, en voiture ou dans tout autre lieu o\u00f9 vous devez recharger<br \/>\nL\u00e9ger et portable, il est facile \u00e0 transporter pour votre voyage ou vos affaires \u00e0 l&rsquo;ext\u00e9rieur<br \/>\nVeuillez noter: ne convient que pour Samsung Galaxy Gear S2 \/ S3 \/ Classic \/ Frontier, ne convient pas \u00e0 d&rsquo;autres mod\u00e8les. Chargeur de remplacement sans fil non fabriqu\u00e9 par Samsung<br \/>\n1 x chargeur sans fil (la montre intelligente n&rsquo;est pas incluse)<br \/>\n1 x c\u00e2ble<\/p>","protected":false},"excerpt":{"rendered":"<p>Chargeur de remplacement pour Samsung Galaxy Gear S2 \/ S3 \/ Classic \/ Frontier Protection de charge pour prot\u00e9ger votre Samsung Galaxy Gear S3 Classic \/ Frontier contre les surcharges ou les surcharges Plus pratique, vous pouvez recharger votre montre intelligente chez vous, au bureau, en voiture ou dans tout autre lieu o\u00f9 vous devez [&hellip;]<\/p>\n","protected":false},"featured_media":9012,"comment_status":"open","ping_status":"closed","template":"","meta":{"event_title":"","event_details":"","event_timezone":"","event_gmap":"","event_image":"","event_image_url":"","event_calendar_link":"","event_location":"","event_datetime_with_summary":"","event_datetime":"","event_date_type":"","event_rulesummary":"","event_ticket_rsvp":"","_gspb_post_css":""},"product_brand":[],"product_cat":[94,91],"product_tag":[],"class_list":{"0":"post-9013","1":"product","2":"type-product","3":"status-publish","4":"has-post-thumbnail","6":"product_cat-chargeurs-smartwatch","7":"product_cat-smartwatch","9":"first","10":"instock","11":"sale","12":"shipping-taxable","13":"purchasable","14":"product-type-simple"},"jetpack_sharing_enabled":true,"_links":{"self":[{"href":"https:\/\/espacetechnologie.ma\/ar\/wp-json\/wp\/v2\/product\/9013","targetHints":{"allow":["GET"]}}],"collection":[{"href":"https:\/\/espacetechnologie.ma\/ar\/wp-json\/wp\/v2\/product"}],"about":[{"href":"https:\/\/espacetechnologie.ma\/ar\/wp-json\/wp\/v2\/types\/product"}],"replies":[{"embeddable":true,"href":"https:\/\/espacetechnologie.ma\/ar\/wp-json\/wp\/v2\/comments?post=9013"}],"wp:featuredmedia":[{"embeddable":true,"href":"https:\/\/espacetechnologie.ma\/ar\/wp-json\/wp\/v2\/media\/9012"}],"wp:attachment":[{"href":"https:\/\/espacetechnologie.ma\/ar\/wp-json\/wp\/v2\/media?parent=9013"}],"wp:term":[{"taxonomy":"product_brand","embeddable":true,"href":"https:\/\/espacetechnologie.ma\/ar\/wp-json\/wp\/v2\/product_brand?post=9013"},{"taxonomy":"product_cat","embeddable":true,"href":"https:\/\/espacetechnologie.ma\/ar\/wp-json\/wp\/v2\/product_cat?post=9013"},{"taxonomy":"product_tag","embeddable":true,"href":"https:\/\/espacetechnologie.ma\/ar\/wp-json\/wp\/v2\/product_tag?post=9013"}],"curies":[{"name":"wp","href":"https:\/\/api.w.org\/{rel}","templated":true}]}}