{"id":9005,"date":"2025-07-09T07:56:33","date_gmt":"2025-07-09T06:56:33","guid":{"rendered":"https:\/\/espacetechnologie.ma\/product\/android-camera-endoscope-etanche-ip67-1m-adaptateurs-otg-gratuit-pour-android\/"},"modified":"2025-10-20T17:37:21","modified_gmt":"2025-10-20T16:37:21","slug":"android-camera-endoscope-etanche-ip67-1m-adaptateurs-otg-gratuit-pour-android","status":"publish","type":"product","link":"https:\/\/espacetechnologie.ma\/ar\/product\/android-camera-endoscope-etanche-ip67-1m-adaptateurs-otg-gratuit-pour-android\/","title":{"rendered":"Android Camera Endoscope \u00e9tanche IP67 \/ 1M  Adaptateurs OTG gratuit pour Android"},"content":{"rendered":"<p>Cam\u00e9ra imperm\u00e9able ( 1m de profondeur pendant 30 mn).<br \/>\nPrise \u200b\u200bde photos.<br \/>\nEnregistrement de vid\u00e9o avec son.<br \/>\nCompatible \u00e0 Android et Windows.<br \/>\n6 LED ajustable.<\/p>","protected":false},"excerpt":{"rendered":"<p>AN98 7mm \u00e9tanche \u00e0 l&rsquo;eau mini endoscope cam\u00e9ra Android endoscope professionnel:<br \/>\nL&#8217;emballage comprend:<br \/>\n1 * Mini USB Endoscope\u00a0<br \/>\n1 * Petit crochet\u00a0<br \/>\n1 * Aimant\u00a0<br \/>\n1 * Audition lat\u00e9rale\u00a0<br \/>\n1 * ensemble fixe\u00a0<br \/>\n1 * Micro \u00e0 la ligne USB\u00a0<br \/>\n1 * Manuel<br \/>\n1 * Adaptateurs OTG gratuits<\/p>","protected":false},"featured_media":9004,"comment_status":"open","ping_status":"closed","template":"","meta":{"event_title":"","event_details":"","event_timezone":"","event_gmap":"","event_image":"","event_image_url":"","event_calendar_link":"","event_location":"","event_datetime_with_summary":"","event_datetime":"","event_date_type":"","event_rulesummary":"","event_ticket_rsvp":"","_gspb_post_css":""},"product_brand":[],"product_cat":[131,82],"product_tag":[],"class_list":{"0":"post-9005","1":"product","2":"type-product","3":"status-publish","4":"has-post-thumbnail","6":"product_cat-cameras","7":"product_cat-gadgets","9":"first","10":"instock","11":"sale","12":"featured","13":"shipping-taxable","14":"purchasable","15":"product-type-simple"},"jetpack_sharing_enabled":true,"_links":{"self":[{"href":"https:\/\/espacetechnologie.ma\/ar\/wp-json\/wp\/v2\/product\/9005","targetHints":{"allow":["GET"]}}],"collection":[{"href":"https:\/\/espacetechnologie.ma\/ar\/wp-json\/wp\/v2\/product"}],"about":[{"href":"https:\/\/espacetechnologie.ma\/ar\/wp-json\/wp\/v2\/types\/product"}],"replies":[{"embeddable":true,"href":"https:\/\/espacetechnologie.ma\/ar\/wp-json\/wp\/v2\/comments?post=9005"}],"wp:featuredmedia":[{"embeddable":true,"href":"https:\/\/espacetechnologie.ma\/ar\/wp-json\/wp\/v2\/media\/9004"}],"wp:attachment":[{"href":"https:\/\/espacetechnologie.ma\/ar\/wp-json\/wp\/v2\/media?parent=9005"}],"wp:term":[{"taxonomy":"product_brand","embeddable":true,"href":"https:\/\/espacetechnologie.ma\/ar\/wp-json\/wp\/v2\/product_brand?post=9005"},{"taxonomy":"product_cat","embeddable":true,"href":"https:\/\/espacetechnologie.ma\/ar\/wp-json\/wp\/v2\/product_cat?post=9005"},{"taxonomy":"product_tag","embeddable":true,"href":"https:\/\/espacetechnologie.ma\/ar\/wp-json\/wp\/v2\/product_tag?post=9005"}],"curies":[{"name":"wp","href":"https:\/\/api.w.org\/{rel}","templated":true}]}}