{"id":8999,"date":"2025-07-09T07:56:31","date_gmt":"2025-07-09T06:56:31","guid":{"rendered":"https:\/\/espacetechnologie.ma\/product\/mini-carte-son-usb-externe-7-1\/"},"modified":"2025-08-03T07:31:17","modified_gmt":"2025-08-03T06:31:17","slug":"mini-carte-son-usb-externe-7-1","status":"publish","type":"product","link":"https:\/\/espacetechnologie.ma\/ar\/product\/mini-carte-son-usb-externe-7-1\/","title":{"rendered":"Mini carte son USB externe 7.1"},"content":{"rendered":"<p>Couleur: noir<br \/>\nMat\u00e9riau: plastique<br \/>\nTaille: 56x25x18mm<br \/>\nIndicateurs LED: micro-statut muet, activit\u00e9<br \/>\nConnecteurs: USB Type A, prise de sortie st\u00e9r\u00e9o, prise d&rsquo;entr\u00e9e micro mono<br \/>\nFonctions touches: Microphone-muet, haut-parleur-muet, Volume-haut et Volume-bas<br \/>\nAucun pilote requis pour Windows 2000 \/ XP \/ Server 2003 \/ Vista, pour Linux, pour Mac OS<\/p>","protected":false},"excerpt":{"rendered":"<p>Couleur: noir Mat\u00e9riau: plastique Taille: 56x25x18mm Indicateurs LED: micro-statut muet, activit\u00e9 Connecteurs: USB Type A, prise de sortie st\u00e9r\u00e9o, prise d&rsquo;entr\u00e9e micro mono Fonctions touches: Microphone-muet, haut-parleur-muet, Volume-haut et Volume-bas Aucun pilote requis pour Windows 2000 \/ XP \/ Server 2003 \/ Vista, pour Linux, pour Mac OS<\/p>","protected":false},"featured_media":8998,"comment_status":"open","ping_status":"closed","template":"","meta":{"event_title":"","event_details":"","event_timezone":"","event_gmap":"","event_image":"","event_image_url":"","event_calendar_link":"","event_location":"","event_datetime_with_summary":"","event_datetime":"","event_date_type":"","event_rulesummary":"","event_ticket_rsvp":"","_gspb_post_css":""},"product_brand":[],"product_cat":[107,102,82,96],"product_tag":[],"class_list":{"0":"post-8999","1":"product","2":"type-product","3":"status-publish","4":"has-post-thumbnail","6":"product_cat-audio","7":"product_cat-autres-accessoires-pc","8":"product_cat-gadgets","9":"product_cat-pc","11":"first","12":"instock","13":"sale","14":"shipping-taxable","15":"purchasable","16":"product-type-simple"},"jetpack_sharing_enabled":true,"_links":{"self":[{"href":"https:\/\/espacetechnologie.ma\/ar\/wp-json\/wp\/v2\/product\/8999","targetHints":{"allow":["GET"]}}],"collection":[{"href":"https:\/\/espacetechnologie.ma\/ar\/wp-json\/wp\/v2\/product"}],"about":[{"href":"https:\/\/espacetechnologie.ma\/ar\/wp-json\/wp\/v2\/types\/product"}],"replies":[{"embeddable":true,"href":"https:\/\/espacetechnologie.ma\/ar\/wp-json\/wp\/v2\/comments?post=8999"}],"wp:featuredmedia":[{"embeddable":true,"href":"https:\/\/espacetechnologie.ma\/ar\/wp-json\/wp\/v2\/media\/8998"}],"wp:attachment":[{"href":"https:\/\/espacetechnologie.ma\/ar\/wp-json\/wp\/v2\/media?parent=8999"}],"wp:term":[{"taxonomy":"product_brand","embeddable":true,"href":"https:\/\/espacetechnologie.ma\/ar\/wp-json\/wp\/v2\/product_brand?post=8999"},{"taxonomy":"product_cat","embeddable":true,"href":"https:\/\/espacetechnologie.ma\/ar\/wp-json\/wp\/v2\/product_cat?post=8999"},{"taxonomy":"product_tag","embeddable":true,"href":"https:\/\/espacetechnologie.ma\/ar\/wp-json\/wp\/v2\/product_tag?post=8999"}],"curies":[{"name":"wp","href":"https:\/\/api.w.org\/{rel}","templated":true}]}}