{"id":8975,"date":"2025-07-09T07:56:27","date_gmt":"2025-07-09T06:56:27","guid":{"rendered":"https:\/\/espacetechnologie.ma\/product\/lampe-art-decoratif-multicouleur-forme-spirale-3w-2\/"},"modified":"2025-08-02T12:54:21","modified_gmt":"2025-08-02T11:54:21","slug":"lampe-art-decoratif-multicouleur-forme-spirale-3w-2","status":"publish","type":"product","link":"https:\/\/espacetechnologie.ma\/ar\/product\/lampe-art-decoratif-multicouleur-forme-spirale-3w-2\/","title":{"rendered":"Lampe art d\u00e9coratif Multicouleur forme Spirale 3W"},"content":{"rendered":"<p>3 W color\u00e9 Dimmable LED moderne applique murale spirale lumi\u00e8re effet appliques avec t\u00e9l\u00e9commande pour KTV\/Bar\/h\u00f4tel\/chambre Luminaire<br \/>\nCaract\u00e9ristiques:<br \/>\nIl produit une belle lumi\u00e8re \u00e0 effet spirale de 360 degr\u00e9s sur les murs ou les plafonds.<br \/>\nParfait pour le salon, la chambre \u00e0 coucher, le couloir, les escaliers, le couloir, le Bar, le caf\u00e9, etc.<br \/>\nLumi\u00e8re d&rsquo;ambiance<br \/>\nD\u00e9coration veilleuse<br \/>\nDesign Cool de la lumi\u00e8re \u00e0 effet spirale, il perfome non seulement une lumi\u00e8re de d\u00e9coration pour votre maison, mais aussi une veilleuse.<br \/>\nParam\u00e8tre principal:<br \/>\nNom du produit: applique en spirale LED<br \/>\nCouleur de la lumi\u00e8re: rvb, peut couleur et luminosit\u00e9 r\u00e9glables.<br \/>\nPuissance: 3 W<br \/>\nEntr\u00e9e: ca 85-265 V<br \/>\nLumineux: 270-300 LM<br \/>\nTaille de l&rsquo;article: 5.3*7 cm\/2. * 2.75<br \/>\nForme: lumi\u00e8re creuse de cylindre<br \/>\nMat\u00e9riau: Aluminium<br \/>\nLa couleur de la coque: argent<br \/>\n? Installation: c\u00e2bl\u00e9, mural, Installation en Surface.<br \/>\nRemarque: utilisation en int\u00e9rieur seulement, pas \u00e9tanche.<br \/>\nSource de lumi\u00e8re: LED<br \/>\nEmballage:<br \/>\n1 x mur LED lampe<\/p>","protected":false},"excerpt":{"rendered":"<p>Lampe Multicouleur<br \/>\nUtilisation Plafonnier ou Applique<br \/>\nConsommation 3W<br \/>\nMati\u00e8re alluminium<br \/>\nMesure 55x71mm<\/p>","protected":false},"featured_media":8974,"comment_status":"open","ping_status":"closed","template":"","meta":{"event_title":"","event_details":"","event_timezone":"","event_gmap":"","event_image":"","event_image_url":"","event_calendar_link":"","event_location":"","event_datetime_with_summary":"","event_datetime":"","event_date_type":"","event_rulesummary":"","event_ticket_rsvp":"","_gspb_post_css":""},"product_brand":[],"product_cat":[82],"product_tag":[],"class_list":{"0":"post-8975","1":"product","2":"type-product","3":"status-publish","4":"has-post-thumbnail","6":"product_cat-gadgets","8":"first","9":"instock","10":"sale","11":"shipping-taxable","12":"purchasable","13":"product-type-simple"},"jetpack_sharing_enabled":true,"_links":{"self":[{"href":"https:\/\/espacetechnologie.ma\/ar\/wp-json\/wp\/v2\/product\/8975","targetHints":{"allow":["GET"]}}],"collection":[{"href":"https:\/\/espacetechnologie.ma\/ar\/wp-json\/wp\/v2\/product"}],"about":[{"href":"https:\/\/espacetechnologie.ma\/ar\/wp-json\/wp\/v2\/types\/product"}],"replies":[{"embeddable":true,"href":"https:\/\/espacetechnologie.ma\/ar\/wp-json\/wp\/v2\/comments?post=8975"}],"wp:featuredmedia":[{"embeddable":true,"href":"https:\/\/espacetechnologie.ma\/ar\/wp-json\/wp\/v2\/media\/8974"}],"wp:attachment":[{"href":"https:\/\/espacetechnologie.ma\/ar\/wp-json\/wp\/v2\/media?parent=8975"}],"wp:term":[{"taxonomy":"product_brand","embeddable":true,"href":"https:\/\/espacetechnologie.ma\/ar\/wp-json\/wp\/v2\/product_brand?post=8975"},{"taxonomy":"product_cat","embeddable":true,"href":"https:\/\/espacetechnologie.ma\/ar\/wp-json\/wp\/v2\/product_cat?post=8975"},{"taxonomy":"product_tag","embeddable":true,"href":"https:\/\/espacetechnologie.ma\/ar\/wp-json\/wp\/v2\/product_tag?post=8975"}],"curies":[{"name":"wp","href":"https:\/\/api.w.org\/{rel}","templated":true}]}}