{"id":8966,"date":"2025-07-09T07:56:25","date_gmt":"2025-07-09T06:56:25","guid":{"rendered":"https:\/\/espacetechnologie.ma\/product\/telecommande-bluetooth-pour-pour-tv-box-ipstation\/"},"modified":"2025-08-03T07:00:15","modified_gmt":"2025-08-03T06:00:15","slug":"telecommande-bluetooth-pour-pour-tv-box-ipstation","status":"publish","type":"product","link":"https:\/\/espacetechnologie.ma\/ar\/product\/telecommande-bluetooth-pour-pour-tv-box-ipstation\/","title":{"rendered":"T\u00e9l\u00e9commande Bluetooth pour Pour TV Box ipstation"},"content":{"rendered":"<p>100% neuf et de haute qualit\u00e9!<br \/>\nMat\u00e9riel: Plastique<br \/>\nTaille: 14*4cm\/5.51*1.57in<br \/>\nCouleur: noir<br \/>\nLe paquet comprend: 1 pi\u00e8ces<\/p>","protected":false},"excerpt":{"rendered":"<p>Description de l&rsquo;article<br \/>\n100% neuf et de haute qualit\u00e9!<br \/>\nMat\u00e9riel: Plastique<br \/>\nTaille: 14*4cm\/5.51*1.57in<br \/>\nCouleur: noir<br \/>\nLe paquet comprend:<br \/>\n1 pi\u00e8ces<\/p>","protected":false},"featured_media":8965,"comment_status":"open","ping_status":"closed","template":"","meta":{"event_title":"","event_details":"","event_timezone":"","event_gmap":"","event_image":"","event_image_url":"","event_calendar_link":"","event_location":"","event_datetime_with_summary":"","event_datetime":"","event_date_type":"","event_rulesummary":"","event_ticket_rsvp":"","_gspb_post_css":""},"product_brand":[],"product_cat":[125,123],"product_tag":[],"class_list":{"0":"post-8966","1":"product","2":"type-product","3":"status-publish","4":"has-post-thumbnail","6":"product_cat-autres-accessoires-tv","7":"product_cat-tv","9":"first","10":"instock","11":"sale","12":"shipping-taxable","13":"purchasable","14":"product-type-simple"},"jetpack_sharing_enabled":true,"_links":{"self":[{"href":"https:\/\/espacetechnologie.ma\/ar\/wp-json\/wp\/v2\/product\/8966","targetHints":{"allow":["GET"]}}],"collection":[{"href":"https:\/\/espacetechnologie.ma\/ar\/wp-json\/wp\/v2\/product"}],"about":[{"href":"https:\/\/espacetechnologie.ma\/ar\/wp-json\/wp\/v2\/types\/product"}],"replies":[{"embeddable":true,"href":"https:\/\/espacetechnologie.ma\/ar\/wp-json\/wp\/v2\/comments?post=8966"}],"wp:featuredmedia":[{"embeddable":true,"href":"https:\/\/espacetechnologie.ma\/ar\/wp-json\/wp\/v2\/media\/8965"}],"wp:attachment":[{"href":"https:\/\/espacetechnologie.ma\/ar\/wp-json\/wp\/v2\/media?parent=8966"}],"wp:term":[{"taxonomy":"product_brand","embeddable":true,"href":"https:\/\/espacetechnologie.ma\/ar\/wp-json\/wp\/v2\/product_brand?post=8966"},{"taxonomy":"product_cat","embeddable":true,"href":"https:\/\/espacetechnologie.ma\/ar\/wp-json\/wp\/v2\/product_cat?post=8966"},{"taxonomy":"product_tag","embeddable":true,"href":"https:\/\/espacetechnologie.ma\/ar\/wp-json\/wp\/v2\/product_tag?post=8966"}],"curies":[{"name":"wp","href":"https:\/\/api.w.org\/{rel}","templated":true}]}}