{"id":8950,"date":"2025-07-09T07:56:21","date_gmt":"2025-07-09T06:56:21","guid":{"rendered":"https:\/\/espacetechnologie.ma\/product\/kit-microphone-a-condensateur-professionnel-pour-studio\/"},"modified":"2025-08-02T13:36:10","modified_gmt":"2025-08-02T12:36:10","slug":"kit-microphone-a-condensateur-professionnel-pour-studio","status":"publish","type":"product","link":"https:\/\/espacetechnologie.ma\/ar\/product\/kit-microphone-a-condensateur-professionnel-pour-studio\/","title":{"rendered":"Kit Microphone \u00e0 condensateur professionnel, pour Studio"},"content":{"rendered":"<p>1. Adopter le noyau de micro de 26\/34mm, qui a la sensibilit\u00e9 \u00e9lev\u00e9e pour ramasser votre voix et la rendre plus claire.<br \/>\n2. Le ramassage de directivit\u00e9 cardio\u00efde peut am\u00e9liorer efficacement la source sonore principale, inhiber le bruit de fond.<br \/>\n3. L&rsquo;ontologie du microphone utilisant la fabrication de mat\u00e9riaux en alliage, solide et durable.<br \/>\n4. Convient pour le studio sonore voix-off, l&rsquo;enregistrement, les performances sur sc\u00e8ne, etc.<\/p>","protected":false},"excerpt":{"rendered":"<p>Caract\u00e9ristiques<br \/>\n1. Adopter le noyau de micro de 26\/34mm, qui a la sensibilit\u00e9 \u00e9lev\u00e9e pour ramasser votre voix et la rendre plus claire.<br \/>\n2. Le ramassage de directivit\u00e9 cardio\u00efde peut am\u00e9liorer efficacement la source sonore principale, inhiber le bruit de fond.<br \/>\n3. L&rsquo;ontologie du microphone utilisant la fabrication de mat\u00e9riaux en alliage, solide et durable.<br \/>\n4. Convient pour le studio sonore voix-off, l&rsquo;enregistrement, les performances sur sc\u00e8ne, etc.<br \/>\n1 * microphone \u00e0 condensateur<br \/>\n1 * cordon d&rsquo;alimentation<br \/>\n1 * capuchon en mousse anti-vent<br \/>\n1 * support r\u00e9sistant aux secousses<br \/>\n1 * utilisateur manua<\/p>","protected":false},"featured_media":8949,"comment_status":"open","ping_status":"closed","template":"","meta":{"event_title":"","event_details":"","event_timezone":"","event_gmap":"","event_image":"","event_image_url":"","event_calendar_link":"","event_location":"","event_datetime_with_summary":"","event_datetime":"","event_date_type":"","event_rulesummary":"","event_ticket_rsvp":"","_gspb_post_css":""},"product_brand":[],"product_cat":[107,111],"product_tag":[],"class_list":{"0":"post-8950","1":"product","2":"type-product","3":"status-publish","4":"has-post-thumbnail","6":"product_cat-audio","7":"product_cat-microphones","9":"first","10":"instock","11":"sale","12":"shipping-taxable","13":"purchasable","14":"product-type-simple"},"jetpack_sharing_enabled":true,"_links":{"self":[{"href":"https:\/\/espacetechnologie.ma\/ar\/wp-json\/wp\/v2\/product\/8950","targetHints":{"allow":["GET"]}}],"collection":[{"href":"https:\/\/espacetechnologie.ma\/ar\/wp-json\/wp\/v2\/product"}],"about":[{"href":"https:\/\/espacetechnologie.ma\/ar\/wp-json\/wp\/v2\/types\/product"}],"replies":[{"embeddable":true,"href":"https:\/\/espacetechnologie.ma\/ar\/wp-json\/wp\/v2\/comments?post=8950"}],"wp:featuredmedia":[{"embeddable":true,"href":"https:\/\/espacetechnologie.ma\/ar\/wp-json\/wp\/v2\/media\/8949"}],"wp:attachment":[{"href":"https:\/\/espacetechnologie.ma\/ar\/wp-json\/wp\/v2\/media?parent=8950"}],"wp:term":[{"taxonomy":"product_brand","embeddable":true,"href":"https:\/\/espacetechnologie.ma\/ar\/wp-json\/wp\/v2\/product_brand?post=8950"},{"taxonomy":"product_cat","embeddable":true,"href":"https:\/\/espacetechnologie.ma\/ar\/wp-json\/wp\/v2\/product_cat?post=8950"},{"taxonomy":"product_tag","embeddable":true,"href":"https:\/\/espacetechnologie.ma\/ar\/wp-json\/wp\/v2\/product_tag?post=8950"}],"curies":[{"name":"wp","href":"https:\/\/api.w.org\/{rel}","templated":true}]}}