{"id":8940,"date":"2025-07-09T07:56:19","date_gmt":"2025-07-09T06:56:19","guid":{"rendered":"https:\/\/espacetechnologie.ma\/product\/bande-lumineuse-led-feux-dartifice-controle-du-son-rvb-deconnexion-2\/"},"modified":"2025-10-23T00:03:37","modified_gmt":"2025-10-22T23:03:37","slug":"bande-lumineuse-led-feux-dartifice-controle-du-son-rvb-deconnexion-2","status":"publish","type":"product","link":"https:\/\/espacetechnologie.ma\/ar\/product\/bande-lumineuse-led-feux-dartifice-controle-du-son-rvb-deconnexion-2\/","title":{"rendered":"Bande lumineuse LED feux d&rsquo;artifice, contr\u00f4le du son RVB, d\u00e9connexion"},"content":{"rendered":"<p>Lumi\u00e8re de feux d&rsquo;artifice de la symphonie SMD5050<br \/>\nTension d&rsquo;entr\u00e9e: 5(V) 2A<br \/>\nLED lampe perle mod\u00e8le: 5050<br \/>\nNombre de perles de lampe LED: 24 (pi\u00e8ces\/m\u00e8tre)<br \/>\nLumens simples de perle de lampe: 14 (LM)<br \/>\nAngle de faisceau: 180 (degr\u00e9s)<br \/>\nFacteur de puissance: 3 W\/m<br \/>\nDimmable: Oui<br \/>\nM\u00e9thode de contr\u00f4le: t\u00e9l\u00e9commande, Bluetooth APP, boutons physiques, synchronisation de la musique<br \/>\nCouleur: 16 millions de couleurs RGBIC (plusieurs couleurs peuvent \u00eatre affich\u00e9es en m\u00eame temps)<\/p>","protected":false},"excerpt":{"rendered":"<p>Andrea Firework-Bande lumineuse LED avec partage du son de la musique, RVB, Proxy Staragity, DC 5V, USB<br \/>\n1 * feux d&rsquo;artifice lumi\u00e8re<br \/>\n1 * t\u00e9l\u00e9commande<br \/>\n1 * Description de l&rsquo;utilisateur<\/p>","protected":false},"featured_media":8939,"comment_status":"open","ping_status":"closed","template":"","meta":{"event_title":"","event_details":"","event_timezone":"","event_gmap":"","event_image":"","event_image_url":"","event_calendar_link":"","event_location":"","event_datetime_with_summary":"","event_datetime":"","event_date_type":"","event_rulesummary":"","event_ticket_rsvp":"","_gspb_post_css":""},"product_brand":[],"product_cat":[82],"product_tag":[],"class_list":{"0":"post-8940","1":"product","2":"type-product","3":"status-publish","4":"has-post-thumbnail","6":"product_cat-gadgets","8":"first","9":"instock","10":"sale","11":"featured","12":"shipping-taxable","13":"purchasable","14":"product-type-simple"},"jetpack_sharing_enabled":true,"_links":{"self":[{"href":"https:\/\/espacetechnologie.ma\/ar\/wp-json\/wp\/v2\/product\/8940","targetHints":{"allow":["GET"]}}],"collection":[{"href":"https:\/\/espacetechnologie.ma\/ar\/wp-json\/wp\/v2\/product"}],"about":[{"href":"https:\/\/espacetechnologie.ma\/ar\/wp-json\/wp\/v2\/types\/product"}],"replies":[{"embeddable":true,"href":"https:\/\/espacetechnologie.ma\/ar\/wp-json\/wp\/v2\/comments?post=8940"}],"wp:featuredmedia":[{"embeddable":true,"href":"https:\/\/espacetechnologie.ma\/ar\/wp-json\/wp\/v2\/media\/8939"}],"wp:attachment":[{"href":"https:\/\/espacetechnologie.ma\/ar\/wp-json\/wp\/v2\/media?parent=8940"}],"wp:term":[{"taxonomy":"product_brand","embeddable":true,"href":"https:\/\/espacetechnologie.ma\/ar\/wp-json\/wp\/v2\/product_brand?post=8940"},{"taxonomy":"product_cat","embeddable":true,"href":"https:\/\/espacetechnologie.ma\/ar\/wp-json\/wp\/v2\/product_cat?post=8940"},{"taxonomy":"product_tag","embeddable":true,"href":"https:\/\/espacetechnologie.ma\/ar\/wp-json\/wp\/v2\/product_tag?post=8940"}],"curies":[{"name":"wp","href":"https:\/\/api.w.org\/{rel}","templated":true}]}}