{"id":8935,"date":"2025-07-09T07:56:18","date_gmt":"2025-07-09T06:56:18","guid":{"rendered":"https:\/\/espacetechnologie.ma\/product\/cable-de-charge-rapide-type-c-iphone\/"},"modified":"2025-08-03T07:59:24","modified_gmt":"2025-08-03T06:59:24","slug":"cable-de-charge-rapide-type-c-iphone","status":"publish","type":"product","link":"https:\/\/espacetechnologie.ma\/ar\/product\/cable-de-charge-rapide-type-c-iphone\/","title":{"rendered":"c\u00e2ble de charge rapide (type-C\/ iPhone)"},"content":{"rendered":"<p>Nom: la foudre de ligne de donn\u00e9es de PD pour usb c la foudre de usb c<br \/>\nCouleur: Blanc<br \/>\nLongueur: 1\/2 compteur<br \/>\nCourant: 3A<br \/>\nPuissance: 18W<br \/>\nInterface: type-c \u00e0 l&rsquo;\u00e9clairage<br \/>\nMat\u00e9riel: TPE<\/p>","protected":false},"excerpt":{"rendered":"<p>Nom: la foudre de ligne de donn\u00e9es de PD pour usb c la foudre de usb c Couleur: Blanc Longueur: 1\/2 compteur Courant: 3A Puissance: 18W Interface: type-c \u00e0 l&rsquo;\u00e9clairage Mat\u00e9riel: TPE<\/p>","protected":false},"featured_media":8934,"comment_status":"open","ping_status":"closed","template":"","meta":{"event_title":"","event_details":"","event_timezone":"","event_gmap":"","event_image":"","event_image_url":"","event_calendar_link":"","event_location":"","event_datetime_with_summary":"","event_datetime":"","event_date_type":"","event_rulesummary":"","event_ticket_rsvp":"","_gspb_post_css":""},"product_brand":[],"product_cat":[86,84],"product_tag":[],"class_list":{"0":"post-8935","1":"product","2":"type-product","3":"status-publish","4":"has-post-thumbnail","6":"product_cat-cables","7":"product_cat-smartphone","9":"first","10":"instock","11":"sale","12":"shipping-taxable","13":"purchasable","14":"product-type-simple"},"jetpack_sharing_enabled":true,"_links":{"self":[{"href":"https:\/\/espacetechnologie.ma\/ar\/wp-json\/wp\/v2\/product\/8935","targetHints":{"allow":["GET"]}}],"collection":[{"href":"https:\/\/espacetechnologie.ma\/ar\/wp-json\/wp\/v2\/product"}],"about":[{"href":"https:\/\/espacetechnologie.ma\/ar\/wp-json\/wp\/v2\/types\/product"}],"replies":[{"embeddable":true,"href":"https:\/\/espacetechnologie.ma\/ar\/wp-json\/wp\/v2\/comments?post=8935"}],"wp:featuredmedia":[{"embeddable":true,"href":"https:\/\/espacetechnologie.ma\/ar\/wp-json\/wp\/v2\/media\/8934"}],"wp:attachment":[{"href":"https:\/\/espacetechnologie.ma\/ar\/wp-json\/wp\/v2\/media?parent=8935"}],"wp:term":[{"taxonomy":"product_brand","embeddable":true,"href":"https:\/\/espacetechnologie.ma\/ar\/wp-json\/wp\/v2\/product_brand?post=8935"},{"taxonomy":"product_cat","embeddable":true,"href":"https:\/\/espacetechnologie.ma\/ar\/wp-json\/wp\/v2\/product_cat?post=8935"},{"taxonomy":"product_tag","embeddable":true,"href":"https:\/\/espacetechnologie.ma\/ar\/wp-json\/wp\/v2\/product_tag?post=8935"}],"curies":[{"name":"wp","href":"https:\/\/api.w.org\/{rel}","templated":true}]}}