{"id":8931,"date":"2025-07-09T07:56:18","date_gmt":"2025-07-09T06:56:18","guid":{"rendered":"https:\/\/espacetechnologie.ma\/product\/shtel-cable-de-charge-3-en-1\/"},"modified":"2025-08-03T07:37:03","modified_gmt":"2025-08-03T06:37:03","slug":"shtel-cable-de-charge-3-en-1","status":"publish","type":"product","link":"https:\/\/espacetechnologie.ma\/ar\/product\/shtel-cable-de-charge-3-en-1\/","title":{"rendered":"Shtel C\u00e2ble de charge 3 en 1"},"content":{"rendered":"<p>\u2022 C\u00e2ble 3-en-1:Ce c\u00e2ble est compatible avec les appareils iPhone 15,14,13,12,Promax,11, Samsung, Xiaomi et Mi, ce qui en fait un choix polyvalent pour tous vos besoins de charge.<br \/>\n\u2022 Puissance de sortie \u00e9lev\u00e9e:Ce c\u00e2ble a un courant de 5A maximum et un connecteur de type c, qui peut g\u00e9rer une puissance de sortie \u00e9lev\u00e9e pour assurer une charge rapide et efficace.<br \/>\n\u2022 Toutes les fonctions en une:Ce c\u00e2ble a tous les connecteurs n\u00e9cessaires dans un seul paquet, ce qui en fait un choix pratique et pratique pour les utilisateurs qui ont besoin de plusieurs c\u00e2bles.<br \/>\n\u2022 Certification RoHS:Le c\u00e2ble a pass\u00e9 la certification de RoHS pour s&rsquo;assurer qu&rsquo;il r\u00e9pond aux normes de s\u00e9curit\u00e9 et environnementales n\u00e9cessaires.<br \/>\n\u2022 C\u00e2ble 3-en-1:Ce c\u00e2ble est compatible avec l&rsquo;iPhone 14 13 12 Pro 11, Samsung, Xiaomi et MacBook, ce qui en fait un choix polyvalent pour tous vos besoins de charge.<br \/>\n\u2022 Puissance de sortie \u00e9lev\u00e9e:Le courant Max est 5A et connecteur type-c, ce c\u00e2ble peut charger vos appareils rapidement et efficacement.<br \/>\n\u2022 Toutes les fonctions en une:Ce c\u00e2ble a plusieurs connecteurs, y compris Micro USB et type-c, ce qui en fait un choix pratique pour les utilisateurs qui ont besoin de charger plusieurs appareils.<br \/>\n\u2022 Certification RoHS:Ce c\u00e2ble est RoHS certifi\u00e9 pour assurer la conformit\u00e9 aux normes de s\u00e9curit\u00e9 et environnementales.<br \/>\nSp\u00e9cifications:<br \/>\nMat\u00e9riel: alliage d&rsquo;aluminium + nylon tiss\u00e9<br \/>\nCouleur: noir, bleu, violet<br \/>\nInterface d&rsquo;entr\u00e9e: USB + type-c<br \/>\nInterface de sortie: Micro + iP + type-c<br \/>\nLongueur: 1.2m<\/p>","protected":false},"excerpt":{"rendered":"<p>100W enti\u00e8rement compatible avec deux \u00e0 trois c\u00e2bles de charge rapide<br \/>\nPuissance 100W \u00e9lev\u00e9e<br \/>\n5.1 A charge rapide<br \/>\nCompatible avec PD 20W\/27W 18W\/QC 18W<br \/>\nNoyau \u00e9paissi de 8 brins<\/p>","protected":false},"featured_media":8930,"comment_status":"open","ping_status":"closed","template":"","meta":{"event_title":"","event_details":"","event_timezone":"","event_gmap":"","event_image":"","event_image_url":"","event_calendar_link":"","event_location":"","event_datetime_with_summary":"","event_datetime":"","event_date_type":"","event_rulesummary":"","event_ticket_rsvp":"","_gspb_post_css":""},"product_brand":[],"product_cat":[86,82,84],"product_tag":[],"class_list":{"0":"post-8931","1":"product","2":"type-product","3":"status-publish","4":"has-post-thumbnail","6":"product_cat-cables","7":"product_cat-gadgets","8":"product_cat-smartphone","10":"first","11":"instock","12":"sale","13":"shipping-taxable","14":"purchasable","15":"product-type-simple"},"jetpack_sharing_enabled":true,"_links":{"self":[{"href":"https:\/\/espacetechnologie.ma\/ar\/wp-json\/wp\/v2\/product\/8931","targetHints":{"allow":["GET"]}}],"collection":[{"href":"https:\/\/espacetechnologie.ma\/ar\/wp-json\/wp\/v2\/product"}],"about":[{"href":"https:\/\/espacetechnologie.ma\/ar\/wp-json\/wp\/v2\/types\/product"}],"replies":[{"embeddable":true,"href":"https:\/\/espacetechnologie.ma\/ar\/wp-json\/wp\/v2\/comments?post=8931"}],"wp:featuredmedia":[{"embeddable":true,"href":"https:\/\/espacetechnologie.ma\/ar\/wp-json\/wp\/v2\/media\/8930"}],"wp:attachment":[{"href":"https:\/\/espacetechnologie.ma\/ar\/wp-json\/wp\/v2\/media?parent=8931"}],"wp:term":[{"taxonomy":"product_brand","embeddable":true,"href":"https:\/\/espacetechnologie.ma\/ar\/wp-json\/wp\/v2\/product_brand?post=8931"},{"taxonomy":"product_cat","embeddable":true,"href":"https:\/\/espacetechnologie.ma\/ar\/wp-json\/wp\/v2\/product_cat?post=8931"},{"taxonomy":"product_tag","embeddable":true,"href":"https:\/\/espacetechnologie.ma\/ar\/wp-json\/wp\/v2\/product_tag?post=8931"}],"curies":[{"name":"wp","href":"https:\/\/api.w.org\/{rel}","templated":true}]}}