{"id":8926,"date":"2025-07-09T07:56:17","date_gmt":"2025-07-09T06:56:17","guid":{"rendered":"https:\/\/espacetechnologie.ma\/product\/%d9%85%d9%8a%d9%83%d8%b1%d9%88%d9%81%d9%88%d9%86-%d8%a8%d9%85%d9%83%d8%ab%d9%81-bm-800-%d9%85%d8%b9-%d8%a8%d8%b7%d8%a7%d9%82%d8%a9-%d8%b5%d9%88%d8%aa-%d8%a8%d9%84%d9%88%d8%aa%d9%88%d8%ab-%d8%b1%d8%a6\/"},"modified":"2025-08-02T13:20:51","modified_gmt":"2025-08-02T12:20:51","slug":"%d9%85%d9%8a%d9%83%d8%b1%d9%88%d9%81%d9%88%d9%86-%d8%a8%d9%85%d9%83%d8%ab%d9%81-bm-800-%d9%85%d8%b9-%d8%a8%d8%b7%d8%a7%d9%82%d8%a9-%d8%b5%d9%88%d8%aa-%d8%a8%d9%84%d9%88%d8%aa%d9%88%d8%ab-%d8%b1%d8%a6","status":"publish","type":"product","link":"https:\/\/espacetechnologie.ma\/ar\/product\/%d9%85%d9%8a%d9%83%d8%b1%d9%88%d9%81%d9%88%d9%86-%d8%a8%d9%85%d9%83%d8%ab%d9%81-bm-800-%d9%85%d8%b9-%d8%a8%d8%b7%d8%a7%d9%82%d8%a9-%d8%b5%d9%88%d8%aa-%d8%a8%d9%84%d9%88%d8%aa%d9%88%d8%ab-%d8%b1%d8%a6\/","title":{"rendered":"\u0645\u064a\u0643\u0631\u0648\u0641\u0648\u0646 \u0628\u0645\u0643\u062b\u0641 BM-800 \u0645\u0639 \u0628\u0637\u0627\u0642\u0629 \u0635\u0648\u062a \u0628\u0644\u0648\u062a\u0648\u062b \u0631\u0626\u064a\u0633\u064a\u0629 v8"},"content":{"rendered":"<p>Polarit\u00e9 mode: cardio\u00efde<br \/>\nPolarit\u00e9 mode: unidirectionnel<br \/>\nR\u00e9ponse en fr\u00e9quence: 20Hz-20KHz<br \/>\nSensibilit\u00e9:-34db \u00b1 2db (0db = 1 V\/PA)<br \/>\nImp\u00e9dance de sortie: 150 \u03a9 \u00b1 30% (\u00e0 1kHz)<br \/>\nSNR: 78 DB<br \/>\nTension Applicable: alimentation fant\u00f4me 48V<br \/>\nSortie Audio: 5mm x 3m<br \/>\nConsommation actuelle: 3mA<\/p>","protected":false},"excerpt":{"rendered":"<p>Bm 800 Micro Studio Kits D&rsquo;enregistrement bm800 Microphone \u00c0 Condensateur pour Ordinateur Alimentation fant\u00f4me bm-800 Karaok\u00e9 micro Carte Son<\/p>","protected":false},"featured_media":8925,"comment_status":"open","ping_status":"closed","template":"","meta":{"event_title":"","event_details":"","event_timezone":"","event_gmap":"","event_image":"","event_image_url":"","event_calendar_link":"","event_location":"","event_datetime_with_summary":"","event_datetime":"","event_date_type":"","event_rulesummary":"","event_ticket_rsvp":"","_gspb_post_css":""},"product_brand":[],"product_cat":[107,111],"product_tag":[],"class_list":{"0":"post-8926","1":"product","2":"type-product","3":"status-publish","4":"has-post-thumbnail","6":"product_cat-audio","7":"product_cat-microphones","9":"first","10":"instock","11":"sale","12":"shipping-taxable","13":"purchasable","14":"product-type-simple"},"jetpack_sharing_enabled":true,"_links":{"self":[{"href":"https:\/\/espacetechnologie.ma\/ar\/wp-json\/wp\/v2\/product\/8926","targetHints":{"allow":["GET"]}}],"collection":[{"href":"https:\/\/espacetechnologie.ma\/ar\/wp-json\/wp\/v2\/product"}],"about":[{"href":"https:\/\/espacetechnologie.ma\/ar\/wp-json\/wp\/v2\/types\/product"}],"replies":[{"embeddable":true,"href":"https:\/\/espacetechnologie.ma\/ar\/wp-json\/wp\/v2\/comments?post=8926"}],"wp:featuredmedia":[{"embeddable":true,"href":"https:\/\/espacetechnologie.ma\/ar\/wp-json\/wp\/v2\/media\/8925"}],"wp:attachment":[{"href":"https:\/\/espacetechnologie.ma\/ar\/wp-json\/wp\/v2\/media?parent=8926"}],"wp:term":[{"taxonomy":"product_brand","embeddable":true,"href":"https:\/\/espacetechnologie.ma\/ar\/wp-json\/wp\/v2\/product_brand?post=8926"},{"taxonomy":"product_cat","embeddable":true,"href":"https:\/\/espacetechnologie.ma\/ar\/wp-json\/wp\/v2\/product_cat?post=8926"},{"taxonomy":"product_tag","embeddable":true,"href":"https:\/\/espacetechnologie.ma\/ar\/wp-json\/wp\/v2\/product_tag?post=8926"}],"curies":[{"name":"wp","href":"https:\/\/api.w.org\/{rel}","templated":true}]}}