{"id":8918,"date":"2025-07-09T07:56:15","date_gmt":"2025-07-09T06:56:15","guid":{"rendered":"https:\/\/espacetechnologie.ma\/product\/support-de-telephone-de-chargeur-de-voiture-qi-sans-fil-dans-levent-de-voiture-pour-iphone-xs-max-x-xr-8-rapide-dock-de-chargement-sans-fil-dropship\/"},"modified":"2025-08-05T18:24:23","modified_gmt":"2025-08-05T17:24:23","slug":"support-de-telephone-de-chargeur-de-voiture-qi-sans-fil-dans-levent-de-voiture-pour-iphone-xs-max-x-xr-8-rapide-dock-de-chargement-sans-fil-dropship","status":"publish","type":"product","link":"https:\/\/espacetechnologie.ma\/ar\/product\/support-de-telephone-de-chargeur-de-voiture-qi-sans-fil-dans-levent-de-voiture-pour-iphone-xs-max-x-xr-8-rapide-dock-de-chargement-sans-fil-dropship\/","title":{"rendered":"Support de t\u00e9l\u00e9phone de chargeur de voiture Qi sans fil dans l&rsquo;\u00e9vent de voiture pour iPhone XS Max X XR 8 rapide dock de chargement sans fil Dropship"},"content":{"rendered":"<p>Type: chargeur de voiture<br \/>\nSortie: 5V \/ 1A<br \/>\nMarque compatible: universelle<br \/>\nNum\u00e9ro de mod\u00e8le: chargeur sans fil<br \/>\nSource d&rsquo;alimentation: USB<br \/>\nCertification de qualit\u00e9: CE<br \/>\nInterface de sortie: Aucune<br \/>\nProduit: chargeur sans fil<br \/>\nType: Quai de chargement<br \/>\nType2: chargeur de mode<br \/>\nType3: Accessoires de t\u00e9l\u00e9phone<br \/>\nCostume 1: support de t\u00e9l\u00e9phone<br \/>\nSuit 2: En voiture Air Vent<\/p>","protected":false},"excerpt":{"rendered":"<p>Soutenez parfaitement toutes sortes de voitures haut de gamme, charge sans fil, conduite plus commode et s\u00fbre. \u00a0Anti-choc, antid\u00e9rapant, rotation \u00e0 360 \u00b0.<br \/>\nEmballage inclus:<br \/>\n1 * chargeur de voiture sans fil<br \/>\n1 * sortie d&rsquo;air \/ support<br \/>\nRM16664747987496121<\/p>","protected":false},"featured_media":8917,"comment_status":"open","ping_status":"closed","template":"","meta":{"event_title":"","event_details":"","event_timezone":"","event_gmap":"","event_image":"","event_image_url":"","event_calendar_link":"","event_location":"","event_datetime_with_summary":"","event_datetime":"","event_date_type":"","event_rulesummary":"","event_ticket_rsvp":"","_gspb_post_css":""},"product_brand":[],"product_cat":[114,85,84,113],"product_tag":[],"class_list":{"0":"post-8918","1":"product","2":"type-product","3":"status-publish","4":"has-post-thumbnail","6":"product_cat-accessoires-voiture","7":"product_cat-chargeurs-telephone","8":"product_cat-smartphone","9":"product_cat-voiture-moto","11":"first","12":"instock","13":"sale","14":"shipping-taxable","15":"purchasable","16":"product-type-variable"},"jetpack_sharing_enabled":true,"_links":{"self":[{"href":"https:\/\/espacetechnologie.ma\/ar\/wp-json\/wp\/v2\/product\/8918","targetHints":{"allow":["GET"]}}],"collection":[{"href":"https:\/\/espacetechnologie.ma\/ar\/wp-json\/wp\/v2\/product"}],"about":[{"href":"https:\/\/espacetechnologie.ma\/ar\/wp-json\/wp\/v2\/types\/product"}],"replies":[{"embeddable":true,"href":"https:\/\/espacetechnologie.ma\/ar\/wp-json\/wp\/v2\/comments?post=8918"}],"wp:featuredmedia":[{"embeddable":true,"href":"https:\/\/espacetechnologie.ma\/ar\/wp-json\/wp\/v2\/media\/8917"}],"wp:attachment":[{"href":"https:\/\/espacetechnologie.ma\/ar\/wp-json\/wp\/v2\/media?parent=8918"}],"wp:term":[{"taxonomy":"product_brand","embeddable":true,"href":"https:\/\/espacetechnologie.ma\/ar\/wp-json\/wp\/v2\/product_brand?post=8918"},{"taxonomy":"product_cat","embeddable":true,"href":"https:\/\/espacetechnologie.ma\/ar\/wp-json\/wp\/v2\/product_cat?post=8918"},{"taxonomy":"product_tag","embeddable":true,"href":"https:\/\/espacetechnologie.ma\/ar\/wp-json\/wp\/v2\/product_tag?post=8918"}],"curies":[{"name":"wp","href":"https:\/\/api.w.org\/{rel}","templated":true}]}}