{"id":8913,"date":"2025-07-09T07:56:13","date_gmt":"2025-07-09T06:56:13","guid":{"rendered":"https:\/\/espacetechnologie.ma\/product\/%d8%ad%d8%a7%d9%85%d9%84-%d8%ab%d9%84%d8%a7%d8%ab%d9%8a-%d8%a7%d9%84%d9%82%d9%88%d8%a7%d8%a6%d9%85-%d9%88%d8%b9%d8%b5%d8%a7-%d8%b3%d9%8a%d9%84%d9%81%d9%8a-%d9%85%d8%b9-%d8%b6%d9%88%d8%a1-%d9%85%d9%84\/"},"modified":"2025-08-02T14:46:11","modified_gmt":"2025-08-02T13:46:11","slug":"%d8%ad%d8%a7%d9%85%d9%84-%d8%ab%d9%84%d8%a7%d8%ab%d9%8a-%d8%a7%d9%84%d9%82%d9%88%d8%a7%d8%a6%d9%85-%d9%88%d8%b9%d8%b5%d8%a7-%d8%b3%d9%8a%d9%84%d9%81%d9%8a-%d9%85%d8%b9-%d8%b6%d9%88%d8%a1-%d9%85%d9%84","status":"publish","type":"product","link":"https:\/\/espacetechnologie.ma\/ar\/product\/%d8%ad%d8%a7%d9%85%d9%84-%d8%ab%d9%84%d8%a7%d8%ab%d9%8a-%d8%a7%d9%84%d9%82%d9%88%d8%a7%d8%a6%d9%85-%d9%88%d8%b9%d8%b5%d8%a7-%d8%b3%d9%8a%d9%84%d9%81%d9%8a-%d9%85%d8%b9-%d8%b6%d9%88%d8%a1-%d9%85%d9%84\/","title":{"rendered":"\u062d\u0627\u0645\u0644 \u062b\u0644\u0627\u062b\u064a \u0627\u0644\u0642\u0648\u0627\u0626\u0645 \u0648\u0639\u0635\u0627 \u0633\u064a\u0644\u0641\u064a \u0645\u0639 \u0636\u0648\u0621 \u0645\u0644\u0621 \u0645\u0639 \u062c\u0647\u0627\u0632 \u062a\u062d\u0643\u0645 \u0639\u0646 \u0628\u0639\u062f \u0628\u0644\u0648\u062a\u0648\u062b \u0644\u0644\u0647\u0627\u062a\u0641\/Gopro"},"content":{"rendered":"<p>\u2022 Pliable et Portable :Le selfie stick INRAM-L15 est pliable et portable, ce qui le rend facile \u00e0 transporter et \u00e0 utiliser sur le go.<br \/>\n\u2022 Sans fil Bluetooth T\u00e9l\u00e9commande :Avec une t\u00e9l\u00e9commande Bluetooth sans fil, vous pouvez facilement prendre des photos et des vid\u00e9os \u00e0 distance sans toucher votre t\u00e9l\u00e9phone.<br \/>\n\u2022 Mat\u00e9riau Acier inoxydable :Fabriqu\u00e9 en acier inoxydable, la perche \u00e0 selfie INRAM-L15 est durable et durable, vous assurant de tirer le meilleur parti de votre investissement.<br \/>\n\u2022 Configur\u00e9 pour les smartphones :La perche \u00e0 selfie INRAM-L15 est configur\u00e9e pour les smartphones, assurant un ajustement parfait et une utilisation facile avec votre appareil pr\u00e9f\u00e9r\u00e9.<\/p>","protected":false},"excerpt":{"rendered":"<p>\u2022 Pliable et Portable :Le selfie stick INRAM-L15 est pliable et portable, ce qui le rend facile \u00e0 transporter et \u00e0 utiliser sur le go. \u2022 Sans fil Bluetooth T\u00e9l\u00e9commande :Avec une t\u00e9l\u00e9commande Bluetooth sans fil, vous pouvez facilement prendre des photos et des vid\u00e9os \u00e0 distance sans toucher votre t\u00e9l\u00e9phone. \u2022 Mat\u00e9riau Acier inoxydable [&hellip;]<\/p>\n","protected":false},"featured_media":8912,"comment_status":"open","ping_status":"closed","template":"","meta":{"event_title":"","event_details":"","event_timezone":"","event_gmap":"","event_image":"","event_image_url":"","event_calendar_link":"","event_location":"","event_datetime_with_summary":"","event_datetime":"","event_date_type":"","event_rulesummary":"","event_ticket_rsvp":"","_gspb_post_css":""},"product_brand":[],"product_cat":[119,117,116],"product_tag":[],"class_list":{"0":"post-8913","1":"product","2":"type-product","3":"status-publish","4":"has-post-thumbnail","6":"product_cat-accessoires-studio","7":"product_cat-eclairage-et-ring-lights","8":"product_cat-studio","10":"first","11":"instock","12":"sale","13":"shipping-taxable","14":"purchasable","15":"product-type-simple"},"jetpack_sharing_enabled":true,"_links":{"self":[{"href":"https:\/\/espacetechnologie.ma\/ar\/wp-json\/wp\/v2\/product\/8913","targetHints":{"allow":["GET"]}}],"collection":[{"href":"https:\/\/espacetechnologie.ma\/ar\/wp-json\/wp\/v2\/product"}],"about":[{"href":"https:\/\/espacetechnologie.ma\/ar\/wp-json\/wp\/v2\/types\/product"}],"replies":[{"embeddable":true,"href":"https:\/\/espacetechnologie.ma\/ar\/wp-json\/wp\/v2\/comments?post=8913"}],"wp:featuredmedia":[{"embeddable":true,"href":"https:\/\/espacetechnologie.ma\/ar\/wp-json\/wp\/v2\/media\/8912"}],"wp:attachment":[{"href":"https:\/\/espacetechnologie.ma\/ar\/wp-json\/wp\/v2\/media?parent=8913"}],"wp:term":[{"taxonomy":"product_brand","embeddable":true,"href":"https:\/\/espacetechnologie.ma\/ar\/wp-json\/wp\/v2\/product_brand?post=8913"},{"taxonomy":"product_cat","embeddable":true,"href":"https:\/\/espacetechnologie.ma\/ar\/wp-json\/wp\/v2\/product_cat?post=8913"},{"taxonomy":"product_tag","embeddable":true,"href":"https:\/\/espacetechnologie.ma\/ar\/wp-json\/wp\/v2\/product_tag?post=8913"}],"curies":[{"name":"wp","href":"https:\/\/api.w.org\/{rel}","templated":true}]}}