{"id":8908,"date":"2025-07-09T07:56:13","date_gmt":"2025-07-09T06:56:13","guid":{"rendered":"https:\/\/espacetechnologie.ma\/product\/studio-enregistrement-mousses-panneau-microphone-absorbeur-de-son\/"},"modified":"2025-08-02T14:46:27","modified_gmt":"2025-08-02T13:46:27","slug":"studio-enregistrement-mousses-panneau-microphone-absorbeur-de-son","status":"publish","type":"product","link":"https:\/\/espacetechnologie.ma\/ar\/product\/studio-enregistrement-mousses-panneau-microphone-absorbeur-de-son\/","title":{"rendered":"Studio enregistrement mousses panneau Microphone absorbeur de son"},"content":{"rendered":"<p>Bouclier d&rsquo;isolation du Microphone-aide \u00e0 bloquer les reflets acoustiques ou les bruits ind\u00e9sirables et \u00e0 obtenir un son plus net et net<br \/>\nMousse acoustique haute densit\u00e9 avec bouclier en acier perfor\u00e9<br \/>\nConception \u00e0 3 plis pour un rangement et un transport faciles<br \/>\nParfait pour monter sur le pied de micro ou le pied de table<br \/>\n3 fois:<br \/>\nDimension hors tout (lxlxh): 32x21x7cm<br \/>\n\u00c9paisseur de mousse: 1 3\/5 pouces (4cm)<br \/>\nPoids du produit: 1,76lbs (0.8kg)<br \/>\nCouleur: Noir<br \/>\nMat\u00e9riel: m\u00e9tal + \u00e9ponge<br \/>\nContenu de l&#8217;emballage:<br \/>\n1x Micro Bouclier D&rsquo;isolement<br \/>\n1x Plaque de Connexion<br \/>\n1x Barre de Connexion<br \/>\n1x Vis<br \/>\n1x Manuel<br \/>\nSeul le contenu de l&#8217;emballage ci-dessus, les autres produits ne sont pas inclus.<br \/>\nRemarque: la prise de vue l\u00e9g\u00e8re et diff\u00e9rents affichages peuvent faire en sorte que la couleur de l&rsquo;article dans l&rsquo;image soit un peu diff\u00e9rente de la r\u00e9alit\u00e9. L&rsquo;erreur de mesure autoris\u00e9e est de +\/- 1-3cm.<\/p>","protected":false},"excerpt":{"rendered":"<p>Bouclier d&rsquo;isolation du Microphone-aide \u00e0 bloquer les reflets acoustiques ou les bruits ind\u00e9sirables et \u00e0 obtenir un son plus net et net Mousse acoustique haute densit\u00e9 avec bouclier en acier perfor\u00e9 Conception \u00e0 3 plis pour un rangement et un transport faciles Parfait pour monter sur le pied de micro ou le pied de table [&hellip;]<\/p>\n","protected":false},"featured_media":8907,"comment_status":"open","ping_status":"closed","template":"","meta":{"event_title":"","event_details":"","event_timezone":"","event_gmap":"","event_image":"","event_image_url":"","event_calendar_link":"","event_location":"","event_datetime_with_summary":"","event_datetime":"","event_date_type":"","event_rulesummary":"","event_ticket_rsvp":"","_gspb_post_css":""},"product_brand":[],"product_cat":[119,107,111,116],"product_tag":[],"class_list":{"0":"post-8908","1":"product","2":"type-product","3":"status-publish","4":"has-post-thumbnail","6":"product_cat-accessoires-studio","7":"product_cat-audio","8":"product_cat-microphones","9":"product_cat-studio","11":"first","12":"instock","13":"sale","14":"shipping-taxable","15":"purchasable","16":"product-type-simple"},"jetpack_sharing_enabled":true,"_links":{"self":[{"href":"https:\/\/espacetechnologie.ma\/ar\/wp-json\/wp\/v2\/product\/8908","targetHints":{"allow":["GET"]}}],"collection":[{"href":"https:\/\/espacetechnologie.ma\/ar\/wp-json\/wp\/v2\/product"}],"about":[{"href":"https:\/\/espacetechnologie.ma\/ar\/wp-json\/wp\/v2\/types\/product"}],"replies":[{"embeddable":true,"href":"https:\/\/espacetechnologie.ma\/ar\/wp-json\/wp\/v2\/comments?post=8908"}],"wp:featuredmedia":[{"embeddable":true,"href":"https:\/\/espacetechnologie.ma\/ar\/wp-json\/wp\/v2\/media\/8907"}],"wp:attachment":[{"href":"https:\/\/espacetechnologie.ma\/ar\/wp-json\/wp\/v2\/media?parent=8908"}],"wp:term":[{"taxonomy":"product_brand","embeddable":true,"href":"https:\/\/espacetechnologie.ma\/ar\/wp-json\/wp\/v2\/product_brand?post=8908"},{"taxonomy":"product_cat","embeddable":true,"href":"https:\/\/espacetechnologie.ma\/ar\/wp-json\/wp\/v2\/product_cat?post=8908"},{"taxonomy":"product_tag","embeddable":true,"href":"https:\/\/espacetechnologie.ma\/ar\/wp-json\/wp\/v2\/product_tag?post=8908"}],"curies":[{"name":"wp","href":"https:\/\/api.w.org\/{rel}","templated":true}]}}