{"id":8894,"date":"2025-07-09T07:56:10","date_gmt":"2025-07-09T06:56:10","guid":{"rendered":"https:\/\/espacetechnologie.ma\/product\/xiaomi-sac-a-dos-poitrine-pack-sacs-hommes-femmes-sac-a-bandouliere\/"},"modified":"2025-11-01T18:10:48","modified_gmt":"2025-11-01T17:10:48","slug":"xiaomi-sac-a-dos-poitrine-pack-sacs-hommes-femmes-sac-a-bandouliere","status":"publish","type":"product","link":"https:\/\/espacetechnologie.ma\/ar\/product\/xiaomi-sac-a-dos-poitrine-pack-sacs-hommes-femmes-sac-a-bandouliere\/","title":{"rendered":"XIAOMI sac \u00e0 dos poitrine Pack sacs hommes femmes sac \u00e0 bandouli\u00e8re"},"content":{"rendered":"<p>Marque: Xiaomi<br \/>\nType: sac \u00e0 bandouli\u00e8re<br \/>\nPour: d\u00e9contract\u00e9, randonn\u00e9e, voyage, exercice et Fitness<br \/>\nCapacit\u00e9 de charge de 10 kg<br \/>\nTaille du produit (L x L x H): 17.50&#215;8.00&#215;32.00<br \/>\nPoids du produit: 0.3450 kg<\/p>","protected":false},"excerpt":{"rendered":"<p>Marque: Xiaomi Type: sac \u00e0 bandouli\u00e8re Pour: d\u00e9contract\u00e9, randonn\u00e9e, voyage, exercice et Fitness Capacit\u00e9 de charge de 10 kg Taille du produit (L x L x H): 17.50&#215;8.00&#215;32.00 Poids du produit: 0.3450 kg<\/p>","protected":false},"featured_media":8893,"comment_status":"open","ping_status":"closed","template":"","meta":{"event_title":"","event_details":"","event_timezone":"","event_gmap":"","event_image":"","event_image_url":"","event_calendar_link":"","event_location":"","event_datetime_with_summary":"","event_datetime":"","event_date_type":"","event_rulesummary":"","event_ticket_rsvp":"","_gspb_post_css":""},"product_brand":[],"product_cat":[82],"product_tag":[],"class_list":{"0":"post-8894","1":"product","2":"type-product","3":"status-publish","4":"has-post-thumbnail","6":"product_cat-gadgets","8":"first","9":"instock","10":"sale","11":"featured","12":"shipping-taxable","13":"purchasable","14":"product-type-simple"},"jetpack_sharing_enabled":true,"_links":{"self":[{"href":"https:\/\/espacetechnologie.ma\/ar\/wp-json\/wp\/v2\/product\/8894","targetHints":{"allow":["GET"]}}],"collection":[{"href":"https:\/\/espacetechnologie.ma\/ar\/wp-json\/wp\/v2\/product"}],"about":[{"href":"https:\/\/espacetechnologie.ma\/ar\/wp-json\/wp\/v2\/types\/product"}],"replies":[{"embeddable":true,"href":"https:\/\/espacetechnologie.ma\/ar\/wp-json\/wp\/v2\/comments?post=8894"}],"wp:featuredmedia":[{"embeddable":true,"href":"https:\/\/espacetechnologie.ma\/ar\/wp-json\/wp\/v2\/media\/8893"}],"wp:attachment":[{"href":"https:\/\/espacetechnologie.ma\/ar\/wp-json\/wp\/v2\/media?parent=8894"}],"wp:term":[{"taxonomy":"product_brand","embeddable":true,"href":"https:\/\/espacetechnologie.ma\/ar\/wp-json\/wp\/v2\/product_brand?post=8894"},{"taxonomy":"product_cat","embeddable":true,"href":"https:\/\/espacetechnologie.ma\/ar\/wp-json\/wp\/v2\/product_cat?post=8894"},{"taxonomy":"product_tag","embeddable":true,"href":"https:\/\/espacetechnologie.ma\/ar\/wp-json\/wp\/v2\/product_tag?post=8894"}],"curies":[{"name":"wp","href":"https:\/\/api.w.org\/{rel}","templated":true}]}}