{"id":8881,"date":"2025-07-09T07:56:07","date_gmt":"2025-07-09T06:56:07","guid":{"rendered":"https:\/\/espacetechnologie.ma\/product\/microphone-de-cravate-professionnel-type-c\/"},"modified":"2025-08-03T07:37:34","modified_gmt":"2025-08-03T06:37:34","slug":"microphone-de-cravate-professionnel-type-c","status":"publish","type":"product","link":"https:\/\/espacetechnologie.ma\/ar\/product\/microphone-de-cravate-professionnel-type-c\/","title":{"rendered":"Microphone de cravate professionnel (type-c)"},"content":{"rendered":"<p>Micro micro \u00e0 clipser Mini cravate micro USB type-c Type C condensateur enregistrement Audio pour Huawei Xiaomi Samsung t\u00e9l\u00e9phone Android<br \/>\nNOTE:<br \/>\nLa version normale (sans puce) est plus compatible pour les t\u00e9l\u00e9phones qui sont des t\u00e9l\u00e9phones mobiles de marque chinoise.<\/p>\n<p>La version am\u00e9lior\u00e9e (avec puce) est compatible pour tous les t\u00e9l\u00e9phones de type c.<\/p>\n<p>Caract\u00e9ristiques:<br \/>\n1. Con\u00e7u pour les t\u00e9l\u00e9phones intelligents, plug-and-use, portable et l\u00e9ger. Aucun lecteur ni batterie n\u00e9cessaire.<br \/>\n2. Fait de mat\u00e9riaux et d&rsquo;\u00e9l\u00e9ments haut de gamme, faible taux d&rsquo;\u00e9chec et fiable \u00e0 utiliser. Faible consommation d&rsquo;\u00e9nergie pendant de longues heures de travail et le coton peut r\u00e9sister \u00e0 la voix bruyante.<br \/>\n3. La conception omnidirectionnelle assure la collecte de son de haute qualit\u00e9 \u00e0 360 \u00b0, le ramassage haute sensibilit\u00e9 a une forte capacit\u00e9 anti-interf\u00e9rence, prend en charge la fonction de surveillance de l&rsquo;enregistrement en temps r\u00e9el.<br \/>\n4.La conception \u00e0 clipser du Lavalier peut \u00eatre clips\u00e9e sur le collier ou d&rsquo;autres objets pour une fixation stable du microphone, facile \u00e0 utiliser et peut lib\u00e9rer vos mains pour d&rsquo;autres travaux.<br \/>\n5. L&rsquo;interface audio type-c est compatible pour le t\u00e9l\u00e9phone android. Compatible pour Samsung S8; Huawei P10\/20\/30, gloire; Xiaomi 8.<\/p>\n<p>Sp\u00e9cification:<br \/>\nMat\u00e9riau: Plastique<br \/>\nCouleur: Noir<br \/>\nInterface Audio: type-c<br \/>\nSensibilit\u00e9: 30dB \u00b1 2dB<br \/>\nImp\u00e9dance de sortie: maximum 2.2 K \u03a9 1 KHZ<br \/>\nMotif polaire: omnidirectionnel<br \/>\nGamme de fr\u00e9quences: 20-16,000<br \/>\nTension de travail: DC1.5V-10V<br \/>\nAlimentation de r\u00e9f\u00e9rence: DC1.5 V<br \/>\nTension: 1.0V<br \/>\nCourant \u00e9lectrique: \u2264 0.5 mA<br \/>\nSNR: >60dB<br \/>\nLongueur du c\u00e2ble: env. 150cm\/59.1in<\/p>\n<p>Liste de paquet:<br \/>\n1 * Microphone<br \/>\n1 * housse en coton<\/p>","protected":false},"excerpt":{"rendered":"<p>Couleur: Noir<br \/>\nInterface Audio: type-c<br \/>\nSensibilit\u00e9: 30dB \u00b1 2dB<br \/>\nImp\u00e9dance de sortie: maximum 2.2 K \u03a9 1 KHZ<br \/>\nMotif polaire: omnidirectionnel<\/p>","protected":false},"featured_media":8880,"comment_status":"open","ping_status":"closed","template":"","meta":{"event_title":"","event_details":"","event_timezone":"","event_gmap":"","event_image":"","event_image_url":"","event_calendar_link":"","event_location":"","event_datetime_with_summary":"","event_datetime":"","event_date_type":"","event_rulesummary":"","event_ticket_rsvp":"","_gspb_post_css":""},"product_brand":[],"product_cat":[107,111],"product_tag":[],"class_list":{"0":"post-8881","1":"product","2":"type-product","3":"status-publish","4":"has-post-thumbnail","6":"product_cat-audio","7":"product_cat-microphones","9":"first","10":"instock","11":"sale","12":"shipping-taxable","13":"purchasable","14":"product-type-simple"},"jetpack_sharing_enabled":true,"_links":{"self":[{"href":"https:\/\/espacetechnologie.ma\/ar\/wp-json\/wp\/v2\/product\/8881","targetHints":{"allow":["GET"]}}],"collection":[{"href":"https:\/\/espacetechnologie.ma\/ar\/wp-json\/wp\/v2\/product"}],"about":[{"href":"https:\/\/espacetechnologie.ma\/ar\/wp-json\/wp\/v2\/types\/product"}],"replies":[{"embeddable":true,"href":"https:\/\/espacetechnologie.ma\/ar\/wp-json\/wp\/v2\/comments?post=8881"}],"wp:featuredmedia":[{"embeddable":true,"href":"https:\/\/espacetechnologie.ma\/ar\/wp-json\/wp\/v2\/media\/8880"}],"wp:attachment":[{"href":"https:\/\/espacetechnologie.ma\/ar\/wp-json\/wp\/v2\/media?parent=8881"}],"wp:term":[{"taxonomy":"product_brand","embeddable":true,"href":"https:\/\/espacetechnologie.ma\/ar\/wp-json\/wp\/v2\/product_brand?post=8881"},{"taxonomy":"product_cat","embeddable":true,"href":"https:\/\/espacetechnologie.ma\/ar\/wp-json\/wp\/v2\/product_cat?post=8881"},{"taxonomy":"product_tag","embeddable":true,"href":"https:\/\/espacetechnologie.ma\/ar\/wp-json\/wp\/v2\/product_tag?post=8881"}],"curies":[{"name":"wp","href":"https:\/\/api.w.org\/{rel}","templated":true}]}}