{"id":8875,"date":"2025-07-09T07:56:05","date_gmt":"2025-07-09T06:56:05","guid":{"rendered":"https:\/\/espacetechnologie.ma\/product\/onikuma-haut-parleur-g6-hifi-de-qualite-sonore-carte-filaire-3d-usb-pour-ordinateur\/"},"modified":"2025-08-02T14:37:49","modified_gmt":"2025-08-02T13:37:49","slug":"onikuma-haut-parleur-g6-hifi-de-qualite-sonore-carte-filaire-3d-usb-pour-ordinateur","status":"publish","type":"product","link":"https:\/\/espacetechnologie.ma\/ar\/product\/onikuma-haut-parleur-g6-hifi-de-qualite-sonore-carte-filaire-3d-usb-pour-ordinateur\/","title":{"rendered":"Onikuma haut-parleur G6 hifi de qualit\u00e9 sonore, carte filaire 3D, USB pour ordinateur"},"content":{"rendered":"<p>Haut-parleurs st\u00e9r\u00e9o hi-fi filaires de 3.5mm avec lumi\u00e8res rvb, haut-parleur de jeu de bureau pour PC portable, ordinateur portable, haut-parleurs de t\u00e9l\u00e9vision \u00e0 domicile<br \/>\n\u00abNom du produit: ONIKUMA G6 haut-parleur d&rsquo;ordinateur de bureau haut-parleur de basse filaire USB st\u00e9r\u00e9o petit haut-parleur<br \/>\nCaract\u00e9ristique:<br \/>\n1. Double diaphragme de haut-parleur, basses choquantes, effets sonores de niveau HIFI, \u00e9coute de la voix, \u00e9clairage cool, st\u00e9r\u00e9o \u00e0 360 \u00b0, largement compatible, bouton de volume, interface USB.<br \/>\n2. Ce n&rsquo;est qu&rsquo;avec deux haut-parleurs que vous pouvez \u00e9couter le son et restaurer fortement divers sons de loin et de pr\u00e8s.<br \/>\n3. Effet d&rsquo;\u00e9clairage Cool, changement de rythme, 5 modes d&rsquo;effet d&rsquo;\u00e9clairage LED, streamer \u00e9blouissant-rouge-jaune-bleu-vert, changement de couleur des boutons.<br \/>\n4. Quadruple st\u00e9r\u00e9o, 2*5W double haut-parleurs + diaphragme de basse, apportent un volume st\u00e9r\u00e9o 4D et b\u00e9n\u00e9ficient d&rsquo;effets sonores de niveau cin\u00e9ma.<br \/>\n5. L&rsquo;unit\u00e9 de subwoofer immerg\u00e9e, les basses sont riches, les m\u00e9diums sont pleins, les aigus sont clairs, la prise externe est connect\u00e9e \u00e0 l&rsquo;\u00e9couteur, et l&rsquo;\u00e9couteur audio peut \u00eatre commut\u00e9 \u00e0 volont\u00e9 pour la communication vocale sans obstacles.<br \/>\n6. Son surround \u00e0 360 \u00b0, petit angle d&rsquo;\u00e9l\u00e9vation peut r\u00e9duire efficacement les ondes sonores, bouton de volume, le r\u00e9glage est plus pratique.<br \/>\n7. Alimentation USB, largement compatible, l&rsquo;\u00e9quipement d&rsquo;ordinateur portable de bureau est plug and play, 3.5mm + port USB est largement compatible avec plusieurs appareils.<br \/>\nSp\u00e9cification:<br \/>\nPuissance du haut-parleur: 10W<br \/>\nPuissance nominale: 10W<br \/>\nRapport Signal\/bruit: \u2265 60db<br \/>\nSensibilit\u00e9 d&rsquo;entr\u00e9e: 800mV<br \/>\nR\u00e9ponse en fr\u00e9quence: 45-16K HZ<br \/>\nAlimentation: USB 5V1A<br \/>\nLongueur du c\u00e2ble: 1.6M<br \/>\nPrise: USB + 3.5<br \/>\nListe de colisage:<br \/>\n2 * haut-parleur + 1 * manuel<br \/>\n\u00a0\u00bb<\/p>","protected":false},"excerpt":{"rendered":"<p>Puissance du haut-parleur: 10W<br \/>\nPuissance nominale: 10W<br \/>\nRapport Signal\/bruit: \u2265 60db<br \/>\nSensibilit\u00e9 d&rsquo;entr\u00e9e: 800mV<br \/>\nR\u00e9ponse en fr\u00e9quence: 45-16K HZ<br \/>\nAlimentation: USB 5V1A<br \/>\nLongueur du c\u00e2ble: 1.6M<br \/>\nPrise: USB + 3.5<br \/>\nListe de colisage:<br \/>\n2 * haut-parleur + 1 * manuel<br \/>\n2 * haut-parleur + 1 * manuel<\/p>","protected":false},"featured_media":8874,"comment_status":"open","ping_status":"closed","template":"","meta":{"event_title":"","event_details":"","event_timezone":"","event_gmap":"","event_image":"","event_image_url":"","event_calendar_link":"","event_location":"","event_datetime_with_summary":"","event_datetime":"","event_date_type":"","event_rulesummary":"","event_ticket_rsvp":"","_gspb_post_css":""},"product_brand":[],"product_cat":[107,112],"product_tag":[],"class_list":{"0":"post-8875","1":"product","2":"type-product","3":"status-publish","4":"has-post-thumbnail","6":"product_cat-audio","7":"product_cat-haut-parleur-et-speakers","9":"first","10":"instock","11":"sale","12":"shipping-taxable","13":"purchasable","14":"product-type-simple"},"jetpack_sharing_enabled":true,"_links":{"self":[{"href":"https:\/\/espacetechnologie.ma\/ar\/wp-json\/wp\/v2\/product\/8875","targetHints":{"allow":["GET"]}}],"collection":[{"href":"https:\/\/espacetechnologie.ma\/ar\/wp-json\/wp\/v2\/product"}],"about":[{"href":"https:\/\/espacetechnologie.ma\/ar\/wp-json\/wp\/v2\/types\/product"}],"replies":[{"embeddable":true,"href":"https:\/\/espacetechnologie.ma\/ar\/wp-json\/wp\/v2\/comments?post=8875"}],"wp:featuredmedia":[{"embeddable":true,"href":"https:\/\/espacetechnologie.ma\/ar\/wp-json\/wp\/v2\/media\/8874"}],"wp:attachment":[{"href":"https:\/\/espacetechnologie.ma\/ar\/wp-json\/wp\/v2\/media?parent=8875"}],"wp:term":[{"taxonomy":"product_brand","embeddable":true,"href":"https:\/\/espacetechnologie.ma\/ar\/wp-json\/wp\/v2\/product_brand?post=8875"},{"taxonomy":"product_cat","embeddable":true,"href":"https:\/\/espacetechnologie.ma\/ar\/wp-json\/wp\/v2\/product_cat?post=8875"},{"taxonomy":"product_tag","embeddable":true,"href":"https:\/\/espacetechnologie.ma\/ar\/wp-json\/wp\/v2\/product_tag?post=8875"}],"curies":[{"name":"wp","href":"https:\/\/api.w.org\/{rel}","templated":true}]}}