{"id":8859,"date":"2025-07-09T07:56:01","date_gmt":"2025-07-09T06:56:01","guid":{"rendered":"https:\/\/espacetechnologie.ma\/product\/%d9%85%d9%8a%d9%83%d8%b1%d9%88%d9%81%d9%88%d9%86-usb-%d9%85%d9%83%d8%ab%d9%81-%d9%84%d9%80-pc-ios-android-%d8%8c-%d9%84%d9%84%d8%a3%d9%84%d8%b9%d8%a7%d8%a8-%d8%a7%d9%84%d8%ad%d9%8a%d8%a9-%d8%8c-d\/"},"modified":"2025-10-23T00:04:00","modified_gmt":"2025-10-22T23:04:00","slug":"%d9%85%d9%8a%d9%83%d8%b1%d9%88%d9%81%d9%88%d9%86-usb-%d9%85%d9%83%d8%ab%d9%81-%d9%84%d9%80-pc-ios-android-%d8%8c-%d9%84%d9%84%d8%a3%d9%84%d8%b9%d8%a7%d8%a8-%d8%a7%d9%84%d8%ad%d9%8a%d8%a9-%d8%8c-d","status":"publish","type":"product","link":"https:\/\/espacetechnologie.ma\/ar\/product\/%d9%85%d9%8a%d9%83%d8%b1%d9%88%d9%81%d9%88%d9%86-usb-%d9%85%d9%83%d8%ab%d9%81-%d9%84%d9%80-pc-ios-android-%d8%8c-%d9%84%d9%84%d8%a3%d9%84%d8%b9%d8%a7%d8%a8-%d8%a7%d9%84%d8%ad%d9%8a%d8%a9-%d8%8c-d\/","title":{"rendered":"\u0645\u064a\u0643\u0631\u0648\u0641\u0648\u0646 USB \u0645\u0643\u062b\u0641 \u0644\u0640: PC \/ IOS \/ Android \u060c \u0644\u0644\u0623\u0644\u0639\u0627\u0628 \u0627\u0644\u062d\u064a\u0629 \u060c DJ \u060c \u0627\u0644\u062a\u0633\u062c\u064a\u0644"},"content":{"rendered":"<p>Caract\u00e9ristiques:<br \/>\n-Plug &#038; play Simple avec c\u00e2ble USB d\u00e9tachable, gain de temps pour configurer le microphone avec des performances parfaites.<br \/>\n-Avec bouton de mise en sourdine rapide et motif de ramassage puissant.<br \/>\n-Le microphone d&rsquo;enregistrement avec bouton de volume suppl\u00e9mentaire a lui-m\u00eame une sortie plus forte et est plus sensible, votre voix serait assez bien audible lors du jeu, du skype ou de l&rsquo;enregistrement vocal.<br \/>\nSp\u00e9cification:<br \/>\nSp\u00e9cification: mod\u00e8le: M1<br \/>\nMat\u00e9riau: m\u00e9tal + PC + ABS<br \/>\nTension de fonctionnement: 3.7-5V<br \/>\nCourant de travail: 80-120mA<br \/>\nFr\u00e9quence maximale: 288MHz<br \/>\nTaux d&rsquo;\u00e9chantillonnage le plus \u00e9lev\u00e9 ADC: 48KHz<br \/>\nTaux d&rsquo;\u00e9chantillonnage le plus \u00e9lev\u00e9 DAC: 48KHz<br \/>\nProtocole Compatible: A2DP\/AVRCP\/HFP\/HSP\/OPP\/HID\/psp\/PBAP\/gta\/SM, etc.<br \/>\nCapacit\u00e9 Anti-ESD (puce): HBM 2KV<br \/>\nMicro pointant: cardio\u00efde<br \/>\nSensibilit\u00e9 du Microphone: -48 \u00b1 2dB = 2.2K\u03a9 Vs = 1.5V<br \/>\nMicrophone imp\u00e9dance: 600\u03a9<br \/>\nPlage de r\u00e9ponse en fr\u00e9quence du Microphone: 40-18000Hz<br \/>\nRapport Signal\/bruit: sup\u00e9rieur \u00e0 68db<br \/>\nCanal Vocal: 2 canaux<br \/>\nCourant de travail: 50-100mA<br \/>\nInterface: type-c<br \/>\nTaille: 156*52*45mm<br \/>\nEmballage Inclus:<br \/>\n1 * M1 Microphone USB<br \/>\n1 * manuel<br \/>\n1 * c\u00e2ble type-c type-c<br \/>\n1 * c\u00e2ble usb-type-c<br \/>\nSp\u00e9cification: mod\u00e8le: M1<br \/>\n\u2022Tension de fonctionnement: 3.7-5V<br \/>\nTaux d&rsquo;\u00e9chantillonnage le plus \u00e9lev\u00e9<br \/>\n\u2022Capacit\u00e9 Anti-ESD: HBM 2KV<br \/>\n\u2022Interface: type-c<br \/>\n1 * M1 Microphone USB<br \/>\n1 * manuel<br \/>\n1 * c\u00e2ble type-c type-c<br \/>\n1 * c\u00e2ble usb-type-c<\/p>","protected":false},"excerpt":{"rendered":"<p>Sp\u00e9cification: mod\u00e8le: M1\u2022Tension de fonctionnement: 3.7-5V\u00a0Taux d&rsquo;\u00e9chantillonnage le plus \u00e9lev\u00e9\u2022Capacit\u00e9 Anti-ESD: HBM 2KV\u2022Interface: type-c<\/p>","protected":false},"featured_media":8858,"comment_status":"open","ping_status":"closed","template":"","meta":{"event_title":"","event_details":"","event_timezone":"","event_gmap":"","event_image":"","event_image_url":"","event_calendar_link":"","event_location":"","event_datetime_with_summary":"","event_datetime":"","event_date_type":"","event_rulesummary":"","event_ticket_rsvp":"","_gspb_post_css":""},"product_brand":[],"product_cat":[107,82,111],"product_tag":[],"class_list":{"0":"post-8859","1":"product","2":"type-product","3":"status-publish","4":"has-post-thumbnail","6":"product_cat-audio","7":"product_cat-gadgets","8":"product_cat-microphones","10":"first","11":"instock","12":"sale","13":"featured","14":"shipping-taxable","15":"purchasable","16":"product-type-simple"},"jetpack_sharing_enabled":true,"_links":{"self":[{"href":"https:\/\/espacetechnologie.ma\/ar\/wp-json\/wp\/v2\/product\/8859","targetHints":{"allow":["GET"]}}],"collection":[{"href":"https:\/\/espacetechnologie.ma\/ar\/wp-json\/wp\/v2\/product"}],"about":[{"href":"https:\/\/espacetechnologie.ma\/ar\/wp-json\/wp\/v2\/types\/product"}],"replies":[{"embeddable":true,"href":"https:\/\/espacetechnologie.ma\/ar\/wp-json\/wp\/v2\/comments?post=8859"}],"wp:featuredmedia":[{"embeddable":true,"href":"https:\/\/espacetechnologie.ma\/ar\/wp-json\/wp\/v2\/media\/8858"}],"wp:attachment":[{"href":"https:\/\/espacetechnologie.ma\/ar\/wp-json\/wp\/v2\/media?parent=8859"}],"wp:term":[{"taxonomy":"product_brand","embeddable":true,"href":"https:\/\/espacetechnologie.ma\/ar\/wp-json\/wp\/v2\/product_brand?post=8859"},{"taxonomy":"product_cat","embeddable":true,"href":"https:\/\/espacetechnologie.ma\/ar\/wp-json\/wp\/v2\/product_cat?post=8859"},{"taxonomy":"product_tag","embeddable":true,"href":"https:\/\/espacetechnologie.ma\/ar\/wp-json\/wp\/v2\/product_tag?post=8859"}],"curies":[{"name":"wp","href":"https:\/\/api.w.org\/{rel}","templated":true}]}}