{"id":8851,"date":"2025-07-09T07:56:00","date_gmt":"2025-07-09T06:56:00","guid":{"rendered":"https:\/\/espacetechnologie.ma\/product\/pack-microphone-de-studio-avec-carte-son-v8-couteau-multifonction-2\/"},"modified":"2025-08-02T14:38:19","modified_gmt":"2025-08-02T13:38:19","slug":"pack-microphone-de-studio-avec-carte-son-v8-couteau-multifonction-2","status":"publish","type":"product","link":"https:\/\/espacetechnologie.ma\/ar\/product\/pack-microphone-de-studio-avec-carte-son-v8-couteau-multifonction-2\/","title":{"rendered":"Pack Microphone de Studio avec carte son V8+ couteau multifonction"},"content":{"rendered":"<p>Bm 800 Kits d&rsquo;enregistrement Studio Microphone bm800 Microphone \u00e0 condensateur pour ordinateur alimentation fant\u00f4me bm-800 karaok\u00e9 micro carte son<br \/>\nContenu de l&#8217;emballage:<br \/>\n1 X microphone en alliage de zinc dor\u00e9 16*4.5cm<br \/>\n1 x carte san v8<br \/>\n1 X filet anti-\u00e9claboussures noir 15.5cm<br \/>\n1 X carte son USB blanche<br \/>\n1 X cadre de choc en plastique noir<br \/>\n1 X microphone noir coupe-vent en coton<br \/>\n1 X clip Noir<br \/>\n1 X socle \u00e0 pince en fer noir<br \/>\n1 X c\u00e2ble audio noir 2.5m<br \/>\n1 X support Noir 38*37cm<br \/>\n1 X manuel d&rsquo;instructions en anglais<\/p>","protected":false},"excerpt":{"rendered":"<p>Imp\u00e9dance de sortie: 150Ohm + \/ -30%<br \/>\nInterface de sortie du Microphone: 3.5mm Bruit de Signal: 78dB<br \/>\nLongueur du c\u00e2ble XLR: 2.5m R\u00e9ponse en fr\u00e9quence: 20Hz-16kHz<br \/>\nImp\u00e9dance de charge: sup\u00e9rieure \u00e0 1000Ohm \u00e9gale Courant \u00e9lectrique: 3mA<br \/>\nPince de bureau \u00e9paisseur de montage maxi: 45mm Sensibilit\u00e9: -38dB + \/ -2dB<br \/>\nBruit \u00e9quivalent: 16dBA Interface de sortie du Microphone: 3.5mm<br \/>\nLongueur Max. Du col de cygne du filtre anti-Pop: 370mm<\/p>","protected":false},"featured_media":8850,"comment_status":"open","ping_status":"closed","template":"","meta":{"event_title":"","event_details":"","event_timezone":"","event_gmap":"","event_image":"","event_image_url":"","event_calendar_link":"","event_location":"","event_datetime_with_summary":"","event_datetime":"","event_date_type":"","event_rulesummary":"","event_ticket_rsvp":"","_gspb_post_css":""},"product_brand":[],"product_cat":[107,111],"product_tag":[],"class_list":{"0":"post-8851","1":"product","2":"type-product","3":"status-publish","4":"has-post-thumbnail","6":"product_cat-audio","7":"product_cat-microphones","9":"first","10":"instock","11":"sale","12":"shipping-taxable","13":"purchasable","14":"product-type-simple"},"jetpack_sharing_enabled":true,"_links":{"self":[{"href":"https:\/\/espacetechnologie.ma\/ar\/wp-json\/wp\/v2\/product\/8851","targetHints":{"allow":["GET"]}}],"collection":[{"href":"https:\/\/espacetechnologie.ma\/ar\/wp-json\/wp\/v2\/product"}],"about":[{"href":"https:\/\/espacetechnologie.ma\/ar\/wp-json\/wp\/v2\/types\/product"}],"replies":[{"embeddable":true,"href":"https:\/\/espacetechnologie.ma\/ar\/wp-json\/wp\/v2\/comments?post=8851"}],"wp:featuredmedia":[{"embeddable":true,"href":"https:\/\/espacetechnologie.ma\/ar\/wp-json\/wp\/v2\/media\/8850"}],"wp:attachment":[{"href":"https:\/\/espacetechnologie.ma\/ar\/wp-json\/wp\/v2\/media?parent=8851"}],"wp:term":[{"taxonomy":"product_brand","embeddable":true,"href":"https:\/\/espacetechnologie.ma\/ar\/wp-json\/wp\/v2\/product_brand?post=8851"},{"taxonomy":"product_cat","embeddable":true,"href":"https:\/\/espacetechnologie.ma\/ar\/wp-json\/wp\/v2\/product_cat?post=8851"},{"taxonomy":"product_tag","embeddable":true,"href":"https:\/\/espacetechnologie.ma\/ar\/wp-json\/wp\/v2\/product_tag?post=8851"}],"curies":[{"name":"wp","href":"https:\/\/api.w.org\/{rel}","templated":true}]}}