{"id":8836,"date":"2025-07-09T07:55:57","date_gmt":"2025-07-09T06:55:57","guid":{"rendered":"https:\/\/espacetechnologie.ma\/product\/onduleur-de-voiture-200w-12v-dc-a-220v-ac-ventilateur-integre\/"},"modified":"2025-10-20T17:38:46","modified_gmt":"2025-10-20T16:38:46","slug":"onduleur-de-voiture-200w-12v-dc-a-220v-ac-ventilateur-integre","status":"publish","type":"product","link":"https:\/\/espacetechnologie.ma\/ar\/product\/onduleur-de-voiture-200w-12v-dc-a-220v-ac-ventilateur-integre\/","title":{"rendered":"Onduleur de voiture 200W, 12V DC \u00e0 220V AC  Ventilateur int\u00e9gr\u00e9"},"content":{"rendered":"<p>200W voiture onduleur DC 12V \u00e0 AC 220V adaptateur chargeur prise Auto convertisseur de puissance USB t\u00e9l\u00e9phone portable charge rapide v\u00e9hicule onduleur<br \/>\nCaract\u00e9ristique:<br \/>\nTr\u00e8s pratique \u00e0 transporter lorsque vous devez faire du camping.<br \/>\nLe ventilateur de refroidissement int\u00e9gr\u00e9 aide \u00e0 dissiper la chaleur, rendant l&rsquo;onduleur plus s\u00fbr et plus efficace.<br \/>\nL\u00e9ger et l\u00e9ger, vous n&rsquo;avez pas \u00e0 vous soucier de la tension sur la prise.<br \/>\nLe c\u00e2ble de prise allume-cigare de 3 pieds vous permet de connecter facilement l&rsquo;appareil pendant la charge.<br \/>\nL&rsquo;onduleur de 200W fournit une sortie d&rsquo;alimentation CC continue de 200W et une capacit\u00e9 de surtension de 300W.<br \/>\nSp\u00e9cification:<br \/>\nPuissance totale: 200W Puissance maximale continue: 400W<br \/>\nMode de commutation: PWM (modulation de largeur d&rsquo;impulsion<br \/>\nForme d&rsquo;onde de sortie: onde sinuso\u00efdale modifi\u00e9e<br \/>\nTemp\u00e9rature ambiante: 0\u00b0C ~ + 40 \u00b0C<br \/>\nTension d&rsquo;entr\u00e9e: 12V<br \/>\nTemp\u00e9rature ambiante de stockage: -10 \u00b0C ~ + 70 \u00b0C<br \/>\nInterface d&rsquo;entr\u00e9e applicable: allume-cigare\/clip de batterie<br \/>\nHumidit\u00e9 de fonctionnement\/relative: 20%-90% sans condensation<br \/>\nSortie USB: 5V quatre ports partagent 3, 1A<br \/>\nMat\u00e9riau de la coque: mat\u00e9riau ABS ignifuge<br \/>\nTension de sortie: 220N50Hz<br \/>\nLongueur du c\u00e2ble: 550mm<br \/>\nPuissance nominale continue maximale: 200W<br \/>\nDomaines applicables: Asie du Sud-Est, Europe, Moyen-Orient, Afrique<br \/>\nForme d&rsquo;onde de sortie: onde sinuso\u00efdale correcte<br \/>\nTaille: 205x55x55mm<\/p>","protected":false},"excerpt":{"rendered":"<p>Puissance totale: 200W Puissance maximale continue: 400W<br \/>\nMode de commutation: PWM (modulation de largeur d&rsquo;impulsion<br \/>\nForme d&rsquo;onde de sortie: onde sinuso\u00efdale modifi\u00e9e<br \/>\nTemp\u00e9rature ambiante: 0\u00b0C ~ + 40 \u00b0C<br \/>\nTension d&rsquo;entr\u00e9e: 12V<br \/>\nTemp\u00e9rature ambiante de stockage: -10 \u00b0C ~ + 70 \u00b0C<br \/>\nInterface d&rsquo;entr\u00e9e applicable: allume-cigare\/clip de batterie<br \/>\nHumidit\u00e9 de fonctionnement\/relative: 20%-90% sans condensation<br \/>\nSortie USB: 5V quatre ports partagent 3, 1A<br \/>\nMat\u00e9riau de la coque: mat\u00e9riau ABS ignifuge<br \/>\nTension de sortie: 220N50Hz<br \/>\nLongueur du c\u00e2ble: 550mm<br \/>\nPuissance nominale continue maximale: 200W<br \/>\nDomaines applicables: Asie du Sud-Est, Europe, Moyen-Orient, Afrique<br \/>\nForme d&rsquo;onde de sortie: onde sinuso\u00efdale correcte<br \/>\nTaille: 205x55x55mm<\/p>","protected":false},"featured_media":8835,"comment_status":"open","ping_status":"closed","template":"","meta":{"event_title":"","event_details":"","event_timezone":"","event_gmap":"","event_image":"","event_image_url":"","event_calendar_link":"","event_location":"","event_datetime_with_summary":"","event_datetime":"","event_date_type":"","event_rulesummary":"","event_ticket_rsvp":"","_gspb_post_css":""},"product_brand":[],"product_cat":[114,113],"product_tag":[],"class_list":{"0":"post-8836","1":"product","2":"type-product","3":"status-publish","4":"has-post-thumbnail","6":"product_cat-accessoires-voiture","7":"product_cat-voiture-moto","9":"first","10":"instock","11":"sale","12":"featured","13":"shipping-taxable","14":"purchasable","15":"product-type-simple"},"jetpack_sharing_enabled":true,"_links":{"self":[{"href":"https:\/\/espacetechnologie.ma\/ar\/wp-json\/wp\/v2\/product\/8836","targetHints":{"allow":["GET"]}}],"collection":[{"href":"https:\/\/espacetechnologie.ma\/ar\/wp-json\/wp\/v2\/product"}],"about":[{"href":"https:\/\/espacetechnologie.ma\/ar\/wp-json\/wp\/v2\/types\/product"}],"replies":[{"embeddable":true,"href":"https:\/\/espacetechnologie.ma\/ar\/wp-json\/wp\/v2\/comments?post=8836"}],"wp:featuredmedia":[{"embeddable":true,"href":"https:\/\/espacetechnologie.ma\/ar\/wp-json\/wp\/v2\/media\/8835"}],"wp:attachment":[{"href":"https:\/\/espacetechnologie.ma\/ar\/wp-json\/wp\/v2\/media?parent=8836"}],"wp:term":[{"taxonomy":"product_brand","embeddable":true,"href":"https:\/\/espacetechnologie.ma\/ar\/wp-json\/wp\/v2\/product_brand?post=8836"},{"taxonomy":"product_cat","embeddable":true,"href":"https:\/\/espacetechnologie.ma\/ar\/wp-json\/wp\/v2\/product_cat?post=8836"},{"taxonomy":"product_tag","embeddable":true,"href":"https:\/\/espacetechnologie.ma\/ar\/wp-json\/wp\/v2\/product_tag?post=8836"}],"curies":[{"name":"wp","href":"https:\/\/api.w.org\/{rel}","templated":true}]}}