{"id":8824,"date":"2025-07-09T07:55:55","date_gmt":"2025-07-09T06:55:55","guid":{"rendered":"https:\/\/espacetechnologie.ma\/product\/%d8%ad%d8%a7%d9%85%d9%84-%d8%a7%d9%84%d9%85%d9%8a%d9%83%d8%b1%d9%88%d9%81%d9%88%d9%86-%d8%a7%d9%84%d9%82%d8%a7%d8%a8%d9%84-%d9%84%d9%84%d8%aa%d8%b9%d8%af%d9%8a%d9%84-2\/"},"modified":"2025-08-03T07:37:44","modified_gmt":"2025-08-03T06:37:44","slug":"%d8%ad%d8%a7%d9%85%d9%84-%d8%a7%d9%84%d9%85%d9%8a%d9%83%d8%b1%d9%88%d9%81%d9%88%d9%86-%d8%a7%d9%84%d9%82%d8%a7%d8%a8%d9%84-%d9%84%d9%84%d8%aa%d8%b9%d8%af%d9%8a%d9%84-2","status":"publish","type":"product","link":"https:\/\/espacetechnologie.ma\/ar\/product\/%d8%ad%d8%a7%d9%85%d9%84-%d8%a7%d9%84%d9%85%d9%8a%d9%83%d8%b1%d9%88%d9%81%d9%88%d9%86-%d8%a7%d9%84%d9%82%d8%a7%d8%a8%d9%84-%d9%84%d9%84%d8%aa%d8%b9%d8%af%d9%8a%d9%84-2\/","title":{"rendered":"\u062d\u0627\u0645\u0644 \u0627\u0644\u0645\u064a\u0643\u0631\u0648\u0641\u0648\u0646 \u0627\u0644\u0642\u0627\u0628\u0644 \u0644\u0644\u062a\u0639\u062f\u064a\u0644"},"content":{"rendered":"<p>Caract\u00e9ristiques:<br \/>\nSupport de bras de ciseaux de Microphone con\u00e7u pour l&rsquo;enregistrement en studio, la diffusion en r\u00e9seau, le chant en ligne, etc.<br \/>\nMat\u00e9riau en m\u00e9tal, durable et robuste, et capacit\u00e9 de charge maximale d&rsquo;environ 1 kg.<br \/>\nDesign pliable et r\u00e9glable, pratique \u00e0 transporter et facile \u00e0 ajuster l&rsquo;angle d&rsquo;utilisation et la hauteur pour montrer votre voix parfaite.<br \/>\nLivr\u00e9 avec un support micro dont le diam\u00e8tre est d&rsquo;environ 3 cm\/1,2in. Veuillez v\u00e9rifier le diam\u00e8tre de votre microphone avant de le commander.<br \/>\nComprenant une pince de montage de table, le pied de microphone peut \u00eatre mont\u00e9 sur la table avec une \u00e9paisseur inf\u00e9rieure \u00e0 4.5 cm facilement.<\/p>\n<p>Sp\u00e9cifications:<br \/>\nCouleur: Noir<br \/>\nMati\u00e8re: M\u00e9tal<br \/>\nPoids de l&rsquo;article: 340g\/12 oz<br \/>\nTaille du paquet: 40*11.5*4.5 cm\/15.7*4.5 * 1.8in<br \/>\nPoids du colis: 582g\/1,3lbs<\/p>\n<p>Note:<br \/>\nLe microphone montr\u00e9 sur l&rsquo;image n&rsquo;est pas inclus.<\/p>\n<p>Liste de paquet:<br \/>\n1 * Support de Microphone<br \/>\n1 * Support de Microphone<br \/>\n1 * montage Pince<\/p>","protected":false},"excerpt":{"rendered":"<p>Couleur: Noir<br \/>\nMati\u00e8re: M\u00e9tal<br \/>\nPoids de l&rsquo;article: 340g<br \/>\nTaille du paquet: 40*11.5*4.5 cm<br \/>\nPoids du colis: 582g<\/p>","protected":false},"featured_media":8823,"comment_status":"open","ping_status":"closed","template":"","meta":{"event_title":"","event_details":"","event_timezone":"","event_gmap":"","event_image":"","event_image_url":"","event_calendar_link":"","event_location":"","event_datetime_with_summary":"","event_datetime":"","event_date_type":"","event_rulesummary":"","event_ticket_rsvp":"","_gspb_post_css":""},"product_brand":[],"product_cat":[107,111],"product_tag":[],"class_list":{"0":"post-8824","1":"product","2":"type-product","3":"status-publish","4":"has-post-thumbnail","6":"product_cat-audio","7":"product_cat-microphones","9":"first","10":"instock","11":"sale","12":"shipping-taxable","13":"purchasable","14":"product-type-simple"},"jetpack_sharing_enabled":true,"_links":{"self":[{"href":"https:\/\/espacetechnologie.ma\/ar\/wp-json\/wp\/v2\/product\/8824","targetHints":{"allow":["GET"]}}],"collection":[{"href":"https:\/\/espacetechnologie.ma\/ar\/wp-json\/wp\/v2\/product"}],"about":[{"href":"https:\/\/espacetechnologie.ma\/ar\/wp-json\/wp\/v2\/types\/product"}],"replies":[{"embeddable":true,"href":"https:\/\/espacetechnologie.ma\/ar\/wp-json\/wp\/v2\/comments?post=8824"}],"wp:featuredmedia":[{"embeddable":true,"href":"https:\/\/espacetechnologie.ma\/ar\/wp-json\/wp\/v2\/media\/8823"}],"wp:attachment":[{"href":"https:\/\/espacetechnologie.ma\/ar\/wp-json\/wp\/v2\/media?parent=8824"}],"wp:term":[{"taxonomy":"product_brand","embeddable":true,"href":"https:\/\/espacetechnologie.ma\/ar\/wp-json\/wp\/v2\/product_brand?post=8824"},{"taxonomy":"product_cat","embeddable":true,"href":"https:\/\/espacetechnologie.ma\/ar\/wp-json\/wp\/v2\/product_cat?post=8824"},{"taxonomy":"product_tag","embeddable":true,"href":"https:\/\/espacetechnologie.ma\/ar\/wp-json\/wp\/v2\/product_tag?post=8824"}],"curies":[{"name":"wp","href":"https:\/\/api.w.org\/{rel}","templated":true}]}}