{"id":8820,"date":"2025-07-09T07:55:54","date_gmt":"2025-07-09T06:55:54","guid":{"rendered":"https:\/\/espacetechnologie.ma\/product\/chargeur-universel-dordinateur-pour-microsofe-surface\/"},"modified":"2025-08-02T16:01:26","modified_gmt":"2025-08-02T15:01:26","slug":"chargeur-universel-dordinateur-pour-microsofe-surface","status":"publish","type":"product","link":"https:\/\/espacetechnologie.ma\/ar\/product\/chargeur-universel-dordinateur-pour-microsofe-surface\/","title":{"rendered":"Chargeur universel d&rsquo;ordinateur pour Microsofe Surface"},"content":{"rendered":"<p>Nom du produit: adaptateur secteur<br \/>\nMarques applicables: pour Microsoft<br \/>\nMod\u00e8le de produit: MX-1220<br \/>\nTension d&rsquo;entr\u00e9e: AC100-240V 50 ~ 60HZ (commun au monde)<br \/>\nTension de sortie: 12V<br \/>\nCourant de sortie: 2A<br \/>\nLongueur de la ligne cc: 1 m\u00e8tre<br \/>\nSp\u00e9cification cc: interface d\u00e9di\u00e9e<br \/>\nType: ue, \u00e9tats-unis<br \/>\nCouleur: Noir<br \/>\nTaille: 1000*50mm<\/p>","protected":false},"excerpt":{"rendered":"<p>Nom du produit: adaptateur secteur Marques applicables: pour Microsoft Mod\u00e8le de produit: MX-1220 Tension d&rsquo;entr\u00e9e: AC100-240V 50 ~ 60HZ (commun au monde) Tension de sortie: 12V Courant de sortie: 2A Longueur de la ligne cc: 1 m\u00e8tre Sp\u00e9cification cc: interface d\u00e9di\u00e9e Type: ue, \u00e9tats-unis Couleur: Noir Taille: 1000*50mm<\/p>","protected":false},"featured_media":8819,"comment_status":"open","ping_status":"closed","template":"","meta":{"event_title":"","event_details":"","event_timezone":"","event_gmap":"","event_image":"","event_image_url":"","event_calendar_link":"","event_location":"","event_datetime_with_summary":"","event_datetime":"","event_date_type":"","event_rulesummary":"","event_ticket_rsvp":"","_gspb_post_css":""},"product_brand":[],"product_cat":[99,96],"product_tag":[],"class_list":{"0":"post-8820","1":"product","2":"type-product","3":"status-publish","4":"has-post-thumbnail","6":"product_cat-chargeurs-pc","7":"product_cat-pc","9":"first","10":"instock","11":"sale","12":"shipping-taxable","13":"purchasable","14":"product-type-simple"},"jetpack_sharing_enabled":true,"_links":{"self":[{"href":"https:\/\/espacetechnologie.ma\/ar\/wp-json\/wp\/v2\/product\/8820","targetHints":{"allow":["GET"]}}],"collection":[{"href":"https:\/\/espacetechnologie.ma\/ar\/wp-json\/wp\/v2\/product"}],"about":[{"href":"https:\/\/espacetechnologie.ma\/ar\/wp-json\/wp\/v2\/types\/product"}],"replies":[{"embeddable":true,"href":"https:\/\/espacetechnologie.ma\/ar\/wp-json\/wp\/v2\/comments?post=8820"}],"wp:featuredmedia":[{"embeddable":true,"href":"https:\/\/espacetechnologie.ma\/ar\/wp-json\/wp\/v2\/media\/8819"}],"wp:attachment":[{"href":"https:\/\/espacetechnologie.ma\/ar\/wp-json\/wp\/v2\/media?parent=8820"}],"wp:term":[{"taxonomy":"product_brand","embeddable":true,"href":"https:\/\/espacetechnologie.ma\/ar\/wp-json\/wp\/v2\/product_brand?post=8820"},{"taxonomy":"product_cat","embeddable":true,"href":"https:\/\/espacetechnologie.ma\/ar\/wp-json\/wp\/v2\/product_cat?post=8820"},{"taxonomy":"product_tag","embeddable":true,"href":"https:\/\/espacetechnologie.ma\/ar\/wp-json\/wp\/v2\/product_tag?post=8820"}],"curies":[{"name":"wp","href":"https:\/\/api.w.org\/{rel}","templated":true}]}}