{"id":8812,"date":"2025-07-09T07:55:52","date_gmt":"2025-07-09T06:55:52","guid":{"rendered":"https:\/\/espacetechnologie.ma\/product\/dobe-ventilateur-de-refroidissement-ps5-avec-lumiere-led-pour-playstation-5\/"},"modified":"2025-08-02T15:26:09","modified_gmt":"2025-08-02T14:26:09","slug":"dobe-ventilateur-de-refroidissement-ps5-avec-lumiere-led-pour-playstation-5","status":"publish","type":"product","link":"https:\/\/espacetechnologie.ma\/ar\/product\/dobe-ventilateur-de-refroidissement-ps5-avec-lumiere-led-pour-playstation-5\/","title":{"rendered":"Dobe Ventilateur de refroidissement PS5 avec lumi\u00e8re LED pour Playstation 5"},"content":{"rendered":"<p>Description de l&rsquo;article<br \/>\nPlate-forme de jeu vid\u00e9o: PlayStation 5 Caract\u00e9ristiques:<br \/>\nVentilateur de refroidissement pour PS5, ventilateur de refroidissement silencieux avec lumi\u00e8res LED, syst\u00e8me de refroidissement efficace pour les accessoires PS5, ventilateur de refroidissement des accessoires PS5 avec la couleur l\u00e9g\u00e8re de LED: Noir<br \/>\nVentilateur de refroidissement PS5 avec lumi\u00e8re LED, accessoires PS5 Ventilateur de refroidissement pour console<br \/>\nPlaystation 5 Digital &#038; Disc Edition, syst\u00e8me de refroidissement efficace<br \/>\n[Syst\u00e8me de refroidissement efficace) Le ventilateur de refroidissement est livr\u00e9 avec trois ventilateurs qui aident \u00e0 dissiper rapidement l&rsquo;exc\u00e8s de chaleur cr\u00e9\u00e9 par la console<br \/>\nPlayStation 5, am\u00e9liorant consid\u00e9rablement la dur\u00e9e de vie et les performances de la console.<br \/>\n(Port USB Passthrough ) Un port USB Passthrough int\u00e9gr\u00e9 dans le bo\u00eetier du ventilateur vous permet de continuer \u00e0 utiliser le port USB pour charger vos autres appareils<br \/>\n(Remarque: ce port passthrough ne permet pas le transfert de donn\u00e9es.)<br \/>\n[Aucun adaptateur suppl\u00e9mentaire requis) Aliment\u00e9 par un port USB sur la console, ce ventilateur de refroidissement ne n\u00e9cessite aucun adaptateur ou c\u00e2ble suppl\u00e9mentaire pour fonctionner. Ins\u00e9rez le ventilateur de refroidissement dans la console, appuyez sur le bouton d&rsquo;alimentation du ventilateur, et vous \u00eates pr\u00eat \u00e0 partir!<br \/>\n[Lumi\u00e8re LED ) Les trois ventilateurs de refroidissement int\u00e9gr\u00e9s afficheront une lumi\u00e8re LED bleue vous permettant de savoir qu&rsquo;elle fonctionne et de fournir une belle couleur de surbrillance pour votre console.<br \/>\n[Design tout en un ) Compatible avec le disque PlayStation 5 et les \u00e9ditions num\u00e9riques. Le design l\u00e9ger et compact s&rsquo;adapte parfaitement \u00e0 la console PS5. (Si vous pr\u00e9voyez de l&rsquo;utiliser en mode horizontal, il n&rsquo;est pas compatible av l&rsquo;original en raison de diff\u00e9rences de conception)<\/p>","protected":false},"excerpt":{"rendered":"<p>[Syst\u00e8me de refroidissement efficace) Le ventilateur de refroidissement est livr\u00e9 avec trois ventilateurs qui aident \u00e0 dissiper rapidement l&rsquo;exc\u00e8s de chaleur cr\u00e9\u00e9 par la console PlayStation 5, am\u00e9liorant consid\u00e9rablement la dur\u00e9e de vie et les performances de la console.<br \/>\n(Port USB Passthrough ) Un port USB Passthrough int\u00e9gr\u00e9 dans le bo\u00eetier du ventilateur vous permet de continuer \u00e0 utiliser le port USB pour charger vos autres appareils.<br \/>\n[Aucun adaptateur suppl\u00e9mentaire requis) Aliment\u00e9 par un port USB sur la console, ce ventilateur de refroidissement ne n\u00e9cessite aucun adaptateur ou c\u00e2ble suppl\u00e9mentaire pour fonctionner. Ins\u00e9rez le ventilateur de refroidissement dans la console, appuyez sur le bouton d&rsquo;alimentation du ventilateur, et vous \u00eates pr\u00eat \u00e0 partir!<br \/>\n[Lumi\u00e8re LED ) Les trois ventilateurs de refroidissement int\u00e9gr\u00e9s afficheront une lumi\u00e8re LED bleue vous permettant de savoir qu&rsquo;elle fonctionne et de fournir une belle couleur de surbrillance pour votre console.<br \/>\n[Design tout en un ) Compatible avec le disque PlayStation 5 et les \u00e9ditions num\u00e9riques. Le design l\u00e9ger et compact s&rsquo;adapte parfaitement \u00e0 la console PS5. (Si vous pr\u00e9voyez de l&rsquo;utiliser en mode horizontal, il n&rsquo;est pas compatible av l&rsquo;original en raison de diff\u00e9rences de conception)<\/p>","protected":false},"featured_media":8811,"comment_status":"open","ping_status":"closed","template":"","meta":{"event_title":"","event_details":"","event_timezone":"","event_gmap":"","event_image":"","event_image_url":"","event_calendar_link":"","event_location":"","event_datetime_with_summary":"","event_datetime":"","event_date_type":"","event_rulesummary":"","event_ticket_rsvp":"","_gspb_post_css":""},"product_brand":[],"product_cat":[129],"product_tag":[],"class_list":{"0":"post-8812","1":"product","2":"type-product","3":"status-publish","4":"has-post-thumbnail","6":"product_cat-gaming","8":"first","9":"instock","10":"sale","11":"shipping-taxable","12":"purchasable","13":"product-type-simple"},"jetpack_sharing_enabled":true,"_links":{"self":[{"href":"https:\/\/espacetechnologie.ma\/ar\/wp-json\/wp\/v2\/product\/8812","targetHints":{"allow":["GET"]}}],"collection":[{"href":"https:\/\/espacetechnologie.ma\/ar\/wp-json\/wp\/v2\/product"}],"about":[{"href":"https:\/\/espacetechnologie.ma\/ar\/wp-json\/wp\/v2\/types\/product"}],"replies":[{"embeddable":true,"href":"https:\/\/espacetechnologie.ma\/ar\/wp-json\/wp\/v2\/comments?post=8812"}],"wp:featuredmedia":[{"embeddable":true,"href":"https:\/\/espacetechnologie.ma\/ar\/wp-json\/wp\/v2\/media\/8811"}],"wp:attachment":[{"href":"https:\/\/espacetechnologie.ma\/ar\/wp-json\/wp\/v2\/media?parent=8812"}],"wp:term":[{"taxonomy":"product_brand","embeddable":true,"href":"https:\/\/espacetechnologie.ma\/ar\/wp-json\/wp\/v2\/product_brand?post=8812"},{"taxonomy":"product_cat","embeddable":true,"href":"https:\/\/espacetechnologie.ma\/ar\/wp-json\/wp\/v2\/product_cat?post=8812"},{"taxonomy":"product_tag","embeddable":true,"href":"https:\/\/espacetechnologie.ma\/ar\/wp-json\/wp\/v2\/product_tag?post=8812"}],"curies":[{"name":"wp","href":"https:\/\/api.w.org\/{rel}","templated":true}]}}