{"id":8799,"date":"2025-07-09T07:55:50","date_gmt":"2025-07-09T06:55:50","guid":{"rendered":"https:\/\/espacetechnologie.ma\/product\/wiwu-stabilisateur-pour-smartphone-3-axes\/"},"modified":"2025-08-10T18:16:21","modified_gmt":"2025-08-10T17:16:21","slug":"wiwu-stabilisateur-pour-smartphone-3-axes","status":"publish","type":"product","link":"https:\/\/espacetechnologie.ma\/ar\/product\/wiwu-stabilisateur-pour-smartphone-3-axes\/","title":{"rendered":"WiWU Stabilisateur pour smartphone 3 axes"},"content":{"rendered":"<p>Ils prennent tous en charge l&rsquo;application.<br \/>\nIls prennent tous en charge le zoom.<br \/>\nIls sont pliables \u00e0 3 axes.<br \/>\nIl est livr\u00e9 avec plus de fonctionnalit\u00e9s suppl\u00e9mentaires (peut charger sans fil les t\u00e9l\u00e9phones qui prennent en charge<br \/>\nla charge sans fil; avec molette de mise au point; avec \u00e9cran OLED; avec batterie plus forte<\/p>","protected":false},"excerpt":{"rendered":"<p>Ils prennent tous en charge l&rsquo;application. Ils prennent tous en charge le zoom. Ils sont pliables \u00e0 3 axes. Il est livr\u00e9 avec plus de fonctionnalit\u00e9s suppl\u00e9mentaires (peut charger sans fil les t\u00e9l\u00e9phones qui prennent en charge la charge sans fil; avec molette de mise au point; avec \u00e9cran OLED; avec batterie plus forte<\/p>","protected":false},"featured_media":8798,"comment_status":"open","ping_status":"closed","template":"","meta":{"event_title":"","event_details":"","event_timezone":"","event_gmap":"","event_image":"","event_image_url":"","event_calendar_link":"","event_location":"","event_datetime_with_summary":"","event_datetime":"","event_date_type":"","event_rulesummary":"","event_ticket_rsvp":"","_gspb_post_css":""},"product_brand":[],"product_cat":[118,116],"product_tag":[],"class_list":{"0":"post-8799","1":"product","2":"type-product","3":"status-publish","4":"has-post-thumbnail","6":"product_cat-stabilisateurs","7":"product_cat-studio","9":"first","10":"instock","11":"sale","12":"shipping-taxable","13":"purchasable","14":"product-type-simple"},"jetpack_sharing_enabled":true,"_links":{"self":[{"href":"https:\/\/espacetechnologie.ma\/ar\/wp-json\/wp\/v2\/product\/8799","targetHints":{"allow":["GET"]}}],"collection":[{"href":"https:\/\/espacetechnologie.ma\/ar\/wp-json\/wp\/v2\/product"}],"about":[{"href":"https:\/\/espacetechnologie.ma\/ar\/wp-json\/wp\/v2\/types\/product"}],"replies":[{"embeddable":true,"href":"https:\/\/espacetechnologie.ma\/ar\/wp-json\/wp\/v2\/comments?post=8799"}],"wp:featuredmedia":[{"embeddable":true,"href":"https:\/\/espacetechnologie.ma\/ar\/wp-json\/wp\/v2\/media\/8798"}],"wp:attachment":[{"href":"https:\/\/espacetechnologie.ma\/ar\/wp-json\/wp\/v2\/media?parent=8799"}],"wp:term":[{"taxonomy":"product_brand","embeddable":true,"href":"https:\/\/espacetechnologie.ma\/ar\/wp-json\/wp\/v2\/product_brand?post=8799"},{"taxonomy":"product_cat","embeddable":true,"href":"https:\/\/espacetechnologie.ma\/ar\/wp-json\/wp\/v2\/product_cat?post=8799"},{"taxonomy":"product_tag","embeddable":true,"href":"https:\/\/espacetechnologie.ma\/ar\/wp-json\/wp\/v2\/product_tag?post=8799"}],"curies":[{"name":"wp","href":"https:\/\/api.w.org\/{rel}","templated":true}]}}