{"id":8790,"date":"2025-07-09T07:55:47","date_gmt":"2025-07-09T06:55:47","guid":{"rendered":"https:\/\/espacetechnologie.ma\/product\/%d8%b4%d8%a7%d8%ad%d9%86-%d8%b3%d9%8a%d8%a7%d8%b1%d8%a9-%d8%b4%d8%a7%d8%ad%d9%86-%d9%84%d8%a7%d8%b3%d9%84%d9%83%d9%8a-%d9%84%d9%81%d9%88%d9%86-xs-%d9%85%d8%a7%d9%83%d8%b3-8-%d8%b2%d8%a7%d8%a6%d8%af-xr\/"},"modified":"2025-08-03T07:00:33","modified_gmt":"2025-08-03T06:00:33","slug":"%d8%b4%d8%a7%d8%ad%d9%86-%d8%b3%d9%8a%d8%a7%d8%b1%d8%a9-%d8%b4%d8%a7%d8%ad%d9%86-%d9%84%d8%a7%d8%b3%d9%84%d9%83%d9%8a-%d9%84%d9%81%d9%88%d9%86-xs-%d9%85%d8%a7%d9%83%d8%b3-8-%d8%b2%d8%a7%d8%a6%d8%af-xr","status":"publish","type":"product","link":"https:\/\/espacetechnologie.ma\/ar\/product\/%d8%b4%d8%a7%d8%ad%d9%86-%d8%b3%d9%8a%d8%a7%d8%b1%d8%a9-%d8%b4%d8%a7%d8%ad%d9%86-%d9%84%d8%a7%d8%b3%d9%84%d9%83%d9%8a-%d9%84%d9%81%d9%88%d9%86-xs-%d9%85%d8%a7%d9%83%d8%b3-8-%d8%b2%d8%a7%d8%a6%d8%af-xr\/","title":{"rendered":"\u0634\u0627\u062d\u0646 \u0633\u064a\u0627\u0631\u0629 \u0634\u0627\u062d\u0646 \u0644\u0627\u0633\u0644\u0643\u064a \u0644\u0641\u0648\u0646 XS \u0645\u0627\u0643\u0633 8 \u0632\u0627\u0626\u062f XR \u0633\u0627\u0645\u0633\u0648\u0646\u062c S9 S8 \u0632\u0627\u0626\u062f \u0645\u0644\u0627\u062d\u0638\u0629 9 8 \u0627\u0644\u0623\u0634\u0639\u0629 \u062a\u062d\u062a \u0627\u0644\u062d\u0645\u0631\u0627\u0621 \u0627\u0644\u0627\u0633\u062a\u0634\u0639\u0627\u0631"},"content":{"rendered":"<p>Marque compatible: LG, Xiaomi, Apple, ZTE, Nokia, Sony, Motorola, BlackBerry, HTC, Lenovo, Huawei, Samsung, Universal, Compatible<br \/>\nPrise en charge de la technologie Quick Charge: Qualcomm Quick Charge 3.0, Qualcomm Quick Charge 2.0, Samsung Adaptive Fast Charge<br \/>\nEntr\u00e9e: 5V \/ 2A<br \/>\nCertification de qualit\u00e9: ce, RoHS, FCC, CCC<br \/>\nInterface de sortie: USB, type C<br \/>\nNum\u00e9ro de mod\u00e8le: pour chargeur sans fil QI pour iPhone XS Max XR X 10 8 8 Plus<br \/>\nSortie: 5V \/ 1.2A<br \/>\nSource d&rsquo;alimentation: USB, emplacement d&rsquo;allume-voiture<br \/>\nPorts USB: 1<br \/>\nType: chargeur sans fil<br \/>\nfor1: pour samsung Chargeur sans fil pour voiture S6 S9 S8 plus note 8 S7 edge Note 9<br \/>\nfor2: pour samsung galaxy s6 Sand chargeur sans fil S6 edge plus S9plus S8plus<br \/>\nfor3: pour samsung galaxy s9 Plus chargeur sans fil chargeur chargeur sans fil<br \/>\npour4: pour samsung galaxy s6 bord chargeur sans fil draadloze oplader<br \/>\nFor5: Cargo Cargo Chargeur de voiture pour t\u00e9l\u00e9phones portables<br \/>\nfor6: Support pour chargeur de chargeur samsung s6edge apple iphone x 8plus<br \/>\nfor7: chargeur sans fil pour iphone 8 plus X note 8 5 r\u00e9cepteur suppl\u00e9mentaire<br \/>\nfor8: chargeur qi sans fil pour Nokia 920 928 LG google Nexus 4 5 LTE2 10 W 5W<br \/>\nfor9: chargeur sans fil qi pour HTC Droid DNA Butterfly, Inceredible 4G LTE 8X<br \/>\naccessoires t\u00e9l\u00e9phones portables pour: Recharge QI pour iPhone 8 cargador inalambrico carregador sem fio q1<br \/>\nPour le t\u00e9l\u00e9phone Xiaomi: Pour Xiaomi mi mix 2S ip67 charge sans fil \u00e9tanche \u00e0 l&rsquo;eau<br \/>\nPour nouvel iphone: pour iphone xs max xsmax xr nouvel iphonex iphonexr huawei mate 20 pro X<\/p>","protected":false},"excerpt":{"rendered":"<p>Marque compatible: LG, Xiaomi, Apple, ZTE, Nokia, Sony, Motorola, BlackBerry, HTC, Lenovo, Huawei, Samsung, Universal, Compatible Prise en charge de la technologie Quick Charge: Qualcomm Quick Charge 3.0, Qualcomm Quick Charge 2.0, Samsung Adaptive Fast Charge Entr\u00e9e: 5V \/ 2A Certification de qualit\u00e9: ce, RoHS, FCC, CCC Interface de sortie: USB, type C Num\u00e9ro de [&hellip;]<\/p>\n","protected":false},"featured_media":8789,"comment_status":"open","ping_status":"closed","template":"","meta":{"event_title":"","event_details":"","event_timezone":"","event_gmap":"","event_image":"","event_image_url":"","event_calendar_link":"","event_location":"","event_datetime_with_summary":"","event_datetime":"","event_date_type":"","event_rulesummary":"","event_ticket_rsvp":"","_gspb_post_css":""},"product_brand":[],"product_cat":[114,85,84,113],"product_tag":[],"class_list":{"0":"post-8790","1":"product","2":"type-product","3":"status-publish","4":"has-post-thumbnail","6":"product_cat-accessoires-voiture","7":"product_cat-chargeurs-telephone","8":"product_cat-smartphone","9":"product_cat-voiture-moto","11":"first","12":"instock","13":"sale","14":"shipping-taxable","15":"purchasable","16":"product-type-simple"},"jetpack_sharing_enabled":true,"_links":{"self":[{"href":"https:\/\/espacetechnologie.ma\/ar\/wp-json\/wp\/v2\/product\/8790","targetHints":{"allow":["GET"]}}],"collection":[{"href":"https:\/\/espacetechnologie.ma\/ar\/wp-json\/wp\/v2\/product"}],"about":[{"href":"https:\/\/espacetechnologie.ma\/ar\/wp-json\/wp\/v2\/types\/product"}],"replies":[{"embeddable":true,"href":"https:\/\/espacetechnologie.ma\/ar\/wp-json\/wp\/v2\/comments?post=8790"}],"wp:featuredmedia":[{"embeddable":true,"href":"https:\/\/espacetechnologie.ma\/ar\/wp-json\/wp\/v2\/media\/8789"}],"wp:attachment":[{"href":"https:\/\/espacetechnologie.ma\/ar\/wp-json\/wp\/v2\/media?parent=8790"}],"wp:term":[{"taxonomy":"product_brand","embeddable":true,"href":"https:\/\/espacetechnologie.ma\/ar\/wp-json\/wp\/v2\/product_brand?post=8790"},{"taxonomy":"product_cat","embeddable":true,"href":"https:\/\/espacetechnologie.ma\/ar\/wp-json\/wp\/v2\/product_cat?post=8790"},{"taxonomy":"product_tag","embeddable":true,"href":"https:\/\/espacetechnologie.ma\/ar\/wp-json\/wp\/v2\/product_tag?post=8790"}],"curies":[{"name":"wp","href":"https:\/\/api.w.org\/{rel}","templated":true}]}}