{"id":8779,"date":"2025-07-09T07:55:44","date_gmt":"2025-07-09T06:55:44","guid":{"rendered":"https:\/\/espacetechnologie.ma\/product\/kit-de-microphone-professionnel-avec-carte-son-v8-avec-alimentation-fantome-48v\/"},"modified":"2025-08-02T13:09:45","modified_gmt":"2025-08-02T12:09:45","slug":"kit-de-microphone-professionnel-avec-carte-son-v8-avec-alimentation-fantome-48v","status":"publish","type":"product","link":"https:\/\/espacetechnologie.ma\/ar\/product\/kit-de-microphone-professionnel-avec-carte-son-v8-avec-alimentation-fantome-48v\/","title":{"rendered":"Kit de Microphone professionnel, avec carte son V8 , avec Alimentation fant\u00f4me 48V"},"content":{"rendered":"<p>Kits d&rsquo;enregistrement Studio Microphone bm800 Microphone \u00e0 condensateur pour ordinateur alimentation fant\u00f4me karaok\u00e9 micro carte son<br \/>\n-Microphone \u00e0 condensateur \u00e0 film de rev\u00eatement<br \/>\n-Motif polaire: unidirectionnel<br \/>\n-R\u00e9ponse en fr\u00e9quence: 20Hz-20kHz<br \/>\n-Sensibilit\u00e9: -34 \u00b1 2dB(0dB = 1 V\/Pa \u00e0 1KHz)<br \/>\n-Imp\u00e9dance de sortie: 150\u03a9 \u00b1 30% (\u00e0 1kHz)<br \/>\n-Imp\u00e9dance de charge: \u2265 1000 \u03a9<br \/>\n-Niveau de bruit \u00e9quivalent: 16dBA<br \/>\n-Courant \u00e9lectrique: 3mA<br \/>\n-Longueur du c\u00e2ble: environ 2.5M<br \/>\n-Tension: alimentation fant\u00f4me 48V<br \/>\n-Dimension: env. 16x5x5cm\/6.3&#215;1.97&#215;1.97 pouces<br \/>\n-Mat\u00e9riau du Microphone: filet en acier + partie de maintien de la main en alliage de Zinc<br \/>\nContenu de l&#8217;emballage:<br \/>\n1 X microphone en alliage de zinc dor\u00e9 16*4.5cm<br \/>\n1 x carte san v8<br \/>\n1 x alimentation fant\u00f4me 48V<br \/>\n1 x  C\u00e2ble XLR m\u00e2le vers XLR femelle<br \/>\n1 X filet anti-\u00e9claboussures noir 15.5cm<br \/>\n1 X carte son USB blanche<br \/>\n1 X cadre de choc en plastique noir<br \/>\n1 X microphone noir coupe-vent en coton<br \/>\n1 X clip Noir<br \/>\n1 X socle \u00e0 pince en fer noir<br \/>\n1 X c\u00e2ble audio noir 2.5m<br \/>\n1 X support Noir 38*37cm<br \/>\n1 X manuel d&rsquo;instructions en anglais<\/p>","protected":false},"excerpt":{"rendered":"<p>-Microphone \u00e0 condensateur \u00e0 film de rev\u00eatement<br \/>\n-Motif polaire: unidirectionnel<br \/>\n-R\u00e9ponse en fr\u00e9quence: 20Hz-20kHz<br \/>\n-Sensibilit\u00e9: -34 \u00b1 2dB(0dB = 1 V\/Pa \u00e0 1KHz)<br \/>\n-Imp\u00e9dance de sortie: 150\u03a9 \u00b1 30% (\u00e0 1kHz)<br \/>\n-Imp\u00e9dance de charge: \u2265 1000 \u03a9<br \/>\n-Niveau de bruit \u00e9quivalent: 16dBA<br \/>\n-Courant \u00e9lectrique: 3mA<br \/>\n-Longueur du c\u00e2ble: environ 2.5M<br \/>\n-Tension: alimentation fant\u00f4me 48V<br \/>\n-Dimension: env. 16x5x5cm\/6.3&#215;1.97&#215;1.97 pouces<\/p>","protected":false},"featured_media":8778,"comment_status":"open","ping_status":"closed","template":"","meta":{"event_title":"","event_details":"","event_timezone":"","event_gmap":"","event_image":"","event_image_url":"","event_calendar_link":"","event_location":"","event_datetime_with_summary":"","event_datetime":"","event_date_type":"","event_rulesummary":"","event_ticket_rsvp":"","_gspb_post_css":""},"product_brand":[],"product_cat":[107,111],"product_tag":[],"class_list":{"0":"post-8779","1":"product","2":"type-product","3":"status-publish","4":"has-post-thumbnail","6":"product_cat-audio","7":"product_cat-microphones","9":"first","10":"instock","11":"sale","12":"shipping-taxable","13":"purchasable","14":"product-type-simple"},"jetpack_sharing_enabled":true,"_links":{"self":[{"href":"https:\/\/espacetechnologie.ma\/ar\/wp-json\/wp\/v2\/product\/8779","targetHints":{"allow":["GET"]}}],"collection":[{"href":"https:\/\/espacetechnologie.ma\/ar\/wp-json\/wp\/v2\/product"}],"about":[{"href":"https:\/\/espacetechnologie.ma\/ar\/wp-json\/wp\/v2\/types\/product"}],"replies":[{"embeddable":true,"href":"https:\/\/espacetechnologie.ma\/ar\/wp-json\/wp\/v2\/comments?post=8779"}],"wp:featuredmedia":[{"embeddable":true,"href":"https:\/\/espacetechnologie.ma\/ar\/wp-json\/wp\/v2\/media\/8778"}],"wp:attachment":[{"href":"https:\/\/espacetechnologie.ma\/ar\/wp-json\/wp\/v2\/media?parent=8779"}],"wp:term":[{"taxonomy":"product_brand","embeddable":true,"href":"https:\/\/espacetechnologie.ma\/ar\/wp-json\/wp\/v2\/product_brand?post=8779"},{"taxonomy":"product_cat","embeddable":true,"href":"https:\/\/espacetechnologie.ma\/ar\/wp-json\/wp\/v2\/product_cat?post=8779"},{"taxonomy":"product_tag","embeddable":true,"href":"https:\/\/espacetechnologie.ma\/ar\/wp-json\/wp\/v2\/product_tag?post=8779"}],"curies":[{"name":"wp","href":"https:\/\/api.w.org\/{rel}","templated":true}]}}