{"id":8774,"date":"2025-07-09T07:55:43","date_gmt":"2025-07-09T06:55:43","guid":{"rendered":"https:\/\/espacetechnologie.ma\/product\/cable-hdmi-tv-adaptateur-pour-ipad-pour-iphone-plug-play\/"},"modified":"2025-08-02T15:06:08","modified_gmt":"2025-08-02T14:06:08","slug":"cable-hdmi-tv-adaptateur-pour-ipad-pour-iphone-plug-play","status":"publish","type":"product","link":"https:\/\/espacetechnologie.ma\/ar\/product\/cable-hdmi-tv-adaptateur-pour-ipad-pour-iphone-plug-play\/","title":{"rendered":"c\u00e2ble HDMI TV adaptateur pour iPad pour iPhone Plug &#038; Play"},"content":{"rendered":"<p>Mat\u00e9riel: plastique et m\u00e9tal<br \/>\nComptabilit\u00e9 avec tous\u200f les appareils IOS<br \/>\nPaquet: Oui<br \/>\nType: Audio et vid\u00e9o<\/p>","protected":false},"excerpt":{"rendered":"<p>Mat\u00e9riel: plastique et m\u00e9tal Comptabilit\u00e9 avec tous\u200f les appareils IOS Paquet: Oui Type: Audio et vid\u00e9o<\/p>","protected":false},"featured_media":8773,"comment_status":"open","ping_status":"closed","template":"","meta":{"event_title":"","event_details":"","event_timezone":"","event_gmap":"","event_image":"","event_image_url":"","event_calendar_link":"","event_location":"","event_datetime_with_summary":"","event_datetime":"","event_date_type":"","event_rulesummary":"","event_ticket_rsvp":"","_gspb_post_css":""},"product_brand":[],"product_cat":[124,123],"product_tag":[],"class_list":{"0":"post-8774","1":"product","2":"type-product","3":"status-publish","4":"has-post-thumbnail","6":"product_cat-cables-tv","7":"product_cat-tv","9":"first","10":"instock","11":"sale","12":"shipping-taxable","13":"purchasable","14":"product-type-simple"},"jetpack_sharing_enabled":true,"_links":{"self":[{"href":"https:\/\/espacetechnologie.ma\/ar\/wp-json\/wp\/v2\/product\/8774","targetHints":{"allow":["GET"]}}],"collection":[{"href":"https:\/\/espacetechnologie.ma\/ar\/wp-json\/wp\/v2\/product"}],"about":[{"href":"https:\/\/espacetechnologie.ma\/ar\/wp-json\/wp\/v2\/types\/product"}],"replies":[{"embeddable":true,"href":"https:\/\/espacetechnologie.ma\/ar\/wp-json\/wp\/v2\/comments?post=8774"}],"wp:featuredmedia":[{"embeddable":true,"href":"https:\/\/espacetechnologie.ma\/ar\/wp-json\/wp\/v2\/media\/8773"}],"wp:attachment":[{"href":"https:\/\/espacetechnologie.ma\/ar\/wp-json\/wp\/v2\/media?parent=8774"}],"wp:term":[{"taxonomy":"product_brand","embeddable":true,"href":"https:\/\/espacetechnologie.ma\/ar\/wp-json\/wp\/v2\/product_brand?post=8774"},{"taxonomy":"product_cat","embeddable":true,"href":"https:\/\/espacetechnologie.ma\/ar\/wp-json\/wp\/v2\/product_cat?post=8774"},{"taxonomy":"product_tag","embeddable":true,"href":"https:\/\/espacetechnologie.ma\/ar\/wp-json\/wp\/v2\/product_tag?post=8774"}],"curies":[{"name":"wp","href":"https:\/\/api.w.org\/{rel}","templated":true}]}}