{"id":8769,"date":"2025-07-09T07:55:42","date_gmt":"2025-07-09T06:55:42","guid":{"rendered":"https:\/\/espacetechnologie.ma\/product\/kakusiga-casque-de-jeu-rvb-dynamique-avec-micro\/"},"modified":"2025-08-02T15:43:31","modified_gmt":"2025-08-02T14:43:31","slug":"kakusiga-casque-de-jeu-rvb-dynamique-avec-micro","status":"publish","type":"product","link":"https:\/\/espacetechnologie.ma\/ar\/product\/kakusiga-casque-de-jeu-rvb-dynamique-avec-micro\/","title":{"rendered":"Kakusiga Casque de jeu RVB dynamique avec micro"},"content":{"rendered":"<p>1. Filaire casque de jeu professionnel<br \/>\n2. 2 branche en jack,3.5mm aux et usb<br \/>\n3. Color\u00e9 lumi\u00e8re froide, jeu d&rsquo;\u00e9clairage<br \/>\n4. Son surround st\u00e9r\u00e9o<br \/>\n5. Avec microphone, appel clair<br \/>\n6. Doux capuchon d&rsquo;oreille, serre-t\u00eate l\u00e9ger, usure confortable<br \/>\n7. Ajustez la taille, convient pour la t\u00eate<br \/>\n8. Gaming pour PS4, ordinateur PC, Xbox, T\u00e9l\u00e9phone, Ordinateur Portable, Tablette<\/p>","protected":false},"excerpt":{"rendered":"<p>1. Filaire casque de jeu professionnel 2. 2 branche en jack,3.5mm aux et usb 3. Color\u00e9 lumi\u00e8re froide, jeu d&rsquo;\u00e9clairage 4. Son surround st\u00e9r\u00e9o 5. Avec microphone, appel clair 6. Doux capuchon d&rsquo;oreille, serre-t\u00eate l\u00e9ger, usure confortable 7. Ajustez la taille, convient pour la t\u00eate 8. Gaming pour PS4, ordinateur PC, Xbox, T\u00e9l\u00e9phone, Ordinateur Portable, [&hellip;]<\/p>\n","protected":false},"featured_media":8768,"comment_status":"open","ping_status":"closed","template":"","meta":{"event_title":"","event_details":"","event_timezone":"","event_gmap":"","event_image":"","event_image_url":"","event_calendar_link":"","event_location":"","event_datetime_with_summary":"","event_datetime":"","event_date_type":"","event_rulesummary":"","event_ticket_rsvp":"","_gspb_post_css":""},"product_brand":[],"product_cat":[107,110,129],"product_tag":[],"class_list":{"0":"post-8769","1":"product","2":"type-product","3":"status-publish","4":"has-post-thumbnail","6":"product_cat-audio","7":"product_cat-casques","8":"product_cat-gaming","10":"first","11":"instock","12":"sale","13":"shipping-taxable","14":"purchasable","15":"product-type-simple"},"jetpack_sharing_enabled":true,"_links":{"self":[{"href":"https:\/\/espacetechnologie.ma\/ar\/wp-json\/wp\/v2\/product\/8769","targetHints":{"allow":["GET"]}}],"collection":[{"href":"https:\/\/espacetechnologie.ma\/ar\/wp-json\/wp\/v2\/product"}],"about":[{"href":"https:\/\/espacetechnologie.ma\/ar\/wp-json\/wp\/v2\/types\/product"}],"replies":[{"embeddable":true,"href":"https:\/\/espacetechnologie.ma\/ar\/wp-json\/wp\/v2\/comments?post=8769"}],"wp:featuredmedia":[{"embeddable":true,"href":"https:\/\/espacetechnologie.ma\/ar\/wp-json\/wp\/v2\/media\/8768"}],"wp:attachment":[{"href":"https:\/\/espacetechnologie.ma\/ar\/wp-json\/wp\/v2\/media?parent=8769"}],"wp:term":[{"taxonomy":"product_brand","embeddable":true,"href":"https:\/\/espacetechnologie.ma\/ar\/wp-json\/wp\/v2\/product_brand?post=8769"},{"taxonomy":"product_cat","embeddable":true,"href":"https:\/\/espacetechnologie.ma\/ar\/wp-json\/wp\/v2\/product_cat?post=8769"},{"taxonomy":"product_tag","embeddable":true,"href":"https:\/\/espacetechnologie.ma\/ar\/wp-json\/wp\/v2\/product_tag?post=8769"}],"curies":[{"name":"wp","href":"https:\/\/api.w.org\/{rel}","templated":true}]}}