{"id":8763,"date":"2025-07-09T07:55:41","date_gmt":"2025-07-09T06:55:41","guid":{"rendered":"https:\/\/espacetechnologie.ma\/product\/pubg-controller-controller-for-android-ios-phone-30-clicks-per-second\/"},"modified":"2025-08-02T16:12:28","modified_gmt":"2025-08-02T15:12:28","slug":"pubg-controller-controller-for-android-ios-phone-30-clicks-per-second","status":"publish","type":"product","link":"https:\/\/espacetechnologie.ma\/ar\/product\/pubg-controller-controller-for-android-ios-phone-30-clicks-per-second\/","title":{"rendered":"Pubg Controller Controller for Android Ios Phone 30 Clicks Per Second"},"content":{"rendered":"<p>Manette de jeu PUBG pour t\u00e9l\u00e9phone portable, compatible avec iphone, IOS, Android, Joystick de tir \u00e0 r\u00e9p\u00e9tition, une main<br \/>\nDescription:<br \/>\nLHaute qualit\u00e9 et tout neuf<br \/>\nLMini14, M16, SKS, etc. se transforment en prise de vue \u00e0 r\u00e9p\u00e9tition automatique<br \/>\nLInd\u00e9pendamment de la touche gauche ou droite, une touche r\u00e9p\u00e9tant la prise de vue<br \/>\nLE-Niveau sportif touche de souris sensation tactile<br \/>\nLPour android et ios, coll\u00e9 et utilis\u00e9, pas besoin de connexion<br \/>\nL\u00c9paisseur maximale: 9mm<br \/>\nLLongueur d&rsquo;\u00e9tirement maximale: 85mm<br \/>\nSp\u00e9cification:<br \/>\nLMod\u00e8le: M16<br \/>\nLTaille: 80*21*38mm<br \/>\nLBatterie: 50mAh<br \/>\nLCharge: environ 1h<br \/>\nLAutonomie en veille: 30 jours<br \/>\nLPour le march\u00e9 g\u00e9n\u00e9ral 4-6 pouces android ou iphone<br \/>\nLM\u00e9thode d&rsquo;utilisation: hors de la bo\u00eete (entrez les param\u00e8tres personnalis\u00e9s du jeu, faites glisser le bouton de feu ou de miroir \u00e0 la position de contact et enregistrez les param\u00e8tres, haut simple\/bas plus<br \/>\nL&#8217;emballage comprend:<br \/>\nL1 * manette de jeu<br \/>\nRemarque: Veuillez charger avant d&rsquo;utiliser<br \/>\n\u2022LMod\u00e8le: M16<br \/>\n\u2022LTaille: 80*21*38mm<br \/>\n\u2022LBatterie: 50mAh<br \/>\n\u2022LCharge: environ 1h<br \/>\n\u2022LAutonomie en veille: 30 jours<\/p>","protected":false},"excerpt":{"rendered":"<p>\u2022LMod\u00e8le: M16\u2022LTaille: 80*21*38mm\u2022LBatterie: 50mAh\u2022LCharge: environ 1h\u2022LAutonomie en veille: 30 jours<\/p>","protected":false},"featured_media":8762,"comment_status":"open","ping_status":"closed","template":"","meta":{"event_title":"","event_details":"","event_timezone":"","event_gmap":"","event_image":"","event_image_url":"","event_calendar_link":"","event_location":"","event_datetime_with_summary":"","event_datetime":"","event_date_type":"","event_rulesummary":"","event_ticket_rsvp":"","_gspb_post_css":""},"product_brand":[],"product_cat":[90,129],"product_tag":[],"class_list":{"0":"post-8763","1":"product","2":"type-product","3":"status-publish","4":"has-post-thumbnail","6":"product_cat-autres-accessoires-smartphone","7":"product_cat-gaming","9":"first","10":"instock","11":"sale","12":"shipping-taxable","13":"purchasable","14":"product-type-simple"},"jetpack_sharing_enabled":true,"_links":{"self":[{"href":"https:\/\/espacetechnologie.ma\/ar\/wp-json\/wp\/v2\/product\/8763","targetHints":{"allow":["GET"]}}],"collection":[{"href":"https:\/\/espacetechnologie.ma\/ar\/wp-json\/wp\/v2\/product"}],"about":[{"href":"https:\/\/espacetechnologie.ma\/ar\/wp-json\/wp\/v2\/types\/product"}],"replies":[{"embeddable":true,"href":"https:\/\/espacetechnologie.ma\/ar\/wp-json\/wp\/v2\/comments?post=8763"}],"wp:featuredmedia":[{"embeddable":true,"href":"https:\/\/espacetechnologie.ma\/ar\/wp-json\/wp\/v2\/media\/8762"}],"wp:attachment":[{"href":"https:\/\/espacetechnologie.ma\/ar\/wp-json\/wp\/v2\/media?parent=8763"}],"wp:term":[{"taxonomy":"product_brand","embeddable":true,"href":"https:\/\/espacetechnologie.ma\/ar\/wp-json\/wp\/v2\/product_brand?post=8763"},{"taxonomy":"product_cat","embeddable":true,"href":"https:\/\/espacetechnologie.ma\/ar\/wp-json\/wp\/v2\/product_cat?post=8763"},{"taxonomy":"product_tag","embeddable":true,"href":"https:\/\/espacetechnologie.ma\/ar\/wp-json\/wp\/v2\/product_tag?post=8763"}],"curies":[{"name":"wp","href":"https:\/\/api.w.org\/{rel}","templated":true}]}}