{"id":8752,"date":"2025-07-09T07:55:39","date_gmt":"2025-07-09T06:55:39","guid":{"rendered":"https:\/\/espacetechnologie.ma\/product\/chargeur-pour-montre-samsung-galaxy-gear-fit-2-r360-fit2-pro-r365\/"},"modified":"2025-08-02T15:23:15","modified_gmt":"2025-08-02T14:23:15","slug":"chargeur-pour-montre-samsung-galaxy-gear-fit-2-r360-fit2-pro-r365","status":"publish","type":"product","link":"https:\/\/espacetechnologie.ma\/ar\/product\/chargeur-pour-montre-samsung-galaxy-gear-fit-2-r360-fit2-pro-r365\/","title":{"rendered":"chargeur pour montre Samsung Galaxy Gear Fit 2 R360, Fit2 Pro R365,"},"content":{"rendered":"<p>Applicable: pour la montre intelligente FIT2 SM-R360 de Samsung Gear charge efficace Rend votre montre intelligente plus pratique Compacte et l\u00e9g\u00e8re, pratique pour les voyageurs et les utilisateurs professionnels Tension d&rsquo;entr\u00e9e: 5 V; Courant d&rsquo;entr\u00e9e: 500 mA; Tension de charge: 5 V; Courant de charge: 147 mA Couleur: noir Mati\u00e8re plastique Taille: Environ 50*45*35mm Contenu de l&#8217;emballage: 1 x FIT2 SM-R360 Base de charge Seulement l&#8217;emballage ci-dessus, les autres produits ne sont pas inclus. Samsung est une marque d\u00e9pos\u00e9e de Samsung, Inc. Les produits ne sont compatibles qu&rsquo;avec Samsung, mais ne sont pas fabriqu\u00e9s par Samsung, Inc. Samsung ne prend pas en charge l&rsquo;utilisation de ces produits. Remarque: la prise de vue l\u00e9g\u00e8re et les diff\u00e9rents affichages peuvent rendre la couleur de l&rsquo;article dans l&rsquo;image un peu diff\u00e9rente de la vraie chose. L&rsquo;erreur de mesure autoris\u00e9e est de +\/- 1-3cm.<\/p>","protected":false},"excerpt":{"rendered":"<p>Nom du produit: Berceau de remplissage<br \/>\nMod\u00e8le Compatible: pour Samsung-Gear Fit 2 SM-R360<br \/>\nCourant de sortie: 5V 1A<br \/>\nCourant d&rsquo;entr\u00e9e: 5V 1A<br \/>\nMat\u00e9riau: ABS (Acrylonitrile Butadi\u00e8ne Styr\u00e8ne)<br \/>\nCouleur: Noir<\/p>","protected":false},"featured_media":8751,"comment_status":"open","ping_status":"closed","template":"","meta":{"event_title":"","event_details":"","event_timezone":"","event_gmap":"","event_image":"","event_image_url":"","event_calendar_link":"","event_location":"","event_datetime_with_summary":"","event_datetime":"","event_date_type":"","event_rulesummary":"","event_ticket_rsvp":"","_gspb_post_css":""},"product_brand":[],"product_cat":[94,91],"product_tag":[],"class_list":{"0":"post-8752","1":"product","2":"type-product","3":"status-publish","4":"has-post-thumbnail","6":"product_cat-chargeurs-smartwatch","7":"product_cat-smartwatch","9":"first","10":"instock","11":"sale","12":"shipping-taxable","13":"purchasable","14":"product-type-simple"},"jetpack_sharing_enabled":true,"_links":{"self":[{"href":"https:\/\/espacetechnologie.ma\/ar\/wp-json\/wp\/v2\/product\/8752","targetHints":{"allow":["GET"]}}],"collection":[{"href":"https:\/\/espacetechnologie.ma\/ar\/wp-json\/wp\/v2\/product"}],"about":[{"href":"https:\/\/espacetechnologie.ma\/ar\/wp-json\/wp\/v2\/types\/product"}],"replies":[{"embeddable":true,"href":"https:\/\/espacetechnologie.ma\/ar\/wp-json\/wp\/v2\/comments?post=8752"}],"wp:featuredmedia":[{"embeddable":true,"href":"https:\/\/espacetechnologie.ma\/ar\/wp-json\/wp\/v2\/media\/8751"}],"wp:attachment":[{"href":"https:\/\/espacetechnologie.ma\/ar\/wp-json\/wp\/v2\/media?parent=8752"}],"wp:term":[{"taxonomy":"product_brand","embeddable":true,"href":"https:\/\/espacetechnologie.ma\/ar\/wp-json\/wp\/v2\/product_brand?post=8752"},{"taxonomy":"product_cat","embeddable":true,"href":"https:\/\/espacetechnologie.ma\/ar\/wp-json\/wp\/v2\/product_cat?post=8752"},{"taxonomy":"product_tag","embeddable":true,"href":"https:\/\/espacetechnologie.ma\/ar\/wp-json\/wp\/v2\/product_tag?post=8752"}],"curies":[{"name":"wp","href":"https:\/\/api.w.org\/{rel}","templated":true}]}}