{"id":8738,"date":"2025-07-09T07:55:36","date_gmt":"2025-07-09T06:55:36","guid":{"rendered":"https:\/\/espacetechnologie.ma\/product\/2-micros-k35pro-sans-fil-lavalier-reduction-de-bruit-microphone-3-5mm-aux-pour-megaphones-amplificateur-camera-ordinateur-telephone-portable-haut-parleur\/"},"modified":"2025-08-02T15:43:40","modified_gmt":"2025-08-02T14:43:40","slug":"2-micros-k35pro-sans-fil-lavalier-reduction-de-bruit-microphone-3-5mm-aux-pour-megaphones-amplificateur-camera-ordinateur-telephone-portable-haut-parleur","status":"publish","type":"product","link":"https:\/\/espacetechnologie.ma\/ar\/product\/2-micros-k35pro-sans-fil-lavalier-reduction-de-bruit-microphone-3-5mm-aux-pour-megaphones-amplificateur-camera-ordinateur-telephone-portable-haut-parleur\/","title":{"rendered":"2 micros K35Pro sans fil Lavalier r\u00e9duction de bruit Microphone 3.5mm AUX pour m\u00e9gaphones amplificateur cam\u00e9ra ordinateur t\u00e9l\u00e9phone portable haut-parleur"},"content":{"rendered":"<p>Gamme de fr\u00e9quence: 2.4G<br \/>\nTension d&rsquo;entr\u00e9e de charge: 4.8V-5.4V<br \/>\nTemps de travail: environ 5 ~ 6 heures<br \/>\nInterface de charge: TYPE-C<br \/>\nCapacit\u00e9 de la batterie: 60MAH<br \/>\nTemp\u00e9rature de fonctionnement: -10 \u00e0 45 degr\u00e9s<br \/>\nTension d&rsquo;entr\u00e9e de charge: 4.8V-5.4V<br \/>\nCourant de d\u00e9marrage: 10-11MA<br \/>\nD\u00e9lai de transmission: 30MS<br \/>\nSensibilit\u00e9\u00a0(microphone): -42DB<br \/>\nR\u00e9ponse en fr\u00e9quence: 20-20KHZ<\/p>","protected":false},"excerpt":{"rendered":"<p>2 x Microphone sans fil \u00a0 \u00a0 \u00a0 \u00a0 \u00a0 \u00a0 \u00a0 \u00a0 \u00a0 \u00a0 \u00a0 \u00a0 \u00a0<br \/>\n1 x R\u00e9cepteur<br \/>\n1 x Manuel En Anglais<br \/>\n1 x c\u00e2ble USB<\/p>","protected":false},"featured_media":8737,"comment_status":"open","ping_status":"closed","template":"","meta":{"event_title":"","event_details":"","event_timezone":"","event_gmap":"","event_image":"","event_image_url":"","event_calendar_link":"","event_location":"","event_datetime_with_summary":"","event_datetime":"","event_date_type":"","event_rulesummary":"","event_ticket_rsvp":"","_gspb_post_css":""},"product_brand":[],"product_cat":[107,111],"product_tag":[],"class_list":{"0":"post-8738","1":"product","2":"type-product","3":"status-publish","4":"has-post-thumbnail","6":"product_cat-audio","7":"product_cat-microphones","9":"first","10":"instock","11":"sale","12":"shipping-taxable","13":"purchasable","14":"product-type-simple"},"jetpack_sharing_enabled":true,"_links":{"self":[{"href":"https:\/\/espacetechnologie.ma\/ar\/wp-json\/wp\/v2\/product\/8738","targetHints":{"allow":["GET"]}}],"collection":[{"href":"https:\/\/espacetechnologie.ma\/ar\/wp-json\/wp\/v2\/product"}],"about":[{"href":"https:\/\/espacetechnologie.ma\/ar\/wp-json\/wp\/v2\/types\/product"}],"replies":[{"embeddable":true,"href":"https:\/\/espacetechnologie.ma\/ar\/wp-json\/wp\/v2\/comments?post=8738"}],"wp:featuredmedia":[{"embeddable":true,"href":"https:\/\/espacetechnologie.ma\/ar\/wp-json\/wp\/v2\/media\/8737"}],"wp:attachment":[{"href":"https:\/\/espacetechnologie.ma\/ar\/wp-json\/wp\/v2\/media?parent=8738"}],"wp:term":[{"taxonomy":"product_brand","embeddable":true,"href":"https:\/\/espacetechnologie.ma\/ar\/wp-json\/wp\/v2\/product_brand?post=8738"},{"taxonomy":"product_cat","embeddable":true,"href":"https:\/\/espacetechnologie.ma\/ar\/wp-json\/wp\/v2\/product_cat?post=8738"},{"taxonomy":"product_tag","embeddable":true,"href":"https:\/\/espacetechnologie.ma\/ar\/wp-json\/wp\/v2\/product_tag?post=8738"}],"curies":[{"name":"wp","href":"https:\/\/api.w.org\/{rel}","templated":true}]}}