{"id":8735,"date":"2025-07-09T07:55:35","date_gmt":"2025-07-09T06:55:35","guid":{"rendered":"https:\/\/espacetechnologie.ma\/product\/ecouteurs-pour-iphone-7-7plus-8-8plus-x-xs-x-max-xr-max-11-pro-2\/"},"modified":"2025-08-03T07:25:16","modified_gmt":"2025-08-03T06:25:16","slug":"ecouteurs-pour-iphone-7-7plus-8-8plus-x-xs-x-max-xr-max-11-pro-2","status":"publish","type":"product","link":"https:\/\/espacetechnologie.ma\/ar\/product\/ecouteurs-pour-iphone-7-7plus-8-8plus-x-xs-x-max-xr-max-11-pro-2\/","title":{"rendered":"Ecouteurs Pour iPhone 7\/7plus 8\/8plus X\/XS\/X max\/Xr max 11\/pro"},"content":{"rendered":"<p>\u00c0 la diff\u00e9rence des \u00e9couteurs boutons circulaires<br \/>\ntraditionnels, le design des EarPods \u00e9pouse la g\u00e9om\u00e9trie de l\u2019oreille.<br \/>\nCe qui les rend plus confortables que tout autre \u00e9couteur de ce type<br \/>\npour un plus grand nombre de personnes.<br \/>\nLes haut-parleurs des EarPods ont \u00e9t\u00e9 con\u00e7us pour<br \/>\noptimiser la puissance sonore et r\u00e9duire au maximum les d\u00e9perditions, et<br \/>\n vous offrir ainsi un son de qualit\u00e9 sup\u00e9rieure.<br \/>\nLes EarPods avec mini-jack 3,5 mm int\u00e8grent une<br \/>\nt\u00e9l\u00e9commande qui permet de r\u00e9gler le volume, contr\u00f4ler la lecture audio<br \/>\net vid\u00e9o, et passer ou mettre fin aux appels, d\u2019une simple pression sur<br \/>\nle fil.<\/p>","protected":false},"excerpt":{"rendered":"<p>earpods haute qualit\u00e9<br \/>\nBasses plus profondes et plus riches<br \/>\nMeilleure protection contre la transpiration et l&rsquo;eau<br \/>\nContr\u00f4le de la lecture audio et vid\u00e9o<br \/>\nr\u00e9pondre et\u00a0 mettre fin aux appels<\/p>","protected":false},"featured_media":8734,"comment_status":"open","ping_status":"closed","template":"","meta":{"event_title":"","event_details":"","event_timezone":"","event_gmap":"","event_image":"","event_image_url":"","event_calendar_link":"","event_location":"","event_datetime_with_summary":"","event_datetime":"","event_date_type":"","event_rulesummary":"","event_ticket_rsvp":"","_gspb_post_css":""},"product_brand":[],"product_cat":[107,108],"product_tag":[],"class_list":{"0":"post-8735","1":"product","2":"type-product","3":"status-publish","4":"has-post-thumbnail","6":"product_cat-audio","7":"product_cat-ecouteurs-filaires","9":"first","10":"instock","11":"sale","12":"shipping-taxable","13":"purchasable","14":"product-type-simple"},"jetpack_sharing_enabled":true,"_links":{"self":[{"href":"https:\/\/espacetechnologie.ma\/ar\/wp-json\/wp\/v2\/product\/8735","targetHints":{"allow":["GET"]}}],"collection":[{"href":"https:\/\/espacetechnologie.ma\/ar\/wp-json\/wp\/v2\/product"}],"about":[{"href":"https:\/\/espacetechnologie.ma\/ar\/wp-json\/wp\/v2\/types\/product"}],"replies":[{"embeddable":true,"href":"https:\/\/espacetechnologie.ma\/ar\/wp-json\/wp\/v2\/comments?post=8735"}],"wp:featuredmedia":[{"embeddable":true,"href":"https:\/\/espacetechnologie.ma\/ar\/wp-json\/wp\/v2\/media\/8734"}],"wp:attachment":[{"href":"https:\/\/espacetechnologie.ma\/ar\/wp-json\/wp\/v2\/media?parent=8735"}],"wp:term":[{"taxonomy":"product_brand","embeddable":true,"href":"https:\/\/espacetechnologie.ma\/ar\/wp-json\/wp\/v2\/product_brand?post=8735"},{"taxonomy":"product_cat","embeddable":true,"href":"https:\/\/espacetechnologie.ma\/ar\/wp-json\/wp\/v2\/product_cat?post=8735"},{"taxonomy":"product_tag","embeddable":true,"href":"https:\/\/espacetechnologie.ma\/ar\/wp-json\/wp\/v2\/product_tag?post=8735"}],"curies":[{"name":"wp","href":"https:\/\/api.w.org\/{rel}","templated":true}]}}