{"id":8724,"date":"2025-07-09T07:55:33","date_gmt":"2025-07-09T06:55:33","guid":{"rendered":"https:\/\/espacetechnologie.ma\/product\/2-pieces-kit-de-boite-a-lumiere-pour-photographie-50x70cm2-trepied2-ampoules\/"},"modified":"2025-11-01T18:11:28","modified_gmt":"2025-11-01T17:11:28","slug":"2-pieces-kit-de-boite-a-lumiere-pour-photographie-50x70cm2-trepied2-ampoules","status":"publish","type":"product","link":"https:\/\/espacetechnologie.ma\/ar\/product\/2-pieces-kit-de-boite-a-lumiere-pour-photographie-50x70cm2-trepied2-ampoules\/","title":{"rendered":"(2 pi\u00e8ces ) Kit de bo\u00eete \u00e0 lumi\u00e8re pour photographie 50x70CM+2 tr\u00e9pied+2 ampoules"},"content":{"rendered":"<p>C&rsquo;est un kit de bo\u00eete \u00e0 lumi\u00e8re d&rsquo;\u00e9clairage photo vid\u00e9o num\u00e9rique parfait.<br \/>\nConvenable \u00e0 l&rsquo;ampoule de photographie, costume de base E27 pour la plupart des \u00e9quipements d&rsquo;\u00e9clairage.<br \/>\nQuatre types d&rsquo;adaptateur secteur: prise EU, prise US, prise UK, prise AU.<br \/>\nBo\u00eete \u00e0 lumi\u00e8re \u00e0 t\u00eate de lampe unique de 50x70CM: tissu doux pliable blanc, particule r\u00e9fl\u00e9chissante de haute qualit\u00e9. face interne argent\u00e9e pour minimiser la perte de lumi\u00e8re et maximiser la propagation de la lumi\u00e8re.<br \/>\nFibre de polyester s\u00fbre et non toxique, 4 bielles flexibles.<br \/>\nSupport l\u00e9ger: hauteur pli\u00e9e 27 pouces (68cm), hauteur de travail 79 pouces (200cm)<br \/>\nHaute qualit\u00e9, stable et durable, facile \u00e0 installer et \u00e0 utiliser<\/p>","protected":false},"excerpt":{"rendered":"<p>1. Int\u00e9rieur argent\u00e9 r\u00e9fl\u00e9chissant: minimise la r\u00e9duction de la lumi\u00e8re.<br \/>\n2. Tissu doux blanc: adoucit uniform\u00e9ment la lumi\u00e8re.<br \/>\n3. Interrupteur \u00e0 commande filaire.<br \/>\n4. Support de lampe en c\u00e9ramique: r\u00e9sistance aux hautes temp\u00e9ratures, longue dur\u00e9e de vie, isolation, s\u00e9curit\u00e9.<br \/>\n5. angle de r\u00e9glage de 180 \u00b0: angle d&rsquo;\u00e9clairage libre et facile \u00e0 r\u00e9gler.<br \/>\n6. Fusible int\u00e9gr\u00e9: prot\u00e8ge efficacement l&rsquo;alimentation.<br \/>\n7. Coop\u00e9ration commerciale: en cas de vente en gros, vous pouvez nous contacter pour une personnalisation.<\/p>","protected":false},"featured_media":8723,"comment_status":"open","ping_status":"closed","template":"","meta":{"event_title":"","event_details":"","event_timezone":"","event_gmap":"","event_image":"","event_image_url":"","event_calendar_link":"","event_location":"","event_datetime_with_summary":"","event_datetime":"","event_date_type":"","event_rulesummary":"","event_ticket_rsvp":"","_gspb_post_css":""},"product_brand":[],"product_cat":[119,117,116],"product_tag":[],"class_list":{"0":"post-8724","1":"product","2":"type-product","3":"status-publish","4":"has-post-thumbnail","6":"product_cat-accessoires-studio","7":"product_cat-eclairage-et-ring-lights","8":"product_cat-studio","10":"first","11":"instock","12":"sale","13":"featured","14":"shipping-taxable","15":"purchasable","16":"product-type-simple"},"jetpack_sharing_enabled":true,"_links":{"self":[{"href":"https:\/\/espacetechnologie.ma\/ar\/wp-json\/wp\/v2\/product\/8724","targetHints":{"allow":["GET"]}}],"collection":[{"href":"https:\/\/espacetechnologie.ma\/ar\/wp-json\/wp\/v2\/product"}],"about":[{"href":"https:\/\/espacetechnologie.ma\/ar\/wp-json\/wp\/v2\/types\/product"}],"replies":[{"embeddable":true,"href":"https:\/\/espacetechnologie.ma\/ar\/wp-json\/wp\/v2\/comments?post=8724"}],"wp:featuredmedia":[{"embeddable":true,"href":"https:\/\/espacetechnologie.ma\/ar\/wp-json\/wp\/v2\/media\/8723"}],"wp:attachment":[{"href":"https:\/\/espacetechnologie.ma\/ar\/wp-json\/wp\/v2\/media?parent=8724"}],"wp:term":[{"taxonomy":"product_brand","embeddable":true,"href":"https:\/\/espacetechnologie.ma\/ar\/wp-json\/wp\/v2\/product_brand?post=8724"},{"taxonomy":"product_cat","embeddable":true,"href":"https:\/\/espacetechnologie.ma\/ar\/wp-json\/wp\/v2\/product_cat?post=8724"},{"taxonomy":"product_tag","embeddable":true,"href":"https:\/\/espacetechnologie.ma\/ar\/wp-json\/wp\/v2\/product_tag?post=8724"}],"curies":[{"name":"wp","href":"https:\/\/api.w.org\/{rel}","templated":true}]}}