{"id":8719,"date":"2025-07-09T07:55:32","date_gmt":"2025-07-09T06:55:32","guid":{"rendered":"https:\/\/espacetechnologie.ma\/product\/phomemo-mini-imprimante-detiquettes-thermiques-sans-fil\/"},"modified":"2025-10-23T00:04:48","modified_gmt":"2025-10-22T23:04:48","slug":"phomemo-mini-imprimante-detiquettes-thermiques-sans-fil","status":"publish","type":"product","link":"https:\/\/espacetechnologie.ma\/ar\/product\/phomemo-mini-imprimante-detiquettes-thermiques-sans-fil\/","title":{"rendered":"Phomemo Mini imprimante d&rsquo;\u00e9tiquettes thermiques, sans fil"},"content":{"rendered":"<p>Couleur: noir<br \/>\nMat\u00e9riau: ABS + m\u00e9tal<br \/>\nM\u00e9dias imprim\u00e9s: Papier thermique<br \/>\nType d&rsquo;impression: Impression sans encre<br \/>\nTaille: env. 178*148*72mm<br \/>\nSp\u00e9cification de capacit\u00e9 de papier: 20-50mm<br \/>\nPoids du colis: 516 g<br \/>\nBatterie: batterie au lithium (int\u00e9gr\u00e9e)<br \/>\nInterface: 5V, micro USB<br \/>\nR\u00e9solution: 203dpi<\/p>","protected":false},"excerpt":{"rendered":"<p>Couleur: noir Mat\u00e9riau: ABS + m\u00e9tal M\u00e9dias imprim\u00e9s: Papier thermique Type d&rsquo;impression: Impression sans encre Taille: env. 178*148*72mm Sp\u00e9cification de capacit\u00e9 de papier: 20-50mm Poids du colis: 516 g Batterie: batterie au lithium (int\u00e9gr\u00e9e) Interface: 5V, micro USB R\u00e9solution: 203dpi<\/p>","protected":false},"featured_media":8718,"comment_status":"open","ping_status":"closed","template":"","meta":{"event_title":"","event_details":"","event_timezone":"","event_gmap":"","event_image":"","event_image_url":"","event_calendar_link":"","event_location":"","event_datetime_with_summary":"","event_datetime":"","event_date_type":"","event_rulesummary":"","event_ticket_rsvp":"","_gspb_post_css":""},"product_brand":[],"product_cat":[82],"product_tag":[],"class_list":{"0":"post-8719","1":"product","2":"type-product","3":"status-publish","4":"has-post-thumbnail","6":"product_cat-gadgets","8":"first","9":"instock","10":"sale","11":"featured","12":"shipping-taxable","13":"purchasable","14":"product-type-simple"},"jetpack_sharing_enabled":true,"_links":{"self":[{"href":"https:\/\/espacetechnologie.ma\/ar\/wp-json\/wp\/v2\/product\/8719","targetHints":{"allow":["GET"]}}],"collection":[{"href":"https:\/\/espacetechnologie.ma\/ar\/wp-json\/wp\/v2\/product"}],"about":[{"href":"https:\/\/espacetechnologie.ma\/ar\/wp-json\/wp\/v2\/types\/product"}],"replies":[{"embeddable":true,"href":"https:\/\/espacetechnologie.ma\/ar\/wp-json\/wp\/v2\/comments?post=8719"}],"wp:featuredmedia":[{"embeddable":true,"href":"https:\/\/espacetechnologie.ma\/ar\/wp-json\/wp\/v2\/media\/8718"}],"wp:attachment":[{"href":"https:\/\/espacetechnologie.ma\/ar\/wp-json\/wp\/v2\/media?parent=8719"}],"wp:term":[{"taxonomy":"product_brand","embeddable":true,"href":"https:\/\/espacetechnologie.ma\/ar\/wp-json\/wp\/v2\/product_brand?post=8719"},{"taxonomy":"product_cat","embeddable":true,"href":"https:\/\/espacetechnologie.ma\/ar\/wp-json\/wp\/v2\/product_cat?post=8719"},{"taxonomy":"product_tag","embeddable":true,"href":"https:\/\/espacetechnologie.ma\/ar\/wp-json\/wp\/v2\/product_tag?post=8719"}],"curies":[{"name":"wp","href":"https:\/\/api.w.org\/{rel}","templated":true}]}}