{"id":8711,"date":"2025-07-09T07:55:30","date_gmt":"2025-07-09T06:55:30","guid":{"rendered":"https:\/\/espacetechnologie.ma\/product\/38-en-1-jeu-dembouts-de-tournevis-polyvalents\/"},"modified":"2025-08-02T14:55:00","modified_gmt":"2025-08-02T13:55:00","slug":"38-en-1-jeu-dembouts-de-tournevis-polyvalents","status":"publish","type":"product","link":"https:\/\/espacetechnologie.ma\/ar\/product\/38-en-1-jeu-dembouts-de-tournevis-polyvalents\/","title":{"rendered":"38 en 1 Jeu d&#8217;embouts de tournevis polyvalents,"},"content":{"rendered":"<p>Description de l&rsquo;article<br \/>\n38 en 1-type A<br \/>\nCet ensemble d&rsquo;outils est utile pour vous dans votre travail, il a une pr\u00e9cision fine et une large gamme d&rsquo;applications, en utilisant de l&rsquo;acier au chrome vanadium et avec une fabrication de qualit\u00e9 industrielle, ce qui rend le produit a une longue dur\u00e9e de service, vous pouvez l&rsquo;utiliser pour r\u00e9parer vos voitures, venez et essayez-le, Il ne vous laissera pas tomber.<br \/>\nSp\u00e9cifications:<br \/>\nMat\u00e9riau: Acier au chrome vanadium<br \/>\nLongueur des embouts: 25mm \/ 1.0in<br \/>\nLongueur de la tige d&rsquo;extension universelle: 135mm\/<br \/>\n5,3 pouces<br \/>\nLongueur de l&rsquo;arbre d&rsquo;extension: 60mm \/ 2.4in<br \/>\nLongueur de la poign\u00e9e \u00e0 cliquet: 160mm\/6,3 pouces, 105mm\/4,1 pouces<br \/>\nTaille des bits: PHO, PH1, PH2, 3.0, 5.0, 6.0, T6, T10, T15, T25, T30, H3, H4, H5, H6, P22, P23, Y2, y3, U4.0, U6.0, 2.3<br \/>\nTaille des manches: M5, M6, M7, M8, M9, M10, M11, M12, M13, M14<br \/>\nTaille de l&#8217;emballage: 165*95*65mm\/6.5*3.7*2.6in<br \/>\nListe d&#8217;emballage<br \/>\n10 * Manches<br \/>\n22 * Bits<br \/>\nPoign\u00e9e \u00e0 cliquet 2 *<br \/>\n1 * tige d&rsquo;extension universelle<br \/>\n1 * Arbre d&rsquo;extension<br \/>\n1 * Joint de manchon<br \/>\n1 * Joint<\/p>","protected":false},"excerpt":{"rendered":"<p>Mat\u00e9riau: Acier au chrome vanadium<br \/>\nLongueur des embouts: 25mm \/ 1.0in<br \/>\nLongueur de la tige d&rsquo;extension universelle: 135mm\/5,3 pouces<br \/>\nLongueur de l&rsquo;arbre d&rsquo;extension: 60mm \/ 2.4in<br \/>\nLongueur de la poign\u00e9e \u00e0 cliquet: 160mm\/6,3 pouces, 105mm\/4,1 pouces<br \/>\nTaille des bits: PHO, PH1, PH2, 3.0, 5.0, 6.0, T6, T10, T15, T25, T30, H3, H4, H5, H6, P22, P23, Y2, y3, U4.0, U6.0, 2.3<br \/>\nTaille des manches: M5, M6, M7, M8, M9, M10, M11, M12, M13, M14<br \/>\nTaille de l&#8217;emballage: 165*95*65mm\/6.5*3.7*2.6in<\/p>","protected":false},"featured_media":8710,"comment_status":"open","ping_status":"closed","template":"","meta":{"event_title":"","event_details":"","event_timezone":"","event_gmap":"","event_image":"","event_image_url":"","event_calendar_link":"","event_location":"","event_datetime_with_summary":"","event_datetime":"","event_date_type":"","event_rulesummary":"","event_ticket_rsvp":"","_gspb_post_css":""},"product_brand":[],"product_cat":[82,130],"product_tag":[],"class_list":{"0":"post-8711","1":"product","2":"type-product","3":"status-publish","4":"has-post-thumbnail","6":"product_cat-gadgets","7":"product_cat-maison","9":"first","10":"instock","11":"sale","12":"shipping-taxable","13":"purchasable","14":"product-type-simple"},"jetpack_sharing_enabled":true,"_links":{"self":[{"href":"https:\/\/espacetechnologie.ma\/ar\/wp-json\/wp\/v2\/product\/8711","targetHints":{"allow":["GET"]}}],"collection":[{"href":"https:\/\/espacetechnologie.ma\/ar\/wp-json\/wp\/v2\/product"}],"about":[{"href":"https:\/\/espacetechnologie.ma\/ar\/wp-json\/wp\/v2\/types\/product"}],"replies":[{"embeddable":true,"href":"https:\/\/espacetechnologie.ma\/ar\/wp-json\/wp\/v2\/comments?post=8711"}],"wp:featuredmedia":[{"embeddable":true,"href":"https:\/\/espacetechnologie.ma\/ar\/wp-json\/wp\/v2\/media\/8710"}],"wp:attachment":[{"href":"https:\/\/espacetechnologie.ma\/ar\/wp-json\/wp\/v2\/media?parent=8711"}],"wp:term":[{"taxonomy":"product_brand","embeddable":true,"href":"https:\/\/espacetechnologie.ma\/ar\/wp-json\/wp\/v2\/product_brand?post=8711"},{"taxonomy":"product_cat","embeddable":true,"href":"https:\/\/espacetechnologie.ma\/ar\/wp-json\/wp\/v2\/product_cat?post=8711"},{"taxonomy":"product_tag","embeddable":true,"href":"https:\/\/espacetechnologie.ma\/ar\/wp-json\/wp\/v2\/product_tag?post=8711"}],"curies":[{"name":"wp","href":"https:\/\/api.w.org\/{rel}","templated":true}]}}