{"id":8668,"date":"2025-07-09T07:55:20","date_gmt":"2025-07-09T06:55:20","guid":{"rendered":"https:\/\/espacetechnologie.ma\/product\/wiwu-banque-dalimentation-pour-ordinateur-portable-27000mah-pd-haute-puissance-145w\/"},"modified":"2025-08-10T18:20:57","modified_gmt":"2025-08-10T17:20:57","slug":"wiwu-banque-dalimentation-pour-ordinateur-portable-27000mah-pd-haute-puissance-145w","status":"publish","type":"product","link":"https:\/\/espacetechnologie.ma\/ar\/product\/wiwu-banque-dalimentation-pour-ordinateur-portable-27000mah-pd-haute-puissance-145w\/","title":{"rendered":"WiWU Banque d&rsquo;alimentation pour ordinateur portable, 27000mAh, PD, haute puissance 145W"},"content":{"rendered":"<p>Nom du produit : 983SP-145W<br \/>\nCapacit\u00e9 : 27000 Mah, PD145W<br \/>\nType-c \u00a0entr\u00e9e s\u00e9par\u00e9e : 5V-15V\/3A 20V\/5A<br \/>\nSortie s\u00e9par\u00e9e Type-c 0\/0 :5V-15V\/3A 20V\/5A<br \/>\nSortie s\u00e9par\u00e9e USB : 4.5V\/5A 5V-15V\/3A 20V\/3A<br \/>\nType-\u0441 \u2022 + sortie USB : 100W + 45W<br \/>\nType-c @ + sortie USB: 5V\/3A<br \/>\nType-\u0441 \u2022 + Type-c @ sortie: 100W + 45W<br \/>\nTaille du produit : 152*54*48mm<br \/>\nPoids : 560G<\/p>","protected":false},"excerpt":{"rendered":"<p>Nom du produit : 983SP-145W Capacit\u00e9 : 27000 Mah, PD145W Type-c \u00a0entr\u00e9e s\u00e9par\u00e9e : 5V-15V\/3A 20V\/5A Sortie s\u00e9par\u00e9e Type-c 0\/0 :5V-15V\/3A 20V\/5A Sortie s\u00e9par\u00e9e USB : 4.5V\/5A 5V-15V\/3A 20V\/3A Type-\u0441 \u2022 + sortie USB : 100W + 45W Type-c @ + sortie USB: 5V\/3A Type-\u0441 \u2022 + Type-c @ sortie: 100W + 45W Taille du [&hellip;]<\/p>\n","protected":false},"featured_media":8667,"comment_status":"open","ping_status":"closed","template":"","meta":{"event_title":"","event_details":"","event_timezone":"","event_gmap":"","event_image":"","event_image_url":"","event_calendar_link":"","event_location":"","event_datetime_with_summary":"","event_datetime":"","event_date_type":"","event_rulesummary":"","event_ticket_rsvp":"","_gspb_post_css":""},"product_brand":[],"product_cat":[88],"product_tag":[],"class_list":{"0":"post-8668","1":"product","2":"type-product","3":"status-publish","4":"has-post-thumbnail","6":"product_cat-powerbank","8":"first","9":"instock","10":"sale","11":"featured","12":"shipping-taxable","13":"purchasable","14":"product-type-simple"},"jetpack_sharing_enabled":true,"_links":{"self":[{"href":"https:\/\/espacetechnologie.ma\/ar\/wp-json\/wp\/v2\/product\/8668","targetHints":{"allow":["GET"]}}],"collection":[{"href":"https:\/\/espacetechnologie.ma\/ar\/wp-json\/wp\/v2\/product"}],"about":[{"href":"https:\/\/espacetechnologie.ma\/ar\/wp-json\/wp\/v2\/types\/product"}],"replies":[{"embeddable":true,"href":"https:\/\/espacetechnologie.ma\/ar\/wp-json\/wp\/v2\/comments?post=8668"}],"wp:featuredmedia":[{"embeddable":true,"href":"https:\/\/espacetechnologie.ma\/ar\/wp-json\/wp\/v2\/media\/8667"}],"wp:attachment":[{"href":"https:\/\/espacetechnologie.ma\/ar\/wp-json\/wp\/v2\/media?parent=8668"}],"wp:term":[{"taxonomy":"product_brand","embeddable":true,"href":"https:\/\/espacetechnologie.ma\/ar\/wp-json\/wp\/v2\/product_brand?post=8668"},{"taxonomy":"product_cat","embeddable":true,"href":"https:\/\/espacetechnologie.ma\/ar\/wp-json\/wp\/v2\/product_cat?post=8668"},{"taxonomy":"product_tag","embeddable":true,"href":"https:\/\/espacetechnologie.ma\/ar\/wp-json\/wp\/v2\/product_tag?post=8668"}],"curies":[{"name":"wp","href":"https:\/\/api.w.org\/{rel}","templated":true}]}}