{"id":8662,"date":"2025-07-09T07:55:19","date_gmt":"2025-07-09T06:55:19","guid":{"rendered":"https:\/\/espacetechnologie.ma\/product\/support-de-telephone-de-voiture-et-plateau-a-mangercouteau-multifonctionnel\/"},"modified":"2025-11-01T18:12:09","modified_gmt":"2025-11-01T17:12:09","slug":"support-de-telephone-de-voiture-et-plateau-a-mangercouteau-multifonctionnel","status":"publish","type":"product","link":"https:\/\/espacetechnologie.ma\/ar\/product\/support-de-telephone-de-voiture-et-plateau-a-mangercouteau-multifonctionnel\/","title":{"rendered":"support de t\u00e9l\u00e9phone de voiture et plateau \u00e0 manger+Couteau multifonctionnel"},"content":{"rendered":"<p>Plateau \u00e0 manger de voiture 21cm, porte-gobelet, extenseur adaptateur universel, support de boisson pour t\u00e9l\u00e9phone de voiture, accessoires Auto rotatifs et antid\u00e9rapants r\u00e9glables<br \/>\nPuces:<br \/>\nEn raison de la mesure manuelle, il y a une tol\u00e9rance dans la taille du produit.<\/p>","protected":false},"excerpt":{"rendered":"<p>Diam\u00e8tre du plateau: environ 21cm\/8,27 pouces<br \/>\nCouleur: Noir<br \/>\nMat\u00e9riau: ABS et caoutchouc<br \/>\nTaille: environ<\/p>","protected":false},"featured_media":8661,"comment_status":"open","ping_status":"closed","template":"","meta":{"event_title":"","event_details":"","event_timezone":"","event_gmap":"","event_image":"","event_image_url":"","event_calendar_link":"","event_location":"","event_datetime_with_summary":"","event_datetime":"","event_date_type":"","event_rulesummary":"","event_ticket_rsvp":"","_gspb_post_css":""},"product_brand":[],"product_cat":[114,90,84,113],"product_tag":[],"class_list":{"0":"post-8662","1":"product","2":"type-product","3":"status-publish","4":"has-post-thumbnail","6":"product_cat-accessoires-voiture","7":"product_cat-autres-accessoires-smartphone","8":"product_cat-smartphone","9":"product_cat-voiture-moto","11":"first","12":"instock","13":"sale","14":"featured","15":"shipping-taxable","16":"purchasable","17":"product-type-simple"},"jetpack_sharing_enabled":true,"_links":{"self":[{"href":"https:\/\/espacetechnologie.ma\/ar\/wp-json\/wp\/v2\/product\/8662","targetHints":{"allow":["GET"]}}],"collection":[{"href":"https:\/\/espacetechnologie.ma\/ar\/wp-json\/wp\/v2\/product"}],"about":[{"href":"https:\/\/espacetechnologie.ma\/ar\/wp-json\/wp\/v2\/types\/product"}],"replies":[{"embeddable":true,"href":"https:\/\/espacetechnologie.ma\/ar\/wp-json\/wp\/v2\/comments?post=8662"}],"wp:featuredmedia":[{"embeddable":true,"href":"https:\/\/espacetechnologie.ma\/ar\/wp-json\/wp\/v2\/media\/8661"}],"wp:attachment":[{"href":"https:\/\/espacetechnologie.ma\/ar\/wp-json\/wp\/v2\/media?parent=8662"}],"wp:term":[{"taxonomy":"product_brand","embeddable":true,"href":"https:\/\/espacetechnologie.ma\/ar\/wp-json\/wp\/v2\/product_brand?post=8662"},{"taxonomy":"product_cat","embeddable":true,"href":"https:\/\/espacetechnologie.ma\/ar\/wp-json\/wp\/v2\/product_cat?post=8662"},{"taxonomy":"product_tag","embeddable":true,"href":"https:\/\/espacetechnologie.ma\/ar\/wp-json\/wp\/v2\/product_tag?post=8662"}],"curies":[{"name":"wp","href":"https:\/\/api.w.org\/{rel}","templated":true}]}}