{"id":8653,"date":"2025-07-09T07:55:17","date_gmt":"2025-07-09T06:55:17","guid":{"rendered":"https:\/\/espacetechnologie.ma\/product\/anycast-dongle-tv-hdmi\/"},"modified":"2025-08-02T16:14:53","modified_gmt":"2025-08-02T15:14:53","slug":"anycast-dongle-tv-hdmi","status":"publish","type":"product","link":"https:\/\/espacetechnologie.ma\/ar\/product\/anycast-dongle-tv-hdmi\/","title":{"rendered":"Anycast Dongle Tv HDMI"},"content":{"rendered":"<p>128 M Anycast M2 Plus Ezcast Miracast AirPlay Chrome tout b\u00e2ton de t\u00e9l\u00e9vision moul\u00e9 HDMI Wifi affichage r\u00e9cepteur Dongle pour IOS Andriod Z2<br \/>\nCaract\u00e9ristique:<br \/>\n1. Ce convertisseur d&rsquo;\u00e9cran ne vous oblige pas \u00e0 installer App et prend en charge un commutateur \u00e0 un bouton, ce qui le rend simple et pratique \u00e0 utiliser<br \/>\n2. Il est livr\u00e9 avec une consommation d&rsquo;\u00e9nergie ultra-faible et faible en calories<br \/>\n3. La conception portable compacte facilite le transport<br \/>\n4. Convient au syst\u00e8me d&rsquo;exploitation, tel que pour IOS, pour Android, pour Windows et pour Mac<br \/>\n5. Il peut fournir une excellente communication et des performances pour vos fichiers vid\u00e9o, Excel, PPT, PDF et autres<br \/>\n6. Convient aux projecteurs, smartphones, tablettes, ordinateurs portables, etc.<br \/>\nSp\u00e9cification:<br \/>\nConnecteur: pour HDMI USB<br \/>\nType: pour adaptateur\/convertisseur HDMI<br \/>\nCapacit\u00e9 de d\u00e9codage: 1080 P (pleine haute d\u00e9finition)<br \/>\nCaract\u00e9ristiques: Haute D\u00e9finition<br \/>\nTh\u00e8me: Maisons<br \/>\nEmball\u00e9: Bo\u00eete<br \/>\nEmball\u00e9:<br \/>\n1 x M2 Plus r\u00e9cepteur HDMI<br \/>\n1 x c\u00e2ble USB WiFi 2-en-1<br \/>\n1 x manuel d&rsquo;utilisation en anglais<\/p>","protected":false},"excerpt":{"rendered":"<p>128 M Anycast M2 Plus Ezcast Miracast AirPlay Chrome tout b\u00e2ton de t\u00e9l\u00e9vision moul\u00e9 HDMI Wifi affichage r\u00e9cepteur Dongle pour IOS Andriod Z2 Caract\u00e9ristique: 1. Ce convertisseur d&rsquo;\u00e9cran ne vous oblige pas \u00e0 installer App et prend en charge un commutateur \u00e0 un bouton, ce qui le rend simple et pratique \u00e0 utiliser 2. Il [&hellip;]<\/p>\n","protected":false},"featured_media":8652,"comment_status":"open","ping_status":"closed","template":"","meta":{"event_title":"","event_details":"","event_timezone":"","event_gmap":"","event_image":"","event_image_url":"","event_calendar_link":"","event_location":"","event_datetime_with_summary":"","event_datetime":"","event_date_type":"","event_rulesummary":"","event_ticket_rsvp":"","_gspb_post_css":""},"product_brand":[],"product_cat":[125,82,123],"product_tag":[],"class_list":{"0":"post-8653","1":"product","2":"type-product","3":"status-publish","4":"has-post-thumbnail","6":"product_cat-autres-accessoires-tv","7":"product_cat-gadgets","8":"product_cat-tv","10":"first","11":"instock","12":"sale","13":"shipping-taxable","14":"purchasable","15":"product-type-simple"},"jetpack_sharing_enabled":true,"_links":{"self":[{"href":"https:\/\/espacetechnologie.ma\/ar\/wp-json\/wp\/v2\/product\/8653","targetHints":{"allow":["GET"]}}],"collection":[{"href":"https:\/\/espacetechnologie.ma\/ar\/wp-json\/wp\/v2\/product"}],"about":[{"href":"https:\/\/espacetechnologie.ma\/ar\/wp-json\/wp\/v2\/types\/product"}],"replies":[{"embeddable":true,"href":"https:\/\/espacetechnologie.ma\/ar\/wp-json\/wp\/v2\/comments?post=8653"}],"wp:featuredmedia":[{"embeddable":true,"href":"https:\/\/espacetechnologie.ma\/ar\/wp-json\/wp\/v2\/media\/8652"}],"wp:attachment":[{"href":"https:\/\/espacetechnologie.ma\/ar\/wp-json\/wp\/v2\/media?parent=8653"}],"wp:term":[{"taxonomy":"product_brand","embeddable":true,"href":"https:\/\/espacetechnologie.ma\/ar\/wp-json\/wp\/v2\/product_brand?post=8653"},{"taxonomy":"product_cat","embeddable":true,"href":"https:\/\/espacetechnologie.ma\/ar\/wp-json\/wp\/v2\/product_cat?post=8653"},{"taxonomy":"product_tag","embeddable":true,"href":"https:\/\/espacetechnologie.ma\/ar\/wp-json\/wp\/v2\/product_tag?post=8653"}],"curies":[{"name":"wp","href":"https:\/\/api.w.org\/{rel}","templated":true}]}}