{"id":8644,"date":"2025-07-09T07:55:16","date_gmt":"2025-07-09T06:55:16","guid":{"rendered":"https:\/\/espacetechnologie.ma\/product\/sac-ideal-pour-le-sport-les-voyages-le-velo-lescalade-la-randonnee-le-shopping-et-bien-dautres-exigences\/"},"modified":"2025-08-02T12:53:55","modified_gmt":"2025-08-02T11:53:55","slug":"sac-ideal-pour-le-sport-les-voyages-le-velo-lescalade-la-randonnee-le-shopping-et-bien-dautres-exigences","status":"publish","type":"product","link":"https:\/\/espacetechnologie.ma\/ar\/product\/sac-ideal-pour-le-sport-les-voyages-le-velo-lescalade-la-randonnee-le-shopping-et-bien-dautres-exigences\/","title":{"rendered":"Sac id\u00e9al pour le sport, les voyages, le v\u00e9lo, l&rsquo;escalade, la randonn\u00e9e, le shopping et bien d&rsquo;autres exigences"},"content":{"rendered":"<p>Outdoor Waterproof Elastic Waist Bag with Two Pockets(Black)<br \/>\nOutdoor Waterproof Elastic Waist Bag with Two Pockets(Black)<\/p>","protected":false},"excerpt":{"rendered":"<p>Outdoor Waterproof Elastic Waist Bag with Two Pockets(Black) Outdoor Waterproof Elastic Waist Bag with Two Pockets(Black)<\/p>","protected":false},"featured_media":8643,"comment_status":"open","ping_status":"closed","template":"","meta":{"event_title":"","event_details":"","event_timezone":"","event_gmap":"","event_image":"","event_image_url":"","event_calendar_link":"","event_location":"","event_datetime_with_summary":"","event_datetime":"","event_date_type":"","event_rulesummary":"","event_ticket_rsvp":"","_gspb_post_css":""},"product_brand":[],"product_cat":[82],"product_tag":[],"class_list":{"0":"post-8644","1":"product","2":"type-product","3":"status-publish","4":"has-post-thumbnail","6":"product_cat-gadgets","8":"first","9":"instock","10":"sale","11":"shipping-taxable","12":"purchasable","13":"product-type-simple"},"jetpack_sharing_enabled":true,"_links":{"self":[{"href":"https:\/\/espacetechnologie.ma\/ar\/wp-json\/wp\/v2\/product\/8644","targetHints":{"allow":["GET"]}}],"collection":[{"href":"https:\/\/espacetechnologie.ma\/ar\/wp-json\/wp\/v2\/product"}],"about":[{"href":"https:\/\/espacetechnologie.ma\/ar\/wp-json\/wp\/v2\/types\/product"}],"replies":[{"embeddable":true,"href":"https:\/\/espacetechnologie.ma\/ar\/wp-json\/wp\/v2\/comments?post=8644"}],"wp:featuredmedia":[{"embeddable":true,"href":"https:\/\/espacetechnologie.ma\/ar\/wp-json\/wp\/v2\/media\/8643"}],"wp:attachment":[{"href":"https:\/\/espacetechnologie.ma\/ar\/wp-json\/wp\/v2\/media?parent=8644"}],"wp:term":[{"taxonomy":"product_brand","embeddable":true,"href":"https:\/\/espacetechnologie.ma\/ar\/wp-json\/wp\/v2\/product_brand?post=8644"},{"taxonomy":"product_cat","embeddable":true,"href":"https:\/\/espacetechnologie.ma\/ar\/wp-json\/wp\/v2\/product_cat?post=8644"},{"taxonomy":"product_tag","embeddable":true,"href":"https:\/\/espacetechnologie.ma\/ar\/wp-json\/wp\/v2\/product_tag?post=8644"}],"curies":[{"name":"wp","href":"https:\/\/api.w.org\/{rel}","templated":true}]}}