{"id":8622,"date":"2025-07-09T07:55:11","date_gmt":"2025-07-09T06:55:11","guid":{"rendered":"https:\/\/espacetechnologie.ma\/product\/pack-microphone-de-studio-avec-son-support-flexible\/"},"modified":"2025-08-02T14:55:10","modified_gmt":"2025-08-02T13:55:10","slug":"pack-microphone-de-studio-avec-son-support-flexible","status":"publish","type":"product","link":"https:\/\/espacetechnologie.ma\/ar\/product\/pack-microphone-de-studio-avec-son-support-flexible\/","title":{"rendered":"Pack Microphone de Studio avec son Support Flexible"},"content":{"rendered":"<p>\u062e\u0627\u0635\u064a\u0629:<br \/>\n1. \u0644\u0644\u0643\u0645\u0628\u064a\u0648\u062a\u0631 \u0627\u0644\u0627\u062d\u062a\u0631\u0627\u0641\u064a 3.5 \u0645\u0644\u0644\u064a \u0645\u062a\u0631 \u0645\u0643\u062b\u0641 \u0635\u0648\u062a \u0633\u0644\u0643\u064a BM 00 \u0633\u062a\u0648\u062f\u064a\u0648 \u0645\u064a\u0643\u0631\u0648\u0641\u0648\u0646 \u062a\u0633\u062c\u064a\u0644 \u0635\u0648\u062a\u064a \u0645\u064a\u0643\u0631\u0648\u0641\u0648\u0646 KTV \u0643\u0627\u0631\u064a\u0648\u0643\u064a + \u062d\u0627\u0645\u0644 \u0645\u064a\u0643\u0631\u0648\u0641\u0648\u0646.<br \/>\n2. \u0627\u0633\u062a\u0648\u062f\u064a\u0648 \u0645\u062b\u0627\u0644\u064a \u0644\u0644\u0628\u062b \u0627\u0644\u0625\u0630\u0627\u0639\u064a \u060c \u0648\u0627\u0633\u062a\u0648\u062f\u064a\u0648 \u0627\u0644\u0635\u0648\u062a \u060c \u0648\u0627\u0644\u0645\u0633\u0631\u062d \u060c \u0648\u0627\u0644\u0642\u0646\u0648\u0627\u062a \u0627\u0644\u062a\u0644\u0641\u0632\u064a\u0648\u0646\u064a\u0629 \u060c \u0625\u0644\u062e. \u00a0\u0630\u0631\u0627\u0639 \u0645\u0642\u0635 \u0633\u0637\u062d \u0627\u0644\u0645\u0643\u062a\u0628 \u062d\u0627\u0645\u0644 \u0645\u064a\u0643\u0631\u0648\u0641\u0648\u0646 \u0648\u0645\u064a\u0643\u0631\u0648\u0641\u0648\u0646 \u0628\u0648\u0645 \u0641\u0644\u062a\u0631 \u0648\u0645\u0642\u0627\u0648\u0645 \u0644\u0644\u0635\u062f\u0645\u0627\u062a.<br \/>\n3. \u062d\u0627\u0645\u0644 \u0645\u064a\u0643\u0631\u0648\u0641\u0648\u0646 \u0646\u0648\u0639 \u0633\u0637\u062d \u0627\u0644\u0645\u0643\u062a\u0628 \u0645\u0633\u062a\u0642\u0631 \u0648\u062f\u0627\u0626\u0645 \u0648\u0628\u0623\u0633\u0639\u0627\u0631 \u0645\u0639\u0642\u0648\u0644\u0629. \u00a0\u062a\u0636\u064a\u0641 \u0627\u0644\u0623\u0630\u0631\u0639 \u0627\u0644\u0645\u0632\u062f\u0648\u062c\u0629 \u0627\u0644\u0642\u0648\u0629 \u0644\u062f\u0639\u0645 \u0627\u0644\u0645\u0632\u064a\u062f \u0645\u0646 \u0627\u0644\u0648\u0632\u0646.<br \/>\n4. \u0623\u0630\u0631\u0639 \u0642\u0627\u0628\u0644\u0629 \u0644\u0644\u0637\u064a &#8211; \u062a\u0642\u0644\u064a\u0644 \u062d\u062c\u0645 \u0627\u0644\u062d\u0645\u0644 \u0648\u0633\u0647\u0648\u0644\u0629 \u0627\u0644\u062a\u062e\u0632\u064a\u0646 \u061b \u00a0\u0630\u0631\u0627\u0639 \u0627\u0644\u0645\u0642\u0635 &#8211; \u0627\u0636\u0628\u0637 \u0627\u0644\u0632\u0627\u0648\u064a\u0629 \u0648\u0627\u0644\u0627\u0631\u062a\u0641\u0627\u0639 \u0627\u0644\u0645\u0637\u0644\u0648\u0628\u064a\u0646 \u062a\u0645\u0627\u0645\u064b\u0627.<br \/>\n5. \u0645\u0634\u0628\u0643 \u0642\u0627\u0628\u0644 \u0644\u0644\u062a\u0639\u062f\u064a\u0644 \u0644\u062a\u0631\u0643\u064a\u0628 \u0633\u0637\u062d \u0627\u0644\u0645\u0643\u062a\u0628 \u0628\u0633\u0647\u0648\u0644\u0629 \u060c \u064a\u062a\u0645 \u062a\u0648\u0635\u064a\u0644\u0647 \u0628\u0625\u062d\u0643\u0627\u0645 \u0628\u0623\u064a \u062d\u0627\u0645\u0644 \u0645\u064a\u0643\u0631\u0648\u0641\u0648\u0646 \u0644\u0644\u062a\u062b\u0628\u064a\u062a \u0627\u0644\u0633\u0647\u0644 \u0648\u0627\u0644\u0645\u0631\u064a\u062d. \u00a0\u0646\u0648\u0627\u0628\u0636 \u062a\u0639\u0644\u064a\u0642 \u0639\u0644\u0649 \u0643\u0644 \u0630\u0631\u0627\u0639 \u0630\u0631\u0627\u0639 \u0644\u0632\u064a\u0627\u062f\u0629 \u0627\u0644\u062b\u0628\u0627\u062a.<br \/>\n6. \u0645\u0646\u0641\u0630 \u0635\u0648\u062a\u064a \u0645\u0632\u062f\u0648\u062c &#8211; \u062a\u0648\u0635\u064a\u0644 \u0645\u062f\u062e\u0644\u0627\u062a \u0627\u0644\u0645\u064a\u0643\u0631\u0648\u0641\u0648\u0646 \u0648\u0625\u062e\u0631\u0627\u062c \u0633\u0645\u0627\u0639\u0629 \/ \u0645\u0643\u0628\u0631 \u0627\u0644\u0635\u0648\u062a \u0641\u064a \u0646\u0641\u0633 \u0627\u0644\u0648\u0642\u062a.<br \/>\n\u062a\u062e\u0635\u064a\u0635:<br \/>\n\u0627\u0644\u0644\u0648\u0646: \u0623\u0633\u0648\u062f \u060c \u0641\u0636\u064a \u060c \u0623\u0632\u0631\u0642<br \/>\n\u0648\u0627\u062c\u0647\u0629 \u0625\u062e\u0631\u0627\u062c \u0627\u0644\u0645\u064a\u0643\u0631\u0648\u0641\u0648\u0646: 3.5 \u0645\u0644\u0644\u064a \u0645\u062a\u0631<br \/>\n\u0636\u0648\u0636\u0627\u0621 \u0627\u0644\u0625\u0634\u0627\u0631\u0629: 78 \u062f\u064a\u0633\u064a\u0628\u0644<br \/>\n\u0637\u0648\u0644 \u0643\u0627\u0628\u0644 XLR: 2.5 \u0645\u062a\u0631 \/ 8.2 \u0642\u062f\u0645<br \/>\n\u0627\u0633\u062a\u062c\u0627\u0628\u0629 \u0627\u0644\u062a\u0631\u062f\u062f: 20 \u0647\u0631\u062a\u0632 -20 \u0643\u064a\u0644\u0648 \u0647\u0631\u062a\u0632<br \/>\n\u0645\u0642\u0627\u0648\u0645\u0629 \u0627\u0644\u062d\u0645\u0644: \u0623\u0643\u0628\u0631 \u0645\u0646 \u0623\u0648 \u062a\u0633\u0627\u0648\u064a 1000 \u0623\u0648\u0645<br \/>\n\u0627\u0644\u062d\u0627\u0644\u064a: 3mA<br \/>\n\u0627\u0644\u062d\u062f \u0627\u0644\u0623\u0642\u0635\u0649 \u0644\u0633\u0645\u0643 \u062a\u0631\u0643\u064a\u0628 \u0645\u0634\u0628\u0643 \u0633\u0637\u062d \u0627\u0644\u0645\u0643\u062a\u0628: 45 \u0645\u0644\u0645 \/ 1.77 \u0628\u0648\u0635\u0629<br \/>\n\u0627\u0644\u062d\u0633\u0627\u0633\u064a\u0629: -38 \u062f\u064a\u0633\u064a\u0628\u0644 \u00b1 2 \u062f\u064a\u0633\u064a\u0628\u0644<br \/>\n\u0645\u0643\u0627\u0641\u0626 \u0627\u0644\u0636\u0648\u0636\u0627\u0621: 16 \u062f\u064a\u0633\u064a\u0628\u0644<br \/>\n\u0648\u0627\u062c\u0647\u0629 \u0625\u062e\u0631\u0627\u062c \u0627\u0644\u0645\u064a\u0643\u0631\u0648\u0641\u0648\u0646: 3.5 \u0645\u0644\u0644\u064a \u0645\u062a\u0631<br \/>\n\u0623\u0642\u0635\u0649 \u0637\u0648\u0644 \u0642\u0648\u0633 \u0646\u0627\u062a\u0626: 350 \u0645\u0644\u0644\u064a \u0645\u062a\u0631 \/ 13.77 \u0628\u0648\u0635\u0629<br \/>\n\u062d\u062c\u0645 \u0627\u0644\u062a\u0639\u0628\u0626\u0629: 420 * 240 * 75 \u0645\u0644\u0645 \/ 16.53 * 16.53 * 2.95 \u00a0\u00bb<br \/>\n\u0648\u0632\u0646 \u0627\u0644\u062a\u0639\u0628\u0626\u0629: 1400 \u062c\u0631\u0627\u0645<br \/>\n\u062a\u0639\u0644\u064a\u0642:<br \/>\n\u064a\u064f\u0631\u062c\u0649 \u0627\u0644\u0633\u0645\u0627\u062d \u0628\u0627\u062e\u062a\u0644\u0627\u0641 1-3 \u0645\u0644\u0644\u064a \u0645\u062a\u0631 \u0628\u0633\u0628\u0628 \u0627\u0644\u0642\u064a\u0627\u0633 \u0627\u0644\u064a\u062f\u0648\u064a.<br \/>\n\u0646\u0638\u0631\u064b\u0627 \u0644\u0627\u062e\u062a\u0644\u0627\u0641 \u0627\u0644\u0639\u0631\u0636 \u0648\u0627\u0644\u0636\u0648\u0621 \u0627\u0644\u0645\u062e\u062a\u0644\u0641 \u060c \u0642\u062f \u0644\u0627 \u062a\u0638\u0647\u0631 \u0627\u0644\u0635\u0648\u0631\u0629 \u0627\u0644\u0644\u0648\u0646 \u0627\u0644\u0641\u0639\u0644\u064a \u0644\u0644\u0639\u0646\u0635\u0631. \u00a0\u0634\u0643\u0631\u0627 \u0639\u0644\u0649 \u062a\u0641\u0647\u0645\u0643\u0645.<br \/>\n\u0627\u0644\u062d\u0632\u0645:<br \/>\n1 X \u0645\u064a\u0643\u0631\u0648\u0641\u0648\u0646<br \/>\n1 \u00d7 \u0634\u0628\u0643\u0629 \u0633\u0648\u062f\u0627\u0621 \u0645\u0636\u0627\u062f\u0629 \u0644\u0644\u0631\u0634<br \/>\n1 \u00d7 \u0628\u0637\u0627\u0642\u0629 \u0635\u0648\u062a USB \u0628\u064a\u0636\u0627\u0621<br \/>\n1 \u00d7 \u0625\u0637\u0627\u0631 \u0635\u062f\u0645\u0629 \u0628\u0644\u0627\u0633\u062a\u064a\u0643\u064a\u0629 \u0633\u0648\u062f\u0627\u0621<br \/>\n1 X \u0627\u0644\u0642\u0637\u0646 \u0627\u0644\u0623\u0633\u0648\u062f \u064a\u0646\u062f\u0628\u0631\u0648\u0641 \u0645\u064a\u0643\u0631\u0648\u0641\u0648\u0646<br \/>\n1 \u00d7 \u0642\u0627\u0639\u062f\u0629 \u0627\u0644\u0645\u0634\u0628\u0643 \u0627\u0644\u062d\u062f\u064a\u062f \u0627\u0644\u0623\u0633\u0648\u062f<br \/>\n1 \u00d7 \u0643\u0627\u0628\u0644 \u0635\u0648\u062a \u0623\u0633\u0648\u062f<br \/>\n1 \u00d7 \u062d\u0627\u0645\u0644 \u0623\u0633\u0648\u062f<br \/>\n1 \u00d7 \u062f\u0644\u064a\u0644 \u0627\u0644\u062a\u0639\u0644\u064a\u0645\u0627\u062a \u0627\u0644\u0625\u0646\u062c\u0644\u064a\u0632\u064a\u0629<br \/>\nContenu de l&#8217;emballage:<br \/>\n1 X microphone en alliage de zinc dor\u00e9 16*4.5cm<br \/>\n1 X filet anti-\u00e9claboussures noir 15.5cm<br \/>\n1 X carte son USB blanche<br \/>\n1 X cadre de choc en plastique noir<br \/>\n1 X microphone noir coupe-vent en coton<br \/>\n1 X clip Noir<br \/>\n1 X socle \u00e0 pince en fer noir<br \/>\n1 X c\u00e2ble audio noir 2.5m<br \/>\n1 X support Noir 38*37cm<br \/>\n1 X manuel d&rsquo;instructions en anglais<\/p>","protected":false},"excerpt":{"rendered":"<p>Couleur: noir, argent, bleu<br \/>\nInterface de sortie du Microphone: 3.5mm<br \/>\nBruit de Signal: 78dB<br \/>\nLongueur du c\u00e2ble XLR: 2.5\u00a0m\u00e8tres\/8.2ft<br \/>\nR\u00e9ponse en fr\u00e9quence: 20Hz-20kHz<br \/>\nImp\u00e9dance de charge: sup\u00e9rieure ou \u00e9gale \u00e0 1000 ohms\u00a0<br \/>\nCourant: 3mA<br \/>\n\u00c9paisseur maximale d&rsquo;installation de l&rsquo;agrafe de bureau: 45mm\/1.77\u00a0\u00bb<br \/>\nSensibilit\u00e9: -38dB \u00b1 2dB<br \/>\nBruit \u00e9quivalent: 16dBA\u00a0<br \/>\nInterface de sortie du Microphone: 3.5mm<br \/>\nLongueur maximale du support en porte-\u00e0-faux: 350mm\/13.77\u00a0\u00bb<br \/>\nTaille d&#8217;emballage: 420*240*75mm\/16.53*16.53*2.95\u00a0\u00bb<br \/>\nPoids d&#8217;emballage: 1400g<\/p>","protected":false},"featured_media":8621,"comment_status":"open","ping_status":"closed","template":"","meta":{"event_title":"","event_details":"","event_timezone":"","event_gmap":"","event_image":"","event_image_url":"","event_calendar_link":"","event_location":"","event_datetime_with_summary":"","event_datetime":"","event_date_type":"","event_rulesummary":"","event_ticket_rsvp":"","_gspb_post_css":""},"product_brand":[],"product_cat":[107,111],"product_tag":[],"class_list":{"0":"post-8622","1":"product","2":"type-product","3":"status-publish","4":"has-post-thumbnail","6":"product_cat-audio","7":"product_cat-microphones","9":"first","10":"instock","11":"sale","12":"shipping-taxable","13":"purchasable","14":"product-type-simple"},"jetpack_sharing_enabled":true,"_links":{"self":[{"href":"https:\/\/espacetechnologie.ma\/ar\/wp-json\/wp\/v2\/product\/8622","targetHints":{"allow":["GET"]}}],"collection":[{"href":"https:\/\/espacetechnologie.ma\/ar\/wp-json\/wp\/v2\/product"}],"about":[{"href":"https:\/\/espacetechnologie.ma\/ar\/wp-json\/wp\/v2\/types\/product"}],"replies":[{"embeddable":true,"href":"https:\/\/espacetechnologie.ma\/ar\/wp-json\/wp\/v2\/comments?post=8622"}],"wp:featuredmedia":[{"embeddable":true,"href":"https:\/\/espacetechnologie.ma\/ar\/wp-json\/wp\/v2\/media\/8621"}],"wp:attachment":[{"href":"https:\/\/espacetechnologie.ma\/ar\/wp-json\/wp\/v2\/media?parent=8622"}],"wp:term":[{"taxonomy":"product_brand","embeddable":true,"href":"https:\/\/espacetechnologie.ma\/ar\/wp-json\/wp\/v2\/product_brand?post=8622"},{"taxonomy":"product_cat","embeddable":true,"href":"https:\/\/espacetechnologie.ma\/ar\/wp-json\/wp\/v2\/product_cat?post=8622"},{"taxonomy":"product_tag","embeddable":true,"href":"https:\/\/espacetechnologie.ma\/ar\/wp-json\/wp\/v2\/product_tag?post=8622"}],"curies":[{"name":"wp","href":"https:\/\/api.w.org\/{rel}","templated":true}]}}