{"id":8620,"date":"2025-07-09T07:55:11","date_gmt":"2025-07-09T06:55:11","guid":{"rendered":"https:\/\/espacetechnologie.ma\/product\/bague-fashion-homme-en-acier-inoxydable-argente-taille-8-9-10-11-12\/"},"modified":"2025-08-02T12:53:53","modified_gmt":"2025-08-02T11:53:53","slug":"bague-fashion-homme-en-acier-inoxydable-argente-taille-8-9-10-11-12","status":"publish","type":"product","link":"https:\/\/espacetechnologie.ma\/ar\/product\/bague-fashion-homme-en-acier-inoxydable-argente-taille-8-9-10-11-12\/","title":{"rendered":"Bague Fashion Homme En Acier Inoxydable Argent\u00e9  taille : 8\/9\/10\/11\/12"},"content":{"rendered":"<p>\u00c9tat: Neuf<br \/>\nGenre: Gar\u00e7on-Homme-Unisexe<br \/>\nMati\u00e8re: Acier Inoxydable<br \/>\nPoids: 0,06 kg<\/p>","protected":false},"excerpt":{"rendered":"<p>\u00c9tat: Neuf Genre: Gar\u00e7on-Homme-Unisexe Mati\u00e8re: Acier Inoxydable Poids: 0,06 kg<\/p>","protected":false},"featured_media":8619,"comment_status":"open","ping_status":"closed","template":"","meta":{"event_title":"","event_details":"","event_timezone":"","event_gmap":"","event_image":"","event_image_url":"","event_calendar_link":"","event_location":"","event_datetime_with_summary":"","event_datetime":"","event_date_type":"","event_rulesummary":"","_gspb_post_css":""},"product_brand":[],"product_cat":[82],"product_tag":[],"class_list":{"0":"post-8620","1":"product","2":"type-product","3":"status-publish","4":"has-post-thumbnail","6":"product_cat-gadgets","8":"first","9":"instock","10":"sale","11":"shipping-taxable","12":"purchasable","13":"product-type-simple"},"jetpack_sharing_enabled":true,"_links":{"self":[{"href":"https:\/\/espacetechnologie.ma\/ar\/wp-json\/wp\/v2\/product\/8620","targetHints":{"allow":["GET"]}}],"collection":[{"href":"https:\/\/espacetechnologie.ma\/ar\/wp-json\/wp\/v2\/product"}],"about":[{"href":"https:\/\/espacetechnologie.ma\/ar\/wp-json\/wp\/v2\/types\/product"}],"replies":[{"embeddable":true,"href":"https:\/\/espacetechnologie.ma\/ar\/wp-json\/wp\/v2\/comments?post=8620"}],"wp:featuredmedia":[{"embeddable":true,"href":"https:\/\/espacetechnologie.ma\/ar\/wp-json\/wp\/v2\/media\/8619"}],"wp:attachment":[{"href":"https:\/\/espacetechnologie.ma\/ar\/wp-json\/wp\/v2\/media?parent=8620"}],"wp:term":[{"taxonomy":"product_brand","embeddable":true,"href":"https:\/\/espacetechnologie.ma\/ar\/wp-json\/wp\/v2\/product_brand?post=8620"},{"taxonomy":"product_cat","embeddable":true,"href":"https:\/\/espacetechnologie.ma\/ar\/wp-json\/wp\/v2\/product_cat?post=8620"},{"taxonomy":"product_tag","embeddable":true,"href":"https:\/\/espacetechnologie.ma\/ar\/wp-json\/wp\/v2\/product_tag?post=8620"}],"curies":[{"name":"wp","href":"https:\/\/api.w.org\/{rel}","templated":true}]}}