{"id":8612,"date":"2025-07-09T07:55:09","date_gmt":"2025-07-09T06:55:09","guid":{"rendered":"https:\/\/espacetechnologie.ma\/product\/microphone-de-cravate-professionnel\/"},"modified":"2025-08-03T07:00:47","modified_gmt":"2025-08-03T06:00:47","slug":"microphone-de-cravate-professionnel","status":"publish","type":"product","link":"https:\/\/espacetechnologie.ma\/ar\/product\/microphone-de-cravate-professionnel\/","title":{"rendered":"Microphone de cravate professionnel"},"content":{"rendered":"<p>Micro \u00e0 clipser pour Smartphones, reflex num\u00e9riques, cam\u00e9scopes, enregistreurs Audio, PC, etc.<br \/>\nSuperbe son pour les pr\u00e9sentations et l&rsquo;enregistrement vid\u00e9o.<br \/>\nMicro \u00e0 condensateur omnidirectionnel.<br \/>\nLe condenseur sup\u00e9rieur est id\u00e9al pour une utilisation vid\u00e9o.<br \/>\nBruits de maniement.<br \/>\nComprend une pince \u00e0 revers, un pare-brise en mousse, un adaptateur de 3.5mm \u00e0 6.3mm.<br \/>\nType d&rsquo;article: Micro<br \/>\n\u00c0 l&rsquo;aide du microphone<br \/>\nPour Smartphone<br \/>\n\u00c9teignez le micro. Faites glisser le bouton marche\/arr\u00eat jusqu&rsquo;\u00e0 OFF\/Smartphone.<br \/>\nLe courant est coup\u00e9.<br \/>\nPour reflex num\u00e9rique, cam\u00e9scopes, enregistreurs Audio, PC ect<br \/>\nAllumez le micro. Faites glisser le marche\/arr\u00eat jusqu&rsquo;\u00e0 ON.<br \/>\nTransducteur: Condensateur \u00c0 \u00c9lectret<br \/>\nMotif polaire: omnidirectionnel<br \/>\nGamme de fr\u00e9quences: 65Hz ~ 18KHz.<br \/>\nSignal\/bruit: 74dB xd.<br \/>\nSensibilit\u00e9: -30dB +\/-3dB \/ 0dB = 1 V\/Pa, 1kHz.<br \/>\nImp\u00e9dance de sortie: 1000 Ohm ou moins<br \/>\nConnecteur: 3.5mm (1\/8<br \/>\nType de pile: LR44 (non inclus)<br \/>\nLongueur du c\u00e2ble: env. 5.7m \/ 18.7ft<br \/>\n1X\u00a0 Micro<br \/>\n1X Revers Clip<br \/>\n1X Bonnette Anti-Vent En Mousse<br \/>\n1X Adaptateur<br \/>\n1X manuel d&rsquo;utilisation (anglais)<br \/>\nLa d\u00e9viation des couleurs peut diff\u00e9rer en raison des diff\u00e9rents param\u00e8tres de l&rsquo;\u00e9cran.<br \/>\nTransducteur: Condensateur \u00c0 \u00c9lectret<br \/>\nMotif polaire: omnidirectionnel<br \/>\nGamme de fr\u00e9quences: 65Hz ~ 18 KHz.<br \/>\nSignal\/bruit: 74dB xd.<br \/>\nSensibilit\u00e9:-30dB +\/-3dB\/0dB = 1 V\/Pa, 1 kHz.<br \/>\nImp\u00e9dance de sortie: 1000 Ohm ou moins<br \/>\nConnecteur: 3.5mm (1\/8<br \/>\nType de pile: LR44<br \/>\nLongueur du c\u00e2ble: env. 5.7 m<br \/>\nTaille de l&#8217;emballage: 13.5*10*3.5 cm<br \/>\nPoids du paquet: 108g<\/p>","protected":false},"excerpt":{"rendered":"<p>Caract\u00e9ristiques:<br \/>\nSp\u00e9cifications:<br \/>\nLe forfait Comprend:<br \/>\nNote:<\/p>","protected":false},"featured_media":8611,"comment_status":"open","ping_status":"closed","template":"","meta":{"event_title":"","event_details":"","event_timezone":"","event_gmap":"","event_image":"","event_image_url":"","event_calendar_link":"","event_location":"","event_datetime_with_summary":"","event_datetime":"","event_date_type":"","event_rulesummary":"","event_ticket_rsvp":"","_gspb_post_css":""},"product_brand":[],"product_cat":[107,111],"product_tag":[],"class_list":{"0":"post-8612","1":"product","2":"type-product","3":"status-publish","4":"has-post-thumbnail","6":"product_cat-audio","7":"product_cat-microphones","9":"first","10":"instock","11":"sale","12":"shipping-taxable","13":"purchasable","14":"product-type-simple"},"jetpack_sharing_enabled":true,"_links":{"self":[{"href":"https:\/\/espacetechnologie.ma\/ar\/wp-json\/wp\/v2\/product\/8612","targetHints":{"allow":["GET"]}}],"collection":[{"href":"https:\/\/espacetechnologie.ma\/ar\/wp-json\/wp\/v2\/product"}],"about":[{"href":"https:\/\/espacetechnologie.ma\/ar\/wp-json\/wp\/v2\/types\/product"}],"replies":[{"embeddable":true,"href":"https:\/\/espacetechnologie.ma\/ar\/wp-json\/wp\/v2\/comments?post=8612"}],"wp:featuredmedia":[{"embeddable":true,"href":"https:\/\/espacetechnologie.ma\/ar\/wp-json\/wp\/v2\/media\/8611"}],"wp:attachment":[{"href":"https:\/\/espacetechnologie.ma\/ar\/wp-json\/wp\/v2\/media?parent=8612"}],"wp:term":[{"taxonomy":"product_brand","embeddable":true,"href":"https:\/\/espacetechnologie.ma\/ar\/wp-json\/wp\/v2\/product_brand?post=8612"},{"taxonomy":"product_cat","embeddable":true,"href":"https:\/\/espacetechnologie.ma\/ar\/wp-json\/wp\/v2\/product_cat?post=8612"},{"taxonomy":"product_tag","embeddable":true,"href":"https:\/\/espacetechnologie.ma\/ar\/wp-json\/wp\/v2\/product_tag?post=8612"}],"curies":[{"name":"wp","href":"https:\/\/api.w.org\/{rel}","templated":true}]}}