{"id":8607,"date":"2025-07-09T07:55:08","date_gmt":"2025-07-09T06:55:08","guid":{"rendered":"https:\/\/espacetechnologie.ma\/product\/%d9%84%d9%88%d8%ad%d8%a9-%d8%b6%d9%88%d8%a1-%d9%83%d8%a7%d9%85%d9%8a%d8%b1%d8%a7-%d8%a7%d9%84%d9%81%d9%8a%d8%af%d9%8a%d9%88-%d8%a7%d9%84%d8%ae%d9%81%d9%8a%d9%81%d8%a9-%d9%85%d8%b9-%d9%85%d8%ad%d9%88\/"},"modified":"2025-08-02T15:43:58","modified_gmt":"2025-08-02T14:43:58","slug":"%d9%84%d9%88%d8%ad%d8%a9-%d8%b6%d9%88%d8%a1-%d9%83%d8%a7%d9%85%d9%8a%d8%b1%d8%a7-%d8%a7%d9%84%d9%81%d9%8a%d8%af%d9%8a%d9%88-%d8%a7%d9%84%d8%ae%d9%81%d9%8a%d9%81%d8%a9-%d9%85%d8%b9-%d9%85%d8%ad%d9%88","status":"publish","type":"product","link":"https:\/\/espacetechnologie.ma\/ar\/product\/%d9%84%d9%88%d8%ad%d8%a9-%d8%b6%d9%88%d8%a1-%d9%83%d8%a7%d9%85%d9%8a%d8%b1%d8%a7-%d8%a7%d9%84%d9%81%d9%8a%d8%af%d9%8a%d9%88-%d8%a7%d9%84%d8%ae%d9%81%d9%8a%d9%81%d8%a9-%d9%85%d8%b9-%d9%85%d8%ad%d9%88\/","title":{"rendered":"\u0644\u0648\u062d\u0629 \u0636\u0648\u0621 \u0643\u0627\u0645\u064a\u0631\u0627 \u0627\u0644\u0641\u064a\u062f\u064a\u0648 \u0627\u0644\u062e\u0641\u064a\u0641\u0629 \u0645\u0639 \u0645\u062d\u0648\u0644 \u0627\u0644\u062a\u0631\u0643\u064a\u0628"},"content":{"rendered":"<p>La lumi\u00e8re vid\u00e9o de 49 LED de LED est une source continue compacte et l\u00e9g\u00e8re pour la prise de macro, le mariage, les nouvelles prises de vue, la prise de vid\u00e9o, etc.<br \/>\nAvec une luminosit\u00e9 de sortie \u00e9lev\u00e9e, une temp\u00e9rature de couleur pr\u00e9cise, il convient \u00e0 une utilisation dans de nombreux environnements diff\u00e9rents pour la prise vid\u00e9o.<br \/>\nFonctionner avec une batterie AA de 2 pi\u00e8ces rend la solution d&rsquo;alimentation simple et \u00e9conomique. En outre, le variateur est utile et aim\u00e9 par les vid\u00e9astes.<br \/>\nSupport Dimmer: fichier unique<br \/>\nMode de commutation: Haut \/ Bas<br \/>\nLa couleur : Rouge<br \/>\nMat\u00e9riau du corps: Aluminium<br \/>\nSource de lumi\u00e8re: ampoules LED<br \/>\nLongueur focale: non r\u00e9glable<br \/>\nChargeur: rechargeable<\/p>","protected":false},"excerpt":{"rendered":"<p>Caract\u00e9ristiques du produit:<br \/>\n1. 49 ampoule LED \u00e9quilibr\u00e9s de lumi\u00e8re du jour s\u00e9lectionn\u00e9s offrent une belle luminosit\u00e9. Faible consommation d&rsquo;\u00e9nergie, rendement \u00e9lev\u00e9 et temp\u00e9rature de couleur correcte.<br \/>\n2. Fonctionne avec 2 pi\u00e8ces piles AA. La puissance est facile et pratique.<br \/>\n3. Conception Unique, compacte et l\u00e9g\u00e8re.<br \/>\n4. Il peut \u00eatre int\u00e9gr\u00e9 avec plusieurs lumi\u00e8res ensemble pour fournir encore plus de luminosit\u00e9.<br \/>\n5. Pas \u00e0 pas dimmable, il peut r\u00e9duire la puissance lumineuse s&rsquo;appliquant \u00e0 diff\u00e9rentes conditions de prise de vue.<br \/>\n6. La conception de circuit \u00e0 courant Constant fournit un rendement lumineux stable, r\u00e9duit les d\u00e9fauts \u00e9lectroniques et prolonge la dur\u00e9e de vie.<br \/>\nMod\u00e8le: W49<br \/>\nSource d&rsquo;alimentation: DC 3 V, batterie AA(Non inclus)<br \/>\nPuissance: 5.5 W<br \/>\nTemp\u00e9rature de couleur: 6000 K<br \/>\nLED d&rsquo;angle: 60 \u00b0<br \/>\n\u00c9clairage (LM): env. 800Lm<br \/>\nContr\u00f4le De La luminosit\u00e9: Gradateur<br \/>\nTemps de travail maximum:> 1.5 heures<br \/>\nPoids: 65g<br \/>\nDimension: 80mm * 6mm7*32mm<br \/>\nCanon Nikon Sony Pentax Olympus appareil photo num\u00e9rique cam\u00e9scope DV(Avec chaussure chaude standard)<br \/>\nW49 LED \u00c9clairage Vid\u00e9o x 1<br \/>\nManuel de l&rsquo;utilisateur x 1 (avec emballage d&rsquo;origine)<br \/>\nSans batterie<\/p>","protected":false},"featured_media":8606,"comment_status":"open","ping_status":"closed","template":"","meta":{"event_title":"","event_details":"","event_timezone":"","event_gmap":"","event_image":"","event_image_url":"","event_calendar_link":"","event_location":"","event_datetime_with_summary":"","event_datetime":"","event_date_type":"","event_rulesummary":"","event_ticket_rsvp":"","_gspb_post_css":""},"product_brand":[],"product_cat":[119,117,116],"product_tag":[],"class_list":{"0":"post-8607","1":"product","2":"type-product","3":"status-publish","4":"has-post-thumbnail","6":"product_cat-accessoires-studio","7":"product_cat-eclairage-et-ring-lights","8":"product_cat-studio","10":"first","11":"instock","12":"sale","13":"shipping-taxable","14":"purchasable","15":"product-type-simple"},"jetpack_sharing_enabled":true,"_links":{"self":[{"href":"https:\/\/espacetechnologie.ma\/ar\/wp-json\/wp\/v2\/product\/8607","targetHints":{"allow":["GET"]}}],"collection":[{"href":"https:\/\/espacetechnologie.ma\/ar\/wp-json\/wp\/v2\/product"}],"about":[{"href":"https:\/\/espacetechnologie.ma\/ar\/wp-json\/wp\/v2\/types\/product"}],"replies":[{"embeddable":true,"href":"https:\/\/espacetechnologie.ma\/ar\/wp-json\/wp\/v2\/comments?post=8607"}],"wp:featuredmedia":[{"embeddable":true,"href":"https:\/\/espacetechnologie.ma\/ar\/wp-json\/wp\/v2\/media\/8606"}],"wp:attachment":[{"href":"https:\/\/espacetechnologie.ma\/ar\/wp-json\/wp\/v2\/media?parent=8607"}],"wp:term":[{"taxonomy":"product_brand","embeddable":true,"href":"https:\/\/espacetechnologie.ma\/ar\/wp-json\/wp\/v2\/product_brand?post=8607"},{"taxonomy":"product_cat","embeddable":true,"href":"https:\/\/espacetechnologie.ma\/ar\/wp-json\/wp\/v2\/product_cat?post=8607"},{"taxonomy":"product_tag","embeddable":true,"href":"https:\/\/espacetechnologie.ma\/ar\/wp-json\/wp\/v2\/product_tag?post=8607"}],"curies":[{"name":"wp","href":"https:\/\/api.w.org\/{rel}","templated":true}]}}