{"id":8586,"date":"2025-07-09T07:55:03","date_gmt":"2025-07-09T06:55:03","guid":{"rendered":"https:\/\/espacetechnologie.ma\/product\/ecouteur-gamer-avec-microphones\/"},"modified":"2025-08-02T14:55:28","modified_gmt":"2025-08-02T13:55:28","slug":"ecouteur-gamer-avec-microphones","status":"publish","type":"product","link":"https:\/\/espacetechnologie.ma\/ar\/product\/ecouteur-gamer-avec-microphones\/","title":{"rendered":"\u00e9couteur Gamer avec microphones"},"content":{"rendered":"<p>\u00c9couteurs de jeu filaires-parfaits pour les joueurs vid\u00e9o.<br \/>\nCaract\u00e9ristiques: -Convient pour travailler, courir, faire du jogging, etc.<br \/>\n-\u00c9couteurs de mode pour adultes, adolescents et enfants.<br \/>\n&#8212; Il peut totalement r\u00e9pondre aux exigences des joueurs pendant leur jeu.<br \/>\nSp\u00e9cification: Nom du produit: casque de jeu avec c\u00e2ble Mat\u00e9riau: ABS + TPE<br \/>\nCouleur: rouge, argent<br \/>\nGamme de r\u00e9ponse en fr\u00e9quence: 20Hz-20KHz UN<br \/>\nMod\u00e8les pplicables: appareils mobiles avec trous audio de 3.5mm<br \/>\nLongueur de ligne: 120cm<br \/>\nEmballage Inclus 1x \u00e9couteurs Filaires 1x Micro 1x Adaptateur 4x \u00c9couteur couvre<br \/>\nPromesse Si le produit a des probl\u00e8mes de qualit\u00e9, n&rsquo;h\u00e9sitez pas \u00e0 nous contacter, nous vous aiderons \u00e0 r\u00e9soudre le probl\u00e8me le plus rapidement possible.<br \/>\n\u2022Couleur: rouge, argent<br \/>\nGamme de r\u00e9ponse en<br \/>\n\u2022fr\u00e9quence: 20Hz-20KHz UN<br \/>\n\u2022Mod\u00e8les pplicables: \u2022appareils mobiles avec trous \u00a0 audio de 3.5mm<br \/>\n\u2022Longueur de ligne: 120cm<\/p>","protected":false},"excerpt":{"rendered":"<p>\u00c9couteurs de jeu filaires-parfaits pour les joueurs vid\u00e9o. Caract\u00e9ristiques: -Convient pour travailler, courir, faire du jogging, etc. -\u00c9couteurs de mode pour adultes, adolescents et enfants. &#8212; Il peut totalement r\u00e9pondre aux exigences des joueurs pendant leur jeu. Sp\u00e9cification: Nom du produit: casque de jeu avec c\u00e2ble Mat\u00e9riau: ABS + TPE Couleur: rouge, argent Gamme de [&hellip;]<\/p>\n","protected":false},"featured_media":8585,"comment_status":"open","ping_status":"closed","template":"","meta":{"event_title":"","event_details":"","event_timezone":"","event_gmap":"","event_image":"","event_image_url":"","event_calendar_link":"","event_location":"","event_datetime_with_summary":"","event_datetime":"","event_date_type":"","event_rulesummary":"","event_ticket_rsvp":"","_gspb_post_css":""},"product_brand":[],"product_cat":[107,108,129],"product_tag":[],"class_list":{"0":"post-8586","1":"product","2":"type-product","3":"status-publish","4":"has-post-thumbnail","6":"product_cat-audio","7":"product_cat-ecouteurs-filaires","8":"product_cat-gaming","10":"first","11":"instock","12":"sale","13":"shipping-taxable","14":"purchasable","15":"product-type-simple"},"jetpack_sharing_enabled":true,"_links":{"self":[{"href":"https:\/\/espacetechnologie.ma\/ar\/wp-json\/wp\/v2\/product\/8586","targetHints":{"allow":["GET"]}}],"collection":[{"href":"https:\/\/espacetechnologie.ma\/ar\/wp-json\/wp\/v2\/product"}],"about":[{"href":"https:\/\/espacetechnologie.ma\/ar\/wp-json\/wp\/v2\/types\/product"}],"replies":[{"embeddable":true,"href":"https:\/\/espacetechnologie.ma\/ar\/wp-json\/wp\/v2\/comments?post=8586"}],"wp:featuredmedia":[{"embeddable":true,"href":"https:\/\/espacetechnologie.ma\/ar\/wp-json\/wp\/v2\/media\/8585"}],"wp:attachment":[{"href":"https:\/\/espacetechnologie.ma\/ar\/wp-json\/wp\/v2\/media?parent=8586"}],"wp:term":[{"taxonomy":"product_brand","embeddable":true,"href":"https:\/\/espacetechnologie.ma\/ar\/wp-json\/wp\/v2\/product_brand?post=8586"},{"taxonomy":"product_cat","embeddable":true,"href":"https:\/\/espacetechnologie.ma\/ar\/wp-json\/wp\/v2\/product_cat?post=8586"},{"taxonomy":"product_tag","embeddable":true,"href":"https:\/\/espacetechnologie.ma\/ar\/wp-json\/wp\/v2\/product_tag?post=8586"}],"curies":[{"name":"wp","href":"https:\/\/api.w.org\/{rel}","templated":true}]}}