{"id":8583,"date":"2025-07-09T07:55:03","date_gmt":"2025-07-09T06:55:03","guid":{"rendered":"https:\/\/espacetechnologie.ma\/product\/support-de-telephone-portable-pour-voiture-avec-protection-pneumatique-contre-les-chocs-support-de-telephone-a-event-a-verrouillage-automatique-pour-iphone-xs-xr-x-8-plus-samsung-galaxy-note\/"},"modified":"2025-08-03T07:06:19","modified_gmt":"2025-08-03T06:06:19","slug":"support-de-telephone-portable-pour-voiture-avec-protection-pneumatique-contre-les-chocs-support-de-telephone-a-event-a-verrouillage-automatique-pour-iphone-xs-xr-x-8-plus-samsung-galaxy-note","status":"publish","type":"product","link":"https:\/\/espacetechnologie.ma\/ar\/product\/support-de-telephone-portable-pour-voiture-avec-protection-pneumatique-contre-les-chocs-support-de-telephone-a-event-a-verrouillage-automatique-pour-iphone-xs-xr-x-8-plus-samsung-galaxy-note\/","title":{"rendered":"Support de t\u00e9l\u00e9phone portable pour voiture, avec protection pneumatique contre les chocs, support de t\u00e9l\u00e9phone \u00e0 \u00e9vent \u00e0 verrouillage automatique pour Iphone Xs \/ Xr \/ X \/ 8 Plus, Samsung Galaxy Note s10, s9, Note 9, Note 8, s8 (Noir)"},"content":{"rendered":"","protected":false},"excerpt":{"rendered":"","protected":false},"featured_media":8582,"comment_status":"open","ping_status":"closed","template":"","meta":{"event_title":"","event_details":"","event_timezone":"","event_gmap":"","event_image":"","event_image_url":"","event_calendar_link":"","event_location":"","event_datetime_with_summary":"","event_datetime":"","event_date_type":"","event_rulesummary":"","event_ticket_rsvp":"","_gspb_post_css":""},"product_brand":[],"product_cat":[114,90,84,113],"product_tag":[],"class_list":{"0":"post-8583","1":"product","2":"type-product","3":"status-publish","4":"has-post-thumbnail","6":"product_cat-accessoires-voiture","7":"product_cat-autres-accessoires-smartphone","8":"product_cat-smartphone","9":"product_cat-voiture-moto","11":"first","12":"instock","13":"sale","14":"shipping-taxable","15":"purchasable","16":"product-type-simple"},"jetpack_sharing_enabled":true,"_links":{"self":[{"href":"https:\/\/espacetechnologie.ma\/ar\/wp-json\/wp\/v2\/product\/8583","targetHints":{"allow":["GET"]}}],"collection":[{"href":"https:\/\/espacetechnologie.ma\/ar\/wp-json\/wp\/v2\/product"}],"about":[{"href":"https:\/\/espacetechnologie.ma\/ar\/wp-json\/wp\/v2\/types\/product"}],"replies":[{"embeddable":true,"href":"https:\/\/espacetechnologie.ma\/ar\/wp-json\/wp\/v2\/comments?post=8583"}],"wp:featuredmedia":[{"embeddable":true,"href":"https:\/\/espacetechnologie.ma\/ar\/wp-json\/wp\/v2\/media\/8582"}],"wp:attachment":[{"href":"https:\/\/espacetechnologie.ma\/ar\/wp-json\/wp\/v2\/media?parent=8583"}],"wp:term":[{"taxonomy":"product_brand","embeddable":true,"href":"https:\/\/espacetechnologie.ma\/ar\/wp-json\/wp\/v2\/product_brand?post=8583"},{"taxonomy":"product_cat","embeddable":true,"href":"https:\/\/espacetechnologie.ma\/ar\/wp-json\/wp\/v2\/product_cat?post=8583"},{"taxonomy":"product_tag","embeddable":true,"href":"https:\/\/espacetechnologie.ma\/ar\/wp-json\/wp\/v2\/product_tag?post=8583"}],"curies":[{"name":"wp","href":"https:\/\/api.w.org\/{rel}","templated":true}]}}