{"id":8575,"date":"2025-07-09T07:55:01","date_gmt":"2025-07-09T06:55:01","guid":{"rendered":"https:\/\/espacetechnologie.ma\/product\/bouton-de-volant-rotatif-a-360-et-support-de-telephone-a-ventouse\/"},"modified":"2025-08-03T07:01:23","modified_gmt":"2025-08-03T06:01:23","slug":"bouton-de-volant-rotatif-a-360-et-support-de-telephone-a-ventouse","status":"publish","type":"product","link":"https:\/\/espacetechnologie.ma\/ar\/product\/bouton-de-volant-rotatif-a-360-et-support-de-telephone-a-ventouse\/","title":{"rendered":"Bouton de volant rotatif \u00e0 360 \u00b0 et support de t\u00e9l\u00e9phone \u00e0 ventouse,"},"content":{"rendered":"<p>Sp\u00e9cifications:<br \/>\nNom du produit: rehausseur de volant<br \/>\nCouleur: noir<br \/>\nPoids Total: environ 76g<br \/>\nTaille: environ 7.5*5.5cm<br \/>\nMat\u00e9riau: Silicone<br \/>\nCaract\u00e9ristiques<br \/>\nLa boule de puissance du volant peut r\u00e9duire le rayon de rotation et aider les d\u00e9butants et les conducteurs f\u00e9minins \u00e0 conduire en toute s\u00e9curit\u00e9 et de mani\u00e8re pratique lorsqu&rsquo;ils tournent.<br \/>\nLa poign\u00e9e \u00e9lectrique mont\u00e9e sur roulement permet aux conducteurs de tourner doucement lorsqu&rsquo;ils conduisent lentement et garent les voitures.<br \/>\nLa conception d&rsquo;apparence \u00e9l\u00e9gante am\u00e9liore la mode de votre voiture. Construction Durable pour des ann\u00e9es d&rsquo;utilisation sans probl\u00e8me.<br \/>\nCompatible avec la plupart des principaux v\u00e9hicules, personnalisez votre voiture avec cette boule de renforcement de voiture.<br \/>\nAm\u00e9liorer la commodit\u00e9 et la s\u00e9curit\u00e9 pour la conduite.<br \/>\nRemarque:<br \/>\nSi le couvercle du volant est install\u00e9, montez la poign\u00e9e d&rsquo;alimentation apr\u00e8s avoir enlev\u00e9 le couvercle du volant et installez \u00e0 nouveau le couvercle dessus.<br \/>\nEmballage:<br \/>\n1 * bouton de Spinner de volant<br \/>\n1 * bouton de Spinner de volant<br \/>\n1 *\u00a0support de t\u00e9l\u00e9phone \u00e0 ventouse,<\/p>","protected":false},"excerpt":{"rendered":"<p>Sp\u00e9cifications: Nom du produit: rehausseur de volant Couleur: noir Poids Total: environ 76g Taille: environ 7.5*5.5cm Mat\u00e9riau: Silicone Caract\u00e9ristiques La boule de puissance du volant peut r\u00e9duire le rayon de rotation et aider les d\u00e9butants et les conducteurs f\u00e9minins \u00e0 conduire en toute s\u00e9curit\u00e9 et de mani\u00e8re pratique lorsqu&rsquo;ils tournent. La poign\u00e9e \u00e9lectrique mont\u00e9e sur [&hellip;]<\/p>\n","protected":false},"featured_media":8574,"comment_status":"open","ping_status":"closed","template":"","meta":{"event_title":"","event_details":"","event_timezone":"","event_gmap":"","event_image":"","event_image_url":"","event_calendar_link":"","event_location":"","event_datetime_with_summary":"","event_datetime":"","event_date_type":"","event_rulesummary":"","event_ticket_rsvp":"","_gspb_post_css":""},"product_brand":[],"product_cat":[114,90,84,113],"product_tag":[],"class_list":{"0":"post-8575","1":"product","2":"type-product","3":"status-publish","4":"has-post-thumbnail","6":"product_cat-accessoires-voiture","7":"product_cat-autres-accessoires-smartphone","8":"product_cat-smartphone","9":"product_cat-voiture-moto","11":"first","12":"instock","13":"sale","14":"shipping-taxable","15":"purchasable","16":"product-type-simple"},"jetpack_sharing_enabled":true,"_links":{"self":[{"href":"https:\/\/espacetechnologie.ma\/ar\/wp-json\/wp\/v2\/product\/8575","targetHints":{"allow":["GET"]}}],"collection":[{"href":"https:\/\/espacetechnologie.ma\/ar\/wp-json\/wp\/v2\/product"}],"about":[{"href":"https:\/\/espacetechnologie.ma\/ar\/wp-json\/wp\/v2\/types\/product"}],"replies":[{"embeddable":true,"href":"https:\/\/espacetechnologie.ma\/ar\/wp-json\/wp\/v2\/comments?post=8575"}],"wp:featuredmedia":[{"embeddable":true,"href":"https:\/\/espacetechnologie.ma\/ar\/wp-json\/wp\/v2\/media\/8574"}],"wp:attachment":[{"href":"https:\/\/espacetechnologie.ma\/ar\/wp-json\/wp\/v2\/media?parent=8575"}],"wp:term":[{"taxonomy":"product_brand","embeddable":true,"href":"https:\/\/espacetechnologie.ma\/ar\/wp-json\/wp\/v2\/product_brand?post=8575"},{"taxonomy":"product_cat","embeddable":true,"href":"https:\/\/espacetechnologie.ma\/ar\/wp-json\/wp\/v2\/product_cat?post=8575"},{"taxonomy":"product_tag","embeddable":true,"href":"https:\/\/espacetechnologie.ma\/ar\/wp-json\/wp\/v2\/product_tag?post=8575"}],"curies":[{"name":"wp","href":"https:\/\/api.w.org\/{rel}","templated":true}]}}