{"id":8566,"date":"2025-07-09T07:54:59","date_gmt":"2025-07-09T06:54:59","guid":{"rendered":"https:\/\/espacetechnologie.ma\/product\/%d8%ad%d8%a7%d9%85%d9%84-%d8%a7%d9%84%d9%87%d8%a7%d8%aa%d9%81-%d8%a3%d9%88%d8%a7%d9%84%d9%83%d9%85%d8%a8%d9%8a%d9%88%d8%aa%d8%b1%d8%a7%d9%84%d9%84%d9%88%d8%ad%d9%8a-%d9%84%d9%84%d9%85%d9%82%d8%b9\/"},"modified":"2025-08-02T16:17:41","modified_gmt":"2025-08-02T15:17:41","slug":"%d8%ad%d8%a7%d9%85%d9%84-%d8%a7%d9%84%d9%87%d8%a7%d8%aa%d9%81-%d8%a3%d9%88%d8%a7%d9%84%d9%83%d9%85%d8%a8%d9%8a%d9%88%d8%aa%d8%b1%d8%a7%d9%84%d9%84%d9%88%d8%ad%d9%8a-%d9%84%d9%84%d9%85%d9%82%d8%b9","status":"publish","type":"product","link":"https:\/\/espacetechnologie.ma\/ar\/product\/%d8%ad%d8%a7%d9%85%d9%84-%d8%a7%d9%84%d9%87%d8%a7%d8%aa%d9%81-%d8%a3%d9%88%d8%a7%d9%84%d9%83%d9%85%d8%a8%d9%8a%d9%88%d8%aa%d8%b1%d8%a7%d9%84%d9%84%d9%88%d8%ad%d9%8a-%d9%84%d9%84%d9%85%d9%82%d8%b9\/","title":{"rendered":"\u062d\u0627\u0645\u0644 \u0627\u0644\u0647\u0627\u062a\u0641 \u0623\u0648\u0627\u0644\u0643\u0645\u0628\u064a\u0648\u062a\u0631\u0627\u0644\u0644\u0648\u062d\u064a \u0644\u0644\u0645\u0642\u0639\u062f \u0627\u0644\u062e\u0644\u0641\u064a \u0644\u0644\u0633\u064a\u0627\u0631\u0629"},"content":{"rendered":"<p>universel 4-11 \u00a0\u00bbtablette support voiture pour iPad 2 3 4 Mini Air 1 2 3 4 Pro support de si\u00e8ge arri\u00e8re support tablette accessoires dans la voiture<br \/>\nCaract\u00e9ristiques:<\/p>\n<p>Taille r\u00e9glable pour s&rsquo;adapter aux tablettes, montez vos tablettes de 4 \u00e0 11 pouces \u00e0 l&rsquo;arri\u00e8re de l&rsquo;appui-t\u00eate de votre voiture.<\/p>\n<p>Pas d&rsquo;outils sp\u00e9ciaux pour l&rsquo;installation, se fixe facilement aux poteaux d&rsquo;appui-t\u00eate, monte l&rsquo;appui-t\u00eate en quelques secondes<br \/>\nSe fixe solidement \u00e0 l&rsquo;appui-t\u00eate, votre tablette tient fermement contre l&rsquo;appui-t\u00eate, la prot\u00e9geant des secousses excessives et des vibrations dues aux routes cahoteuses.<br \/>\nCe support de si\u00e8ge arri\u00e8re de voiture peut \u00e9galement \u00eatre utilis\u00e9 comme un divertissement de si\u00e8ge arri\u00e8re instantan\u00e9 pour un compagnon parfait pour la famille pendant les longs trajets en voiture.<\/p>\n<p>Caract\u00e9ristiques:<br \/>\nMat\u00e9riau: ABS + m\u00e9tal<br \/>\nCouleur: noir\/rouge<br \/>\nPoids: 145g<\/p>\n<p>L&#8217;emballage comprend:<br \/>\nSupport pour voiture tablette 1 *<\/p>","protected":false},"excerpt":{"rendered":"<p>Mat\u00e9riau: ABS + m\u00e9tal<br \/>\nCouleur: noir<br \/>\nPoids: 145g<br \/>\nApplication: Applicable aux 4 \u00e0 11 Pouces<br \/>\nCaract\u00e9ristique: rotation \u00e0 360 \u00b0<br \/>\nFixation: \u00a0fixer facilement les barres de m\u00e9tal\u00a0dans l&rsquo;appui-t\u00eate de voiture<\/p>","protected":false},"featured_media":8565,"comment_status":"open","ping_status":"closed","template":"","meta":{"event_title":"","event_details":"","event_timezone":"","event_gmap":"","event_image":"","event_image_url":"","event_calendar_link":"","event_location":"","event_datetime_with_summary":"","event_datetime":"","event_date_type":"","event_rulesummary":"","_gspb_post_css":""},"product_brand":[],"product_cat":[114,113],"product_tag":[],"class_list":{"0":"post-8566","1":"product","2":"type-product","3":"status-publish","4":"has-post-thumbnail","6":"product_cat-accessoires-voiture","7":"product_cat-voiture-moto","9":"first","10":"instock","11":"sale","12":"shipping-taxable","13":"purchasable","14":"product-type-simple"},"jetpack_sharing_enabled":true,"_links":{"self":[{"href":"https:\/\/espacetechnologie.ma\/ar\/wp-json\/wp\/v2\/product\/8566","targetHints":{"allow":["GET"]}}],"collection":[{"href":"https:\/\/espacetechnologie.ma\/ar\/wp-json\/wp\/v2\/product"}],"about":[{"href":"https:\/\/espacetechnologie.ma\/ar\/wp-json\/wp\/v2\/types\/product"}],"replies":[{"embeddable":true,"href":"https:\/\/espacetechnologie.ma\/ar\/wp-json\/wp\/v2\/comments?post=8566"}],"wp:featuredmedia":[{"embeddable":true,"href":"https:\/\/espacetechnologie.ma\/ar\/wp-json\/wp\/v2\/media\/8565"}],"wp:attachment":[{"href":"https:\/\/espacetechnologie.ma\/ar\/wp-json\/wp\/v2\/media?parent=8566"}],"wp:term":[{"taxonomy":"product_brand","embeddable":true,"href":"https:\/\/espacetechnologie.ma\/ar\/wp-json\/wp\/v2\/product_brand?post=8566"},{"taxonomy":"product_cat","embeddable":true,"href":"https:\/\/espacetechnologie.ma\/ar\/wp-json\/wp\/v2\/product_cat?post=8566"},{"taxonomy":"product_tag","embeddable":true,"href":"https:\/\/espacetechnologie.ma\/ar\/wp-json\/wp\/v2\/product_tag?post=8566"}],"curies":[{"name":"wp","href":"https:\/\/api.w.org\/{rel}","templated":true}]}}