{"id":8540,"date":"2025-07-09T07:54:54","date_gmt":"2025-07-09T06:54:54","guid":{"rendered":"https:\/\/espacetechnologie.ma\/product\/support-de-microphone-de-bureau-pliable-et-reglable\/"},"modified":"2025-08-03T07:34:51","modified_gmt":"2025-08-03T06:34:51","slug":"support-de-microphone-de-bureau-pliable-et-reglable","status":"publish","type":"product","link":"https:\/\/espacetechnologie.ma\/ar\/product\/support-de-microphone-de-bureau-pliable-et-reglable\/","title":{"rendered":"Support de Microphone de bureau pliable et r\u00e9glable"},"content":{"rendered":"<p>Couleur: Noir<br \/>\nMod\u00e8le: 023<br \/>\nMat\u00e9riau: plastique + m\u00e9tal<br \/>\nCaract\u00e9ristique:<br \/>\n-Selon le site, diff\u00e9rentes exigences peuvent \u00eatre ajust\u00e9es pour diff\u00e9rents angles.<br \/>\n-Le support est en m\u00e9tal \u00e0 trois pattes et n&rsquo;est pas facile \u00e0 vider, gardant le flux de nos activit\u00e9s fluide.<br \/>\n-Une vari\u00e9t\u00e9 d&rsquo;accessoires, facile \u00e0 transporter, facile \u00e0 assembler, angle de rotation flexible, libre \u00e0 assembler.<br \/>\n-Mat\u00e9riaux s\u00e9lectionn\u00e9s, s\u00fbrs et durables.<br \/>\n-Bouton fixe pour une durabilit\u00e9 solide.<br \/>\n-Belle apparence et facile \u00e0 transporter.<br \/>\n1 x Pied De Micro<br \/>\nMat\u00e9riau: ABS + m\u00e9tal<br \/>\nCouleur: noir<br \/>\nType: A-1<br \/>\nTaille: 18 cm<br \/>\nQuantit\u00e9: 1<\/p>","protected":false},"excerpt":{"rendered":"<p>Couleur: Noir<br \/>\nMod\u00e8le: 023<br \/>\nMat\u00e9riau: plastique + m\u00e9tal<br \/>\nCaract\u00e9ristique:<br \/>\n-Selon le site, diff\u00e9rentes exigences peuvent \u00eatre ajust\u00e9es pour diff\u00e9rents angles.<br \/>\n-Le support est en m\u00e9tal \u00e0 trois pattes et n&rsquo;est pas facile \u00e0 vider, gardant le flux de nos activit\u00e9s fluide.<br \/>\n-Une vari\u00e9t\u00e9 d&rsquo;accessoires, facile \u00e0 transporter, facile \u00e0 assembler, angle de rotation flexible, libre \u00e0 assembler.<br \/>\n-Mat\u00e9riaux s\u00e9lectionn\u00e9s, s\u00fbrs et durables.<br \/>\n-Bouton fixe pour une durabilit\u00e9 solide.<br \/>\n-Belle apparence et facile \u00e0 transporter.<br \/>\n1 x Pied De Micro<\/p>","protected":false},"featured_media":8539,"comment_status":"open","ping_status":"closed","template":"","meta":{"event_title":"","event_details":"","event_timezone":"","event_gmap":"","event_image":"","event_image_url":"","event_calendar_link":"","event_location":"","event_datetime_with_summary":"","event_datetime":"","event_date_type":"","event_rulesummary":"","event_ticket_rsvp":"","_gspb_post_css":""},"product_brand":[],"product_cat":[107,82,111],"product_tag":[],"class_list":{"0":"post-8540","1":"product","2":"type-product","3":"status-publish","4":"has-post-thumbnail","6":"product_cat-audio","7":"product_cat-gadgets","8":"product_cat-microphones","10":"first","11":"instock","12":"sale","13":"shipping-taxable","14":"purchasable","15":"product-type-simple"},"jetpack_sharing_enabled":true,"_links":{"self":[{"href":"https:\/\/espacetechnologie.ma\/ar\/wp-json\/wp\/v2\/product\/8540","targetHints":{"allow":["GET"]}}],"collection":[{"href":"https:\/\/espacetechnologie.ma\/ar\/wp-json\/wp\/v2\/product"}],"about":[{"href":"https:\/\/espacetechnologie.ma\/ar\/wp-json\/wp\/v2\/types\/product"}],"replies":[{"embeddable":true,"href":"https:\/\/espacetechnologie.ma\/ar\/wp-json\/wp\/v2\/comments?post=8540"}],"wp:featuredmedia":[{"embeddable":true,"href":"https:\/\/espacetechnologie.ma\/ar\/wp-json\/wp\/v2\/media\/8539"}],"wp:attachment":[{"href":"https:\/\/espacetechnologie.ma\/ar\/wp-json\/wp\/v2\/media?parent=8540"}],"wp:term":[{"taxonomy":"product_brand","embeddable":true,"href":"https:\/\/espacetechnologie.ma\/ar\/wp-json\/wp\/v2\/product_brand?post=8540"},{"taxonomy":"product_cat","embeddable":true,"href":"https:\/\/espacetechnologie.ma\/ar\/wp-json\/wp\/v2\/product_cat?post=8540"},{"taxonomy":"product_tag","embeddable":true,"href":"https:\/\/espacetechnologie.ma\/ar\/wp-json\/wp\/v2\/product_tag?post=8540"}],"curies":[{"name":"wp","href":"https:\/\/api.w.org\/{rel}","templated":true}]}}