{"id":8536,"date":"2025-07-09T07:54:53","date_gmt":"2025-07-09T06:54:53","guid":{"rendered":"https:\/\/espacetechnologie.ma\/product\/lampe-de-poche-tactique-professionnelle-a-led-lumiere-haute-luminosite-x900\/"},"modified":"2025-08-02T12:53:48","modified_gmt":"2025-08-02T11:53:48","slug":"lampe-de-poche-tactique-professionnelle-a-led-lumiere-haute-luminosite-x900","status":"publish","type":"product","link":"https:\/\/espacetechnologie.ma\/ar\/product\/lampe-de-poche-tactique-professionnelle-a-led-lumiere-haute-luminosite-x900\/","title":{"rendered":"Lampe de poche tactique professionnelle \u00e0 Led, lumi\u00e8re haute luminosit\u00e9 X900"},"content":{"rendered":"<p>Fabriqu\u00e9 en aluminium de classe a l\u00e9ger et compact.<br \/>\nFaisceau r\u00e9glable focus zoomable 1-2000x.<br \/>\nCouleur de la lumi\u00e8re: blanc<br \/>\nAutonomie de la batterie: 3 heures<br \/>\nCharge \u00e0 vie: 3 heures<br \/>\nStroboscopique SOS.<br \/>\nLed tactique.<br \/>\nLampe d&rsquo;une dur\u00e9e de 100,000 heures.<br \/>\nFaisceau lumineux 800 lumens.<br \/>\nFaisceau r\u00e9glable t\u00e9lescope.<br \/>\nMesure le produit: (A * L * L) 3,5&#215;3,5x14cm<br \/>\nPoids: 156g.<\/p>","protected":false},"excerpt":{"rendered":"<p>Fabriqu\u00e9 en aluminium de classe a l\u00e9ger et compact. Faisceau r\u00e9glable focus zoomable 1-2000x. Couleur de la lumi\u00e8re: blanc Autonomie de la batterie: 3 heures Charge \u00e0 vie: 3 heures Stroboscopique SOS. Led tactique. Lampe d&rsquo;une dur\u00e9e de 100,000 heures. Faisceau lumineux 800 lumens. Faisceau r\u00e9glable t\u00e9lescope. Mesure le produit: (A * L * L) [&hellip;]<\/p>\n","protected":false},"featured_media":8535,"comment_status":"open","ping_status":"closed","template":"","meta":{"event_title":"","event_details":"","event_timezone":"","event_gmap":"","event_image":"","event_image_url":"","event_calendar_link":"","event_location":"","event_datetime_with_summary":"","event_datetime":"","event_date_type":"","event_rulesummary":"","event_ticket_rsvp":"","_gspb_post_css":""},"product_brand":[],"product_cat":[82],"product_tag":[],"class_list":{"0":"post-8536","1":"product","2":"type-product","3":"status-publish","4":"has-post-thumbnail","6":"product_cat-gadgets","8":"first","9":"instock","10":"sale","11":"shipping-taxable","12":"purchasable","13":"product-type-simple"},"jetpack_sharing_enabled":true,"_links":{"self":[{"href":"https:\/\/espacetechnologie.ma\/ar\/wp-json\/wp\/v2\/product\/8536","targetHints":{"allow":["GET"]}}],"collection":[{"href":"https:\/\/espacetechnologie.ma\/ar\/wp-json\/wp\/v2\/product"}],"about":[{"href":"https:\/\/espacetechnologie.ma\/ar\/wp-json\/wp\/v2\/types\/product"}],"replies":[{"embeddable":true,"href":"https:\/\/espacetechnologie.ma\/ar\/wp-json\/wp\/v2\/comments?post=8536"}],"wp:featuredmedia":[{"embeddable":true,"href":"https:\/\/espacetechnologie.ma\/ar\/wp-json\/wp\/v2\/media\/8535"}],"wp:attachment":[{"href":"https:\/\/espacetechnologie.ma\/ar\/wp-json\/wp\/v2\/media?parent=8536"}],"wp:term":[{"taxonomy":"product_brand","embeddable":true,"href":"https:\/\/espacetechnologie.ma\/ar\/wp-json\/wp\/v2\/product_brand?post=8536"},{"taxonomy":"product_cat","embeddable":true,"href":"https:\/\/espacetechnologie.ma\/ar\/wp-json\/wp\/v2\/product_cat?post=8536"},{"taxonomy":"product_tag","embeddable":true,"href":"https:\/\/espacetechnologie.ma\/ar\/wp-json\/wp\/v2\/product_tag?post=8536"}],"curies":[{"name":"wp","href":"https:\/\/api.w.org\/{rel}","templated":true}]}}