{"id":8531,"date":"2025-07-09T07:54:52","date_gmt":"2025-07-09T06:54:52","guid":{"rendered":"https:\/\/espacetechnologie.ma\/product\/pubg-w11x-joystick-multifonctionnel-supports-pour-telephones-portables\/"},"modified":"2025-08-03T07:06:37","modified_gmt":"2025-08-03T06:06:37","slug":"pubg-w11x-joystick-multifonctionnel-supports-pour-telephones-portables","status":"publish","type":"product","link":"https:\/\/espacetechnologie.ma\/ar\/product\/pubg-w11x-joystick-multifonctionnel-supports-pour-telephones-portables\/","title":{"rendered":"PUBG &#8211; W11X   joystick Multifonctionnel Supports pour t\u00e9l\u00e9phones portables"},"content":{"rendered":"<p>L\u00e9ger et portable.<br \/>\nCon\u00e7u pour les jeux sur smartphone: Pour PUBG \/ R\u00e8gles de survie \/ Couteau<br \/>\nTout neuf et de haute qualit\u00e9.<br \/>\nConvient \u00e0 la plupart des t\u00e9l\u00e9phones portables. 4.7-6.44INCH<br \/>\nLa conception ergonomique vous permet de bien sentir quand vous jouez.<br \/>\nEmballage inclus<\/p>","protected":false},"excerpt":{"rendered":"<p>L\u00e9ger et portable. Con\u00e7u pour les jeux sur smartphone: Pour PUBG \/ R\u00e8gles de survie \/ Couteau Tout neuf et de haute qualit\u00e9. Convient \u00e0 la plupart des t\u00e9l\u00e9phones portables. 4.7-6.44INCH La conception ergonomique vous permet de bien sentir quand vous jouez. Emballage inclus<\/p>","protected":false},"featured_media":8530,"comment_status":"open","ping_status":"closed","template":"","meta":{"event_title":"","event_details":"","event_timezone":"","event_gmap":"","event_image":"","event_image_url":"","event_calendar_link":"","event_location":"","event_datetime_with_summary":"","event_datetime":"","event_date_type":"","event_rulesummary":"","event_ticket_rsvp":"","_gspb_post_css":""},"product_brand":[],"product_cat":[90,129,84],"product_tag":[],"class_list":{"0":"post-8531","1":"product","2":"type-product","3":"status-publish","4":"has-post-thumbnail","6":"product_cat-autres-accessoires-smartphone","7":"product_cat-gaming","8":"product_cat-smartphone","10":"first","11":"instock","12":"sale","13":"shipping-taxable","14":"purchasable","15":"product-type-simple"},"jetpack_sharing_enabled":true,"_links":{"self":[{"href":"https:\/\/espacetechnologie.ma\/ar\/wp-json\/wp\/v2\/product\/8531","targetHints":{"allow":["GET"]}}],"collection":[{"href":"https:\/\/espacetechnologie.ma\/ar\/wp-json\/wp\/v2\/product"}],"about":[{"href":"https:\/\/espacetechnologie.ma\/ar\/wp-json\/wp\/v2\/types\/product"}],"replies":[{"embeddable":true,"href":"https:\/\/espacetechnologie.ma\/ar\/wp-json\/wp\/v2\/comments?post=8531"}],"wp:featuredmedia":[{"embeddable":true,"href":"https:\/\/espacetechnologie.ma\/ar\/wp-json\/wp\/v2\/media\/8530"}],"wp:attachment":[{"href":"https:\/\/espacetechnologie.ma\/ar\/wp-json\/wp\/v2\/media?parent=8531"}],"wp:term":[{"taxonomy":"product_brand","embeddable":true,"href":"https:\/\/espacetechnologie.ma\/ar\/wp-json\/wp\/v2\/product_brand?post=8531"},{"taxonomy":"product_cat","embeddable":true,"href":"https:\/\/espacetechnologie.ma\/ar\/wp-json\/wp\/v2\/product_cat?post=8531"},{"taxonomy":"product_tag","embeddable":true,"href":"https:\/\/espacetechnologie.ma\/ar\/wp-json\/wp\/v2\/product_tag?post=8531"}],"curies":[{"name":"wp","href":"https:\/\/api.w.org\/{rel}","templated":true}]}}